{"id":216,"date":"2021-05-03T06:08:52","date_gmt":"2021-05-03T06:08:52","guid":{"rendered":"https:\/\/tirinha.com\/?page_id=216"},"modified":"2022-06-23T20:30:34","modified_gmt":"2022-06-23T20:30:34","slug":"dieu-khoan-su-dung","status":"publish","type":"page","link":"https:\/\/tirinha.com\/vi\/termos-de-uso\/","title":{"rendered":"\u0110i\u1ec1u kho\u1ea3n s\u1eed d\u1ee5ng"},"content":{"rendered":"<h2>1. \u0110i\u1ec1u kho\u1ea3n<\/h2>\n<p>Khi truy c\u1eadp v\u00e0o trang web <a href=\"https:\/\/tirinha.com\/vi\/\">https:\/\/tirinha.com\/<\/a>, b\u1ea1n \u0111\u1ed3ng \u00fd tu\u00e2n th\u1ee7 c\u00e1c \u0111i\u1ec1u kho\u1ea3n d\u1ecbch v\u1ee5 n\u00e0y, t\u1ea5t c\u1ea3 lu\u1eadt v\u00e0 quy \u0111\u1ecbnh hi\u1ec7n h\u00e0nh v\u00e0 \u0111\u1ed3ng \u00fd r\u1eb1ng b\u1ea1n c\u00f3 tr\u00e1ch nhi\u1ec7m tu\u00e2n th\u1ee7 t\u1ea5t c\u1ea3 lu\u1eadt \u0111\u1ecba ph\u01b0\u01a1ng hi\u1ec7n h\u00e0nh. N\u1ebfu b\u1ea1n kh\u00f4ng \u0111\u1ed3ng \u00fd v\u1edbi b\u1ea5t k\u1ef3 \u0111i\u1ec1u kho\u1ea3n n\u00e0o \u1edf \u0111\u00e2y, b\u1ea1n b\u1ecb c\u1ea5m s\u1eed d\u1ee5ng ho\u1eb7c truy c\u1eadp trang web n\u00e0y. C\u00e1c t\u00e0i li\u1ec7u c\u00f3 trong trang web n\u00e0y \u0111\u01b0\u1ee3c b\u1ea3o v\u1ec7 b\u1edfi lu\u1eadt b\u1ea3n quy\u1ec1n v\u00e0 lu\u1eadt nh\u00e3n hi\u1ec7u hi\u1ec7n h\u00e0nh.<\/p>\n<h2>2. S\u1eed d\u1ee5ng Gi\u1ea5y ph\u00e9p<\/h2>\n<p>B\u1ea1n \u0111\u01b0\u1ee3c ph\u00e9p t\u1ea3i xu\u1ed1ng t\u1ea1m th\u1eddi m\u1ed9t b\u1ea3n sao t\u00e0i li\u1ec7u (th\u00f4ng tin ho\u1eb7c ph\u1ea7n m\u1ec1m) tr\u00ean trang web https:\/\/tirinha.com\/ ch\u1ec9 \u0111\u1ec3 xem t\u1ea1m th\u1eddi cho m\u1ee5c \u0111\u00edch c\u00e1 nh\u00e2n, phi th\u01b0\u01a1ng m\u1ea1i. \u0110\u00e2y l\u00e0 vi\u1ec7c c\u1ea5p gi\u1ea5y ph\u00e9p, kh\u00f4ng ph\u1ea3i l\u00e0 chuy\u1ec3n nh\u01b0\u1ee3ng quy\u1ec1n s\u1edf h\u1eefu v\u00e0 theo gi\u1ea5y ph\u00e9p n\u00e0y, b\u1ea1n kh\u00f4ng \u0111\u01b0\u1ee3c:<\/p>\n<ol>\n<li>s\u1eeda \u0111\u1ed5i ho\u1eb7c sao ch\u00e9p c\u00e1c t\u00e0i li\u1ec7u;<\/li>\n<li>s\u1eed d\u1ee5ng t\u00e0i li\u1ec7u cho b\u1ea5t k\u1ef3 m\u1ee5c \u0111\u00edch th\u01b0\u01a1ng m\u1ea1i n\u00e0o ho\u1eb7c cho b\u1ea5t k\u1ef3 m\u1ee5c \u0111\u00edch tr\u01b0ng b\u00e0y c\u00f4ng c\u1ed9ng n\u00e0o (th\u01b0\u01a1ng m\u1ea1i ho\u1eb7c phi th\u01b0\u01a1ng m\u1ea1i);<\/li>\n<li>c\u1ed1 g\u1eafng d\u1ecbch ng\u01b0\u1ee3c ho\u1eb7c thi\u1ebft k\u1ebf ng\u01b0\u1ee3c b\u1ea5t k\u1ef3 ph\u1ea7n m\u1ec1m n\u00e0o c\u00f3 tr\u00ean trang web https:\/\/tirinha.com\/;<\/li>\n<li>x\u00f3a b\u1ecf b\u1ea5t k\u1ef3 b\u1ea3n quy\u1ec1n ho\u1eb7c ghi ch\u00fa \u0111\u1ed9c quy\u1ec1n n\u00e0o kh\u1ecfi t\u00e0i li\u1ec7u; ho\u1eb7c<\/li>\n<li>chuy\u1ec3n t\u00e0i li\u1ec7u cho ng\u01b0\u1eddi kh\u00e1c ho\u1eb7c &#039;sao ch\u00e9p&#039; t\u00e0i li\u1ec7u tr\u00ean b\u1ea5t k\u1ef3 m\u00e1y ch\u1ee7 n\u00e0o kh\u00e1c.<\/li>\n<\/ol>\n<p>Gi\u1ea5y ph\u00e9p n\u00e0y s\u1ebd t\u1ef1 \u0111\u1ed9ng ch\u1ea5m d\u1ee9t n\u1ebfu b\u1ea1n vi ph\u1ea1m b\u1ea5t k\u1ef3 h\u1ea1n ch\u1ebf n\u00e0o trong s\u1ed1 n\u00e0y v\u00e0 c\u00f3 th\u1ec3 b\u1ecb ch\u1ea5m d\u1ee9t b\u1edfi https:\/\/tirinha.com\/ b\u1ea5t k\u1ef3 l\u00fac n\u00e0o. Khi ch\u1ea5m d\u1ee9t vi\u1ec7c xem c\u00e1c t\u00e0i li\u1ec7u n\u00e0y ho\u1eb7c khi ch\u1ea5m d\u1ee9t gi\u1ea5y ph\u00e9p n\u00e0y, b\u1ea1n ph\u1ea3i h\u1ee7y m\u1ecdi t\u00e0i li\u1ec7u \u0111\u00e3 t\u1ea3i xu\u1ed1ng m\u00e0 b\u1ea1n s\u1edf h\u1eefu, d\u00f9 \u1edf d\u1ea1ng \u0111i\u1ec7n t\u1eed hay d\u1ea1ng in.<\/p>\n<h2>3. Tuy\u00ean b\u1ed1 mi\u1ec5n tr\u1eeb tr\u00e1ch nhi\u1ec7m<\/h2>\n<ol>\n<li>C\u00e1c t\u00e0i li\u1ec7u tr\u00ean trang web https:\/\/tirinha.com\/ \u0111\u01b0\u1ee3c cung c\u1ea5p &#039;nguy\u00ean tr\u1ea1ng&#039;. https:\/\/tirinha.com\/ kh\u00f4ng \u0111\u01b0a ra b\u1ea5t k\u1ef3 b\u1ea3o \u0111\u1ea3m n\u00e0o, d\u00f9 l\u00e0 r\u00f5 r\u00e0ng hay ng\u1ee5 \u00fd, v\u00e0 t\u1eeb ch\u1ed1i v\u00e0 ph\u1ee7 nh\u1eadn m\u1ecdi b\u1ea3o \u0111\u1ea3m kh\u00e1c, bao g\u1ed3m nh\u01b0ng kh\u00f4ng gi\u1edbi h\u1ea1n \u1edf b\u1ea3o \u0111\u1ea3m ho\u1eb7c \u0111i\u1ec1u ki\u1ec7n ng\u1ee5 \u00fd v\u1ec1 kh\u1ea3 n\u0103ng b\u00e1n \u0111\u01b0\u1ee3c, t\u00ednh ph\u00f9 h\u1ee3p cho m\u1ed9t m\u1ee5c \u0111\u00edch c\u1ee5 th\u1ec3 ho\u1eb7c kh\u00f4ng vi ph\u1ea1m quy\u1ec1n s\u1edf h\u1eefu tr\u00ed tu\u1ec7 ho\u1eb7c vi ph\u1ea1m quy\u1ec1n kh\u00e1c.<\/li>\n<li>H\u01a1n n\u1eefa, https:\/\/tirinha.com\/ kh\u00f4ng b\u1ea3o \u0111\u1ea3m ho\u1eb7c \u0111\u01b0a ra b\u1ea5t k\u1ef3 tuy\u00ean b\u1ed1 n\u00e0o li\u00ean quan \u0111\u1ebfn t\u00ednh ch\u00ednh x\u00e1c, k\u1ebft qu\u1ea3 c\u00f3 th\u1ec3 x\u1ea3y ra ho\u1eb7c \u0111\u1ed9 tin c\u1eady c\u1ee7a vi\u1ec7c s\u1eed d\u1ee5ng c\u00e1c t\u00e0i li\u1ec7u tr\u00ean trang web c\u1ee7a m\u00ecnh ho\u1eb7c li\u00ean quan \u0111\u1ebfn c\u00e1c t\u00e0i li\u1ec7u \u0111\u00f3 ho\u1eb7c tr\u00ean b\u1ea5t k\u1ef3 trang web n\u00e0o c\u00f3 li\u00ean k\u1ebft \u0111\u1ebfn trang web n\u00e0y.<\/li>\n<\/ol>\n<h2>4. H\u1ea1n ch\u1ebf<\/h2>\n<p>Trong m\u1ecdi tr\u01b0\u1eddng h\u1ee3p, https:\/\/tirinha.com\/ ho\u1eb7c c\u00e1c nh\u00e0 cung c\u1ea5p c\u1ee7a https:\/\/tirinha.com\/ s\u1ebd kh\u00f4ng ch\u1ecbu tr\u00e1ch nhi\u1ec7m v\u1ec1 b\u1ea5t k\u1ef3 thi\u1ec7t h\u1ea1i n\u00e0o (bao g\u1ed3m nh\u01b0ng kh\u00f4ng gi\u1edbi h\u1ea1n \u1edf thi\u1ec7t h\u1ea1i do m\u1ea5t d\u1eef li\u1ec7u ho\u1eb7c l\u1ee3i nhu\u1eadn, ho\u1eb7c do gi\u00e1n \u0111o\u1ea1n kinh doanh) ph\u00e1t sinh t\u1eeb vi\u1ec7c s\u1eed d\u1ee5ng ho\u1eb7c kh\u00f4ng s\u1eed d\u1ee5ng c\u00e1c t\u00e0i li\u1ec7u tr\u00ean https:\/\/tirinha.com\/, ngay c\u1ea3 khi https:\/\/tirinha.com\/ ho\u1eb7c \u0111\u1ea1i di\u1ec7n \u0111\u01b0\u1ee3c \u1ee7y quy\u1ec1n c\u1ee7a https:\/\/tirinha.com\/ \u0111\u00e3 \u0111\u01b0\u1ee3c th\u00f4ng b\u00e1o b\u1eb1ng mi\u1ec7ng ho\u1eb7c b\u1eb1ng v\u0103n b\u1ea3n v\u1ec1 kh\u1ea3 n\u0103ng x\u1ea3y ra thi\u1ec7t h\u1ea1i \u0111\u00f3. V\u00ec m\u1ed9t s\u1ed1 khu v\u1ef1c ph\u00e1p l\u00fd kh\u00f4ng cho ph\u00e9p gi\u1edbi h\u1ea1n b\u1ea3o h\u00e0nh ng\u1ee5 \u00fd ho\u1eb7c gi\u1edbi h\u1ea1n tr\u00e1ch nhi\u1ec7m \u0111\u1ed1i v\u1edbi thi\u1ec7t h\u1ea1i do h\u1eadu qu\u1ea3 ho\u1eb7c ng\u1eabu nhi\u00ean, n\u00ean nh\u1eefng gi\u1edbi h\u1ea1n n\u00e0y c\u00f3 th\u1ec3 kh\u00f4ng \u00e1p d\u1ee5ng cho b\u1ea1n.<\/p>\n<h2>5. \u0110\u1ed9 ch\u00ednh x\u00e1c c\u1ee7a v\u1eadt li\u1ec7u<\/h2>\n<p>C\u00e1c t\u00e0i li\u1ec7u hi\u1ec3n th\u1ecb tr\u00ean trang web https:\/\/tirinha.com\/ c\u00f3 th\u1ec3 bao g\u1ed3m c\u00e1c l\u1ed7i k\u1ef9 thu\u1eadt, l\u1ed7i \u0111\u00e1nh m\u00e1y ho\u1eb7c l\u1ed7i \u1ea3nh. https:\/\/tirinha.com\/ kh\u00f4ng \u0111\u1ea3m b\u1ea3o r\u1eb1ng b\u1ea5t k\u1ef3 t\u00e0i li\u1ec7u n\u00e0o tr\u00ean trang web c\u1ee7a m\u00ecnh l\u00e0 ch\u00ednh x\u00e1c, \u0111\u1ea7y \u0111\u1ee7 ho\u1eb7c hi\u1ec7n h\u00e0nh. https:\/\/tirinha.com\/ c\u00f3 th\u1ec3 thay \u0111\u1ed5i c\u00e1c t\u00e0i li\u1ec7u c\u00f3 tr\u00ean trang web c\u1ee7a m\u00ecnh b\u1ea5t k\u1ef3 l\u00fac n\u00e0o m\u00e0 kh\u00f4ng c\u1ea7n th\u00f4ng b\u00e1o tr\u01b0\u1edbc. Tuy nhi\u00ean, https:\/\/tirinha.com\/ kh\u00f4ng cam k\u1ebft c\u1eadp nh\u1eadt c\u00e1c t\u00e0i li\u1ec7u.<\/p>\n<h2>6. Li\u00ean k\u1ebft<\/h2>\n<p>https:\/\/tirinha.com\/ ch\u01b0a xem x\u00e9t t\u1ea5t c\u1ea3 c\u00e1c trang web \u0111\u01b0\u1ee3c li\u00ean k\u1ebft \u0111\u1ebfn trang web c\u1ee7a m\u00ecnh v\u00e0 kh\u00f4ng ch\u1ecbu tr\u00e1ch nhi\u1ec7m v\u1ec1 n\u1ed9i dung c\u1ee7a b\u1ea5t k\u1ef3 trang web \u0111\u01b0\u1ee3c li\u00ean k\u1ebft n\u00e0o. Vi\u1ec7c \u0111\u01b0a v\u00e0o b\u1ea5t k\u1ef3 li\u00ean k\u1ebft n\u00e0o kh\u00f4ng c\u00f3 ngh\u0129a l\u00e0 https:\/\/tirinha.com\/ x\u00e1c nh\u1eadn trang web \u0111\u00f3. Vi\u1ec7c s\u1eed d\u1ee5ng b\u1ea5t k\u1ef3 trang web li\u00ean k\u1ebft n\u00e0o \u0111\u1ec1u do ng\u01b0\u1eddi d\u00f9ng t\u1ef1 ch\u1ecbu r\u1ee7i ro.<\/p>\n<h3>S\u1eeda \u0111\u1ed5i<\/h3>\n<p>https:\/\/tirinha.com\/ c\u00f3 th\u1ec3 s\u1eeda \u0111\u1ed5i c\u00e1c \u0111i\u1ec1u kho\u1ea3n d\u1ecbch v\u1ee5 c\u1ee7a trang web n\u00e0y b\u1ea5t k\u1ef3 l\u00fac n\u00e0o m\u00e0 kh\u00f4ng c\u1ea7n th\u00f4ng b\u00e1o. Khi s\u1eed d\u1ee5ng trang web n\u00e0y, b\u1ea1n \u0111\u1ed3ng \u00fd ch\u1ecbu r\u00e0ng bu\u1ed9c b\u1edfi phi\u00ean b\u1ea3n hi\u1ec7n h\u00e0nh c\u1ee7a c\u00e1c \u0111i\u1ec1u kho\u1ea3n d\u1ecbch v\u1ee5 n\u00e0y.<\/p>\n<h3>Lu\u1eadt \u00e1p d\u1ee5ng<\/h3>\n<p>C\u00e1c \u0111i\u1ec1u kho\u1ea3n v\u00e0 \u0111i\u1ec1u ki\u1ec7n n\u00e0y \u0111\u01b0\u1ee3c qu\u1ea3n l\u00fd v\u00e0 di\u1ec5n gi\u1ea3i theo lu\u1eadt ph\u00e1p c\u1ee7a https:\/\/tirinha.com\/ v\u00e0 b\u1ea1n \u0111\u1ed3ng \u00fd tu\u00e2n theo quy\u1ec1n t\u00e0i ph\u00e1n \u0111\u1ed9c quy\u1ec1n c\u1ee7a t\u00f2a \u00e1n t\u1ea1i ti\u1ec3u bang ho\u1eb7c \u0111\u1ecba \u0111i\u1ec3m \u0111\u00f3.<\/p>","protected":false},"excerpt":{"rendered":"<p>1. \u0110i\u1ec1u kho\u1ea3n Khi truy c\u1eadp v\u00e0o trang web https:\/\/tirinha.com\/, b\u1ea1n \u0111\u1ed3ng \u00fd tu\u00e2n th\u1ee7 c\u00e1c \u0111i\u1ec1u kho\u1ea3n d\u1ecbch v\u1ee5 n\u00e0y, t\u1ea5t c\u1ea3 lu\u1eadt v\u00e0 quy \u0111\u1ecbnh hi\u1ec7n h\u00e0nh\u2026 <\/p>","protected":false},"author":1,"featured_media":0,"parent":0,"menu_order":0,"comment_status":"closed","ping_status":"closed","template":"","meta":{"footnotes":""},"class_list":["post-216","page","type-page","status-publish","hentry","latest_post"],"yoast_head":"<!-- This site is optimized with the Yoast SEO plugin v27.3 - https:\/\/yoast.com\/product\/yoast-seo-wordpress\/ -->\n<title>Termos de uso - Tirinha.com<\/title>\n<meta name=\"robots\" content=\"index, follow, max-snippet:-1, max-image-preview:large, max-video-preview:-1\" \/>\n<link rel=\"canonical\" href=\"https:\/\/tirinha.com\/vi\/dieu-khoan-su-dung\/\" \/>\n<meta property=\"og:locale\" content=\"vi_VN\" \/>\n<meta property=\"og:type\" content=\"article\" \/>\n<meta property=\"og:title\" content=\"Termos de uso - Tirinha.com\" \/>\n<meta property=\"og:description\" content=\"1. Termos Ao acessar ao site https:\/\/tirinha.com\/, concorda em cumprir estes termos de servi\u00e7o, todas as leis e regulamentos aplic\u00e1veis &hellip;\" \/>\n<meta property=\"og:url\" content=\"https:\/\/tirinha.com\/vi\/dieu-khoan-su-dung\/\" \/>\n<meta property=\"og:site_name\" content=\"Tirinha.com\" \/>\n<meta property=\"article:modified_time\" content=\"2022-06-23T20:30:34+00:00\" \/>\n<meta name=\"twitter:card\" content=\"summary_large_image\" \/>\n<meta name=\"twitter:label1\" content=\"\u01af\u1edbc t\u00ednh th\u1eddi gian \u0111\u1ecdc\" \/>\n\t<meta name=\"twitter:data1\" content=\"4 ph\u00fat\" \/>\n<script type=\"application\/ld+json\" class=\"yoast-schema-graph\">{\"@context\":\"https:\\\/\\\/schema.org\",\"@graph\":[{\"@type\":\"WebPage\",\"@id\":\"https:\\\/\\\/tirinha.com\\\/termos-de-uso\\\/\",\"url\":\"https:\\\/\\\/tirinha.com\\\/termos-de-uso\\\/\",\"name\":\"Termos de uso - Tirinha.com\",\"isPartOf\":{\"@id\":\"https:\\\/\\\/tirinha.com\\\/#website\"},\"datePublished\":\"2021-05-03T06:08:52+00:00\",\"dateModified\":\"2022-06-23T20:30:34+00:00\",\"breadcrumb\":{\"@id\":\"https:\\\/\\\/tirinha.com\\\/termos-de-uso\\\/#breadcrumb\"},\"inLanguage\":\"vi\",\"potentialAction\":[{\"@type\":\"ReadAction\",\"target\":[\"https:\\\/\\\/tirinha.com\\\/termos-de-uso\\\/\"]}]},{\"@type\":\"BreadcrumbList\",\"@id\":\"https:\\\/\\\/tirinha.com\\\/termos-de-uso\\\/#breadcrumb\",\"itemListElement\":[{\"@type\":\"ListItem\",\"position\":1,\"name\":\"Home\",\"item\":\"https:\\\/\\\/tirinha.com\\\/\"},{\"@type\":\"ListItem\",\"position\":2,\"name\":\"Termos de uso\"}]},{\"@type\":\"WebSite\",\"@id\":\"https:\\\/\\\/tirinha.com\\\/#website\",\"url\":\"https:\\\/\\\/tirinha.com\\\/\",\"name\":\"Tirinha.com\",\"description\":\"Arte e livros resenhas\",\"publisher\":{\"@id\":\"https:\\\/\\\/tirinha.com\\\/#organization\"},\"potentialAction\":[{\"@type\":\"SearchAction\",\"target\":{\"@type\":\"EntryPoint\",\"urlTemplate\":\"https:\\\/\\\/tirinha.com\\\/?s={search_term_string}\"},\"query-input\":{\"@type\":\"PropertyValueSpecification\",\"valueRequired\":true,\"valueName\":\"search_term_string\"}}],\"inLanguage\":\"vi\"},{\"@type\":\"Organization\",\"@id\":\"https:\\\/\\\/tirinha.com\\\/#organization\",\"name\":\"Tirinha.com\",\"url\":\"https:\\\/\\\/tirinha.com\\\/\",\"logo\":{\"@type\":\"ImageObject\",\"inLanguage\":\"vi\",\"@id\":\"https:\\\/\\\/tirinha.com\\\/#\\\/schema\\\/logo\\\/image\\\/\",\"url\":\"https:\\\/\\\/tirinha.com\\\/wp-content\\\/uploads\\\/2023\\\/08\\\/cropped-Logo-Tirinha.webp\",\"contentUrl\":\"https:\\\/\\\/tirinha.com\\\/wp-content\\\/uploads\\\/2023\\\/08\\\/cropped-Logo-Tirinha.webp\",\"width\":512,\"height\":512,\"caption\":\"Tirinha.com\"},\"image\":{\"@id\":\"https:\\\/\\\/tirinha.com\\\/#\\\/schema\\\/logo\\\/image\\\/\"}}]}<\/script>\n<!-- \/ Yoast SEO plugin. -->","yoast_head_json":{"title":"\u0110i\u1ec1u kho\u1ea3n s\u1eed d\u1ee5ng - Tirinha.com","robots":{"index":"index","follow":"follow","max-snippet":"max-snippet:-1","max-image-preview":"max-image-preview:large","max-video-preview":"max-video-preview:-1"},"canonical":"https:\/\/tirinha.com\/vi\/dieu-khoan-su-dung\/","og_locale":"vi_VN","og_type":"article","og_title":"Termos de uso - Tirinha.com","og_description":"1. Termos Ao acessar ao site https:\/\/tirinha.com\/, concorda em cumprir estes termos de servi\u00e7o, todas as leis e regulamentos aplic\u00e1veis &hellip;","og_url":"https:\/\/tirinha.com\/vi\/dieu-khoan-su-dung\/","og_site_name":"Tirinha.com","article_modified_time":"2022-06-23T20:30:34+00:00","twitter_card":"summary_large_image","twitter_misc":{"\u01af\u1edbc t\u00ednh th\u1eddi gian \u0111\u1ecdc":"4 ph\u00fat"},"schema":{"@context":"https:\/\/schema.org","@graph":[{"@type":"WebPage","@id":"https:\/\/tirinha.com\/termos-de-uso\/","url":"https:\/\/tirinha.com\/termos-de-uso\/","name":"\u0110i\u1ec1u kho\u1ea3n s\u1eed d\u1ee5ng - Tirinha.com","isPartOf":{"@id":"https:\/\/tirinha.com\/#website"},"datePublished":"2021-05-03T06:08:52+00:00","dateModified":"2022-06-23T20:30:34+00:00","breadcrumb":{"@id":"https:\/\/tirinha.com\/termos-de-uso\/#breadcrumb"},"inLanguage":"vi","potentialAction":[{"@type":"ReadAction","target":["https:\/\/tirinha.com\/termos-de-uso\/"]}]},{"@type":"BreadcrumbList","@id":"https:\/\/tirinha.com\/termos-de-uso\/#breadcrumb","itemListElement":[{"@type":"ListItem","position":1,"name":"Home","item":"https:\/\/tirinha.com\/"},{"@type":"ListItem","position":2,"name":"Termos de uso"}]},{"@type":"WebSite","@id":"https:\/\/tirinha.com\/#website","url":"https:\/\/tirinha.com\/","name":"Truy\u1ec7n tranh.com","description":"\u0110\u00e1nh gi\u00e1 ngh\u1ec7 thu\u1eadt v\u00e0 s\u00e1ch","publisher":{"@id":"https:\/\/tirinha.com\/#organization"},"potentialAction":[{"@type":"SearchAction","target":{"@type":"EntryPoint","urlTemplate":"https:\/\/tirinha.com\/?s={search_term_string}"},"query-input":{"@type":"PropertyValueSpecification","valueRequired":true,"valueName":"search_term_string"}}],"inLanguage":"vi"},{"@type":"Organization","@id":"https:\/\/tirinha.com\/#organization","name":"Truy\u1ec7n tranh.com","url":"https:\/\/tirinha.com\/","logo":{"@type":"ImageObject","inLanguage":"vi","@id":"https:\/\/tirinha.com\/#\/schema\/logo\/image\/","url":"https:\/\/tirinha.com\/wp-content\/uploads\/2023\/08\/cropped-Logo-Tirinha.webp","contentUrl":"https:\/\/tirinha.com\/wp-content\/uploads\/2023\/08\/cropped-Logo-Tirinha.webp","width":512,"height":512,"caption":"Tirinha.com"},"image":{"@id":"https:\/\/tirinha.com\/#\/schema\/logo\/image\/"}}]}},"_links":{"self":[{"href":"https:\/\/tirinha.com\/vi\/wp-json\/wp\/v2\/pages\/216","targetHints":{"allow":["GET"]}}],"collection":[{"href":"https:\/\/tirinha.com\/vi\/wp-json\/wp\/v2\/pages"}],"about":[{"href":"https:\/\/tirinha.com\/vi\/wp-json\/wp\/v2\/types\/page"}],"author":[{"embeddable":true,"href":"https:\/\/tirinha.com\/vi\/wp-json\/wp\/v2\/users\/1"}],"replies":[{"embeddable":true,"href":"https:\/\/tirinha.com\/vi\/wp-json\/wp\/v2\/comments?post=216"}],"version-history":[{"count":0,"href":"https:\/\/tirinha.com\/vi\/wp-json\/wp\/v2\/pages\/216\/revisions"}],"wp:attachment":[{"href":"https:\/\/tirinha.com\/vi\/wp-json\/wp\/v2\/media?parent=216"}],"curies":[{"name":"wp","href":"https:\/\/api.w.org\/{rel}","templated":true}]}}