{"id":1948,"date":"2026-01-03T01:09:31","date_gmt":"2026-01-03T01:09:31","guid":{"rendered":"https:\/\/tirinha.com\/?page_id=1948"},"modified":"2026-01-03T01:20:57","modified_gmt":"2026-01-03T01:20:57","slug":"chon-gia-tri-ban-mong-muon-ben-duoi","status":"publish","type":"page","link":"https:\/\/tirinha.com\/vi\/choose-your-desired-value-below\/","title":{"rendered":"Ch\u1ecdn gi\u00e1 tr\u1ecb b\u1ea1n mong mu\u1ed1n b\u00ean d\u01b0\u1edbi."},"content":{"rendered":"<style>\n  .quiz-container {\n    max-width: 500px;\n    margin: 40px auto;\n    font-family: Arial, sans-serif;\n    text-align: center;\n  }\n\n  .quiz-box {\n    background: #fff;\n    padding: 30px;\n    border-radius: 10px;\n    box-shadow: 0 0 10px rgba(0,0,0,0.1);\n  }\n\n  .quiz-title {\n    font-size: 18px;\n    font-weight: bold;\n    margin-bottom: 25px;\n  }\n\n  .quiz-btn {\n    display: block;\n    width: 100%;\n    background-color: #007bdb;\n    color: #fff;\n    border: none;\n    padding: 15px;\n    border-radius: 6px;\n    font-size: 16px;\n    margin: 10px 0;\n    cursor: pointer;\n    transition: background 0.3s ease;\n  }\n\n  .quiz-btn:hover {\n    background-color: #005fa3;\n  }\n\n  .quiz-instruction {\n    margin-bottom: 20px;\n    color: #555;\n    font-size: 16px;\n  }\n\n  .quiz-step {\n    display: none;\n  }\n\n  .quiz-step.active {\n    display: block;\n  }\n\n  .spinner {\n    border: 4px solid #f3f3f3;\n    border-top: 4px solid #007bdb;\n    border-radius: 50%;\n    width: 40px;\n    height: 40px;\n    margin: 20px auto;\n    animation: spin 1s linear infinite;\n  }\n\n  @keyframes spin {\n    0% { transform: rotate(0deg); }\n    100% { transform: rotate(360deg); }\n  }\n<\/style>\n\n<div class=\"quiz-container\">\n  <div class=\"quiz-instruction\">\n    H\u00e3y tr\u1ea3 l\u1eddi c\u00e1c c\u00e2u h\u1ecfi \u0111\u1ec3 xem c\u00e1c gi\u00e1 tr\u1ecb m\u00e0 b\u1ea1n c\u00f3 th\u1ec3 nh\u1eadn \u0111\u01b0\u1ee3c.\n  <\/div>\n\n  <!-- Step 1 -->\n  <div class=\"quiz-step active\" id=\"step1\">\n    <div class=\"quiz-box\">\n      <div class=\"quiz-title\">B\u1ea1n c\u1ea7n bao nhi\u00eau?<\/div>\n      <button class=\"quiz-btn\" onclick=\"nextStep('5000 - 8000')\">$5,000 \u2013 $8,000<\/button>\n      <button class=\"quiz-btn\" onclick=\"nextStep('10000 - 12000')\">$10,000 \u2013 $12,000<\/button>\n      <button class=\"quiz-btn\" onclick=\"nextStep('15000 - 18000')\">$15,000 \u2013 $18,000<\/button>\n      <button class=\"quiz-btn\" onclick=\"nextStep('Above 20000')\">Tr\u00ean $20,000<\/button>\n    <\/div>\n  <\/div>\n\n  <!-- Step 2 -->\n  <div class=\"quiz-step\" id=\"step2\">\n    <div class=\"quiz-box\">\n      <div class=\"quiz-title\">B\u1ea1n hi\u1ec7n \u0111ang c\u00f3 vi\u1ec7c l\u00e0m kh\u00f4ng?<\/div>\n      <button class=\"quiz-btn\" onclick=\"nextStep2('Yes')\">\u0110\u00fang<\/button>\n      <button class=\"quiz-btn\" onclick=\"nextStep2('No')\">N\u00fat<\/button>\n    <\/div>\n  <\/div>\n\n  <!-- Step 3 -->\n  <div class=\"quiz-step\" id=\"step3\">\n    <div class=\"quiz-box\">\n      <div class=\"quiz-title\">B\u1ea1n c\u1ea7n kho\u1ea3n vay khi n\u00e0o?<\/div>\n      <button class=\"quiz-btn\" onclick=\"submitQuiz('Up to 15 days')\">T\u1ed1i \u0111a 15 ng\u00e0y<\/button>\n      <button class=\"quiz-btn\" onclick=\"submitQuiz('Up to 30 days')\">T\u1ed1i \u0111a 30 ng\u00e0y<\/button>\n    <\/div>\n  <\/div>\n\n  <!-- Loading -->\n  <div class=\"quiz-step\" id=\"loading\">\n    <div class=\"quiz-box\">\n      <div class=\"quiz-title\" id=\"typing-text\"><\/div>\n      <div class=\"spinner\"><\/div>\n    <\/div>\n  <\/div>\n<\/div>\n\n<script>\n  let desiredSalary = '';\n  let currentlyEmployed = '';\n  let workPreference = '';\n\n  function nextStep(salary) {\n    desiredSalary = salary;\n    document.getElementById('step1').classList.remove('active');\n    document.getElementById('step2').classList.add('active');\n  }\n\n  function nextStep2(status) {\n    currentlyEmployed = status;\n    document.getElementById('step2').classList.remove('active');\n    document.getElementById('step3').classList.add('active');\n  }\n\n  function submitQuiz(preference) {\n    workPreference = preference;\n    document.getElementById('step3').classList.remove('active');\n    document.getElementById('loading').classList.add('active');\n\n    const text = \"Please wait while we find the best deals...\";\n    const target = document.getElementById(\"typing-text\");\n    target.innerHTML = \"\";\n    let index = 0;\n\n    function type() {\n      if (index < text.length) {\n        target.innerHTML += text.charAt(index);\n        index++;\n        setTimeout(type, 50);\n      } else {\n        setTimeout(() => {\n          window.location.href = \"https:\/\/tirinha.com\/en\/1902\/emprestimo-nos-eua-de-forma-segura-e-eficiente\/\";\n        }, 2000);\n      }\n    }\n\n    type();\n  }\n<\/script>","protected":false},"excerpt":{"rendered":"<p>Answer the questions to see the values \u200b\u200bavailable to you. How much do you need? $5,000 \u2013 $8,000 $10,000 \u2013 &hellip; <\/p>","protected":false},"author":1,"featured_media":0,"parent":0,"menu_order":0,"comment_status":"closed","ping_status":"closed","template":"","meta":{"footnotes":""},"class_list":["post-1948","page","type-page","status-publish","hentry","latest_post"],"yoast_head":"<!-- This site is optimized with the Yoast SEO plugin v27.3 - https:\/\/yoast.com\/product\/yoast-seo-wordpress\/ -->\n<title>Choose your desired value below. - Tirinha.com<\/title>\n<meta name=\"robots\" content=\"index, follow, max-snippet:-1, max-image-preview:large, max-video-preview:-1\" \/>\n<link rel=\"canonical\" href=\"https:\/\/tirinha.com\/vi\/chon-gia-tri-ban-mong-muon-ben-duoi\/\" \/>\n<meta property=\"og:locale\" content=\"vi_VN\" \/>\n<meta property=\"og:type\" content=\"article\" \/>\n<meta property=\"og:title\" content=\"Choose your desired value below. - Tirinha.com\" \/>\n<meta property=\"og:description\" content=\"Answer the questions to see the values \u200b\u200bavailable to you. How much do you need? $5,000 \u2013 $8,000 $10,000 \u2013 &hellip;\" \/>\n<meta property=\"og:url\" content=\"https:\/\/tirinha.com\/vi\/chon-gia-tri-ban-mong-muon-ben-duoi\/\" \/>\n<meta property=\"og:site_name\" content=\"Tirinha.com\" \/>\n<meta property=\"article:modified_time\" content=\"2026-01-03T01:20:57+00:00\" \/>\n<meta name=\"twitter:card\" content=\"summary_large_image\" \/>\n<meta name=\"twitter:label1\" content=\"\u01af\u1edbc t\u00ednh th\u1eddi gian \u0111\u1ecdc\" \/>\n\t<meta name=\"twitter:data1\" content=\"1 ph\u00fat\" \/>\n<script type=\"application\/ld+json\" class=\"yoast-schema-graph\">{\"@context\":\"https:\\\/\\\/schema.org\",\"@graph\":[{\"@type\":\"WebPage\",\"@id\":\"https:\\\/\\\/tirinha.com\\\/choose-your-desired-value-below\\\/\",\"url\":\"https:\\\/\\\/tirinha.com\\\/choose-your-desired-value-below\\\/\",\"name\":\"Choose your desired value below. - Tirinha.com\",\"isPartOf\":{\"@id\":\"https:\\\/\\\/tirinha.com\\\/#website\"},\"datePublished\":\"2026-01-03T01:09:31+00:00\",\"dateModified\":\"2026-01-03T01:20:57+00:00\",\"breadcrumb\":{\"@id\":\"https:\\\/\\\/tirinha.com\\\/choose-your-desired-value-below\\\/#breadcrumb\"},\"inLanguage\":\"vi\",\"potentialAction\":[{\"@type\":\"ReadAction\",\"target\":[\"https:\\\/\\\/tirinha.com\\\/choose-your-desired-value-below\\\/\"]}]},{\"@type\":\"BreadcrumbList\",\"@id\":\"https:\\\/\\\/tirinha.com\\\/choose-your-desired-value-below\\\/#breadcrumb\",\"itemListElement\":[{\"@type\":\"ListItem\",\"position\":1,\"name\":\"Home\",\"item\":\"https:\\\/\\\/tirinha.com\\\/\"},{\"@type\":\"ListItem\",\"position\":2,\"name\":\"Choose your desired value below.\"}]},{\"@type\":\"WebSite\",\"@id\":\"https:\\\/\\\/tirinha.com\\\/#website\",\"url\":\"https:\\\/\\\/tirinha.com\\\/\",\"name\":\"Tirinha.com\",\"description\":\"Arte e livros resenhas\",\"publisher\":{\"@id\":\"https:\\\/\\\/tirinha.com\\\/#organization\"},\"potentialAction\":[{\"@type\":\"SearchAction\",\"target\":{\"@type\":\"EntryPoint\",\"urlTemplate\":\"https:\\\/\\\/tirinha.com\\\/?s={search_term_string}\"},\"query-input\":{\"@type\":\"PropertyValueSpecification\",\"valueRequired\":true,\"valueName\":\"search_term_string\"}}],\"inLanguage\":\"vi\"},{\"@type\":\"Organization\",\"@id\":\"https:\\\/\\\/tirinha.com\\\/#organization\",\"name\":\"Tirinha.com\",\"url\":\"https:\\\/\\\/tirinha.com\\\/\",\"logo\":{\"@type\":\"ImageObject\",\"inLanguage\":\"vi\",\"@id\":\"https:\\\/\\\/tirinha.com\\\/#\\\/schema\\\/logo\\\/image\\\/\",\"url\":\"https:\\\/\\\/tirinha.com\\\/wp-content\\\/uploads\\\/2023\\\/08\\\/cropped-Logo-Tirinha.webp\",\"contentUrl\":\"https:\\\/\\\/tirinha.com\\\/wp-content\\\/uploads\\\/2023\\\/08\\\/cropped-Logo-Tirinha.webp\",\"width\":512,\"height\":512,\"caption\":\"Tirinha.com\"},\"image\":{\"@id\":\"https:\\\/\\\/tirinha.com\\\/#\\\/schema\\\/logo\\\/image\\\/\"}}]}<\/script>\n<!-- \/ Yoast SEO plugin. -->","yoast_head_json":{"title":"Ch\u1ecdn gi\u00e1 tr\u1ecb mong mu\u1ed1n c\u1ee7a b\u1ea1n b\u00ean d\u01b0\u1edbi. - Tirinha.com","robots":{"index":"index","follow":"follow","max-snippet":"max-snippet:-1","max-image-preview":"max-image-preview:large","max-video-preview":"max-video-preview:-1"},"canonical":"https:\/\/tirinha.com\/vi\/chon-gia-tri-ban-mong-muon-ben-duoi\/","og_locale":"vi_VN","og_type":"article","og_title":"Choose your desired value below. - Tirinha.com","og_description":"Answer the questions to see the values \u200b\u200bavailable to you. How much do you need? $5,000 \u2013 $8,000 $10,000 \u2013 &hellip;","og_url":"https:\/\/tirinha.com\/vi\/chon-gia-tri-ban-mong-muon-ben-duoi\/","og_site_name":"Tirinha.com","article_modified_time":"2026-01-03T01:20:57+00:00","twitter_card":"summary_large_image","twitter_misc":{"\u01af\u1edbc t\u00ednh th\u1eddi gian \u0111\u1ecdc":"1 ph\u00fat"},"schema":{"@context":"https:\/\/schema.org","@graph":[{"@type":"WebPage","@id":"https:\/\/tirinha.com\/choose-your-desired-value-below\/","url":"https:\/\/tirinha.com\/choose-your-desired-value-below\/","name":"Ch\u1ecdn gi\u00e1 tr\u1ecb mong mu\u1ed1n c\u1ee7a b\u1ea1n b\u00ean d\u01b0\u1edbi. - Tirinha.com","isPartOf":{"@id":"https:\/\/tirinha.com\/#website"},"datePublished":"2026-01-03T01:09:31+00:00","dateModified":"2026-01-03T01:20:57+00:00","breadcrumb":{"@id":"https:\/\/tirinha.com\/choose-your-desired-value-below\/#breadcrumb"},"inLanguage":"vi","potentialAction":[{"@type":"ReadAction","target":["https:\/\/tirinha.com\/choose-your-desired-value-below\/"]}]},{"@type":"BreadcrumbList","@id":"https:\/\/tirinha.com\/choose-your-desired-value-below\/#breadcrumb","itemListElement":[{"@type":"ListItem","position":1,"name":"Home","item":"https:\/\/tirinha.com\/"},{"@type":"ListItem","position":2,"name":"Choose your desired value below."}]},{"@type":"WebSite","@id":"https:\/\/tirinha.com\/#website","url":"https:\/\/tirinha.com\/","name":"Truy\u1ec7n tranh.com","description":"\u0110\u00e1nh gi\u00e1 ngh\u1ec7 thu\u1eadt v\u00e0 s\u00e1ch","publisher":{"@id":"https:\/\/tirinha.com\/#organization"},"potentialAction":[{"@type":"SearchAction","target":{"@type":"EntryPoint","urlTemplate":"https:\/\/tirinha.com\/?s={search_term_string}"},"query-input":{"@type":"PropertyValueSpecification","valueRequired":true,"valueName":"search_term_string"}}],"inLanguage":"vi"},{"@type":"Organization","@id":"https:\/\/tirinha.com\/#organization","name":"Truy\u1ec7n tranh.com","url":"https:\/\/tirinha.com\/","logo":{"@type":"ImageObject","inLanguage":"vi","@id":"https:\/\/tirinha.com\/#\/schema\/logo\/image\/","url":"https:\/\/tirinha.com\/wp-content\/uploads\/2023\/08\/cropped-Logo-Tirinha.webp","contentUrl":"https:\/\/tirinha.com\/wp-content\/uploads\/2023\/08\/cropped-Logo-Tirinha.webp","width":512,"height":512,"caption":"Tirinha.com"},"image":{"@id":"https:\/\/tirinha.com\/#\/schema\/logo\/image\/"}}]}},"_links":{"self":[{"href":"https:\/\/tirinha.com\/vi\/wp-json\/wp\/v2\/pages\/1948","targetHints":{"allow":["GET"]}}],"collection":[{"href":"https:\/\/tirinha.com\/vi\/wp-json\/wp\/v2\/pages"}],"about":[{"href":"https:\/\/tirinha.com\/vi\/wp-json\/wp\/v2\/types\/page"}],"author":[{"embeddable":true,"href":"https:\/\/tirinha.com\/vi\/wp-json\/wp\/v2\/users\/1"}],"replies":[{"embeddable":true,"href":"https:\/\/tirinha.com\/vi\/wp-json\/wp\/v2\/comments?post=1948"}],"version-history":[{"count":0,"href":"https:\/\/tirinha.com\/vi\/wp-json\/wp\/v2\/pages\/1948\/revisions"}],"wp:attachment":[{"href":"https:\/\/tirinha.com\/vi\/wp-json\/wp\/v2\/media?parent=1948"}],"curies":[{"name":"wp","href":"https:\/\/api.w.org\/{rel}","templated":true}]}}