{"id":1693,"date":"2024-12-11T18:59:26","date_gmt":"2024-12-11T18:59:26","guid":{"rendered":"https:\/\/tirinha.com\/?page_id=1693"},"modified":"2025-04-23T14:42:34","modified_gmt":"2025-04-23T14:42:34","slug":"maxfiylik-siyosati","status":"publish","type":"page","link":"https:\/\/tirinha.com\/uz\/politica-privacidade\/","title":{"rendered":"Maxfiylik siyosati"},"content":{"rendered":"<p>Sizning maxfiyligingiz biz uchun muhim. Saytda sizdan to&#039;plashimiz mumkin bo&#039;lgan har qanday ma&#039;lumotga nisbatan maxfiyligingizni hurmat qilish https:\/\/tirinha.com\/ siyosatiga muvofiq amalga oshiriladi. <a href=\"https:\/\/tirinha.com\/uz\/\">https:\/\/tirinha.com\/<\/a>, va biz egalik qiladigan va boshqaradigan boshqa veb-saytlar.<\/p>\n\n\n\n<p>Biz shaxsiy ma&#039;lumotlarni faqat sizga xizmat ko&#039;rsatish uchun haqiqatan ham kerak bo&#039;lganda so&#039;raymiz. Biz buni adolatli va qonuniy ravishda, sizning xabaringiz va roziligingiz bilan amalga oshiramiz. Shuningdek, biz uni nima uchun to&#039;playotganimiz va undan qanday foydalanilishi haqida sizga ma&#039;lumot beramiz.<\/p>\n\n\n\n<p>Biz to&#039;plangan ma&#039;lumotlarni faqat so&#039;ralgan xizmatni taqdim etish uchun zarur bo&#039;lgan muddat davomida saqlaymiz. Ma&#039;lumotlarni saqlaganimizda, biz ularni yo&#039;qotish va o&#039;g&#039;irlashning, shuningdek, ruxsatsiz kirish, oshkor qilish, nusxalash, foydalanish yoki o&#039;zgartirishning oldini olish uchun tijorat maqsadlarida maqbul vositalar bilan himoya qilamiz.<\/p>\n\n\n\n<p>Biz shaxsni aniqlaydigan ma&#039;lumotlarni ommaga yoki uchinchi shaxslar bilan baham ko&#039;rmaymiz, qonun talab qilgan hollar bundan mustasno.<\/p>\n\n\n\n<p>Veb-saytimizda biz tomonidan boshqarilmaydigan tashqi saytlarga havolalar bo&#039;lishi mumkin. Iltimos, shuni yodda tutingki, biz ushbu saytlarning mazmuni va amaliyoti ustidan nazorat qila olmaymiz va ularning tegishli maxfiylik siyosati uchun javobgarlikni o&#039;z zimmamizga ololmasligimizni unutmang.<\/p>\n\n\n\n<p>Siz xohlagan ba&#039;zi xizmatlarni taqdim eta olmasligimizni tushungan holda, shaxsiy ma&#039;lumotlaringizni so&#039;rashni rad etishingiz mumkin.<\/p>\n\n\n\n<p>Veb-saytimizdan foydalanishda davom etish bizning amaliyotlarimizni qabul qilish hisoblanadi... <a href=\"https:\/\/avisodeprivacidad.info\/\" target=\"_BLANK\" rel=\"noreferrer noopener\">Maxfiylik to&#039;g&#039;risidagi bildirishnoma<\/a> va shaxsiy ma&#039;lumotlar. Agar foydalanuvchi ma&#039;lumotlari va shaxsiy ma&#039;lumotlarimizni qanday qayta ishlashimiz haqida biron bir savolingiz bo&#039;lsa, iltimos, biz bilan bog&#039;laning.<\/p>\n\n\n\n<h2 class=\"wp-block-heading\">Cookie siyosati https:\/\/tirinha.com\/<\/h2>\n\n\n\n<h3 class=\"wp-block-heading\">Cookie-fayllar nima?<\/h3>\n\n\n\n<p>Deyarli barcha professional veb-saytlarda keng tarqalgan amaliyotda bo&#039;lgani kabi, ushbu sayt tajribangizni yaxshilash uchun kompyuteringizga yuklab olingan kichik fayllar bo&#039;lgan cookie-fayllardan foydalanadi. Ushbu sahifada ular qanday ma&#039;lumotlarni to&#039;plashi, biz undan qanday foydalanishimiz va nima uchun ba&#039;zan bu cookie-fayllarni saqlashimiz kerakligi tasvirlangan. Shuningdek, biz ushbu cookie-fayllarning saqlanishini qanday oldini olishingiz mumkinligini ham aytib o&#039;tamiz, ammo bu sayt funksiyalarining ayrim elementlarini pasaytirishi yoki &quot;buzishi&quot; mumkin.<\/p>\n\n\n\n<h3 class=\"wp-block-heading\">Cookie-fayllardan qanday foydalanamiz?<\/h3>\n\n\n\n<p>Biz cookie-fayllardan turli sabablarga ko&#039;ra foydalanamiz, ular quyida batafsil bayon etilgan. Afsuski, aksariyat hollarda, ushbu saytga qo&#039;shadigan funksiyalar va xususiyatlarni to&#039;liq o&#039;chirmasdan cookie-fayllarni o&#039;chirib qo&#039;yish uchun sanoat standartidagi variantlar mavjud emas. Agar sizga kerak yoki kerak emasligiga ishonchingiz komil bo&#039;lmasa, agar ular siz foydalanadigan xizmatni taqdim etish uchun ishlatilsa, barcha cookie-fayllarni yoqib qo&#039;yishingiz tavsiya etiladi.<\/p>\n\n\n\n<h3 class=\"wp-block-heading\">Cookie-fayllarni o&#039;chirib qo&#039;yish<\/h3>\n\n\n\n<p>Brauzeringiz sozlamalarini sozlash orqali cookie-fayllarni o&#039;rnatishni oldini olishingiz mumkin (buni qanday qilish haqida ma&#039;lumot olish uchun brauzeringiz yordamiga qarang). Shuni yodda tutingki, cookie-fayllarni o&#039;chirib qo&#039;yish ushbu va siz tashrif buyuradigan boshqa ko&#039;plab veb-saytlarning funksiyalariga ta&#039;sir qiladi. Cookie-fayllarni o&#039;chirib qo&#039;yish odatda ushbu saytning ayrim funksiyalari va xususiyatlarini ham o&#039;chirib qo&#039;yishga olib keladi. Shuning uchun, cookie-fayllarni o&#039;chirib qo&#039;ymaslik tavsiya etiladi.<\/p>\n\n\n\n<h3 class=\"wp-block-heading\">Biz o&#039;rnatgan cookie-fayllar<\/h3>\n\n\n\n<ul class=\"wp-block-list\">\n<li>Hisobga oid cookie-fayllar: Agar siz bizda hisob yaratsangiz, biz ro&#039;yxatdan o&#039;tish jarayonini va umumiy boshqaruvni boshqarish uchun cookie-fayllardan foydalanamiz. Ushbu cookie-fayllar odatda tizimdan chiqqaningizda o&#039;chiriladi, ammo ba&#039;zi hollarda, ular siz chiqqaningizda sayt sozlamalaringizni eslab qolish uchun keyinroq qolishi mumkin.<\/li>\n\n\n\n<li>Kirish bilan bog&#039;liq cookie-fayllar: Biz tizimga kirganingizda cookie-fayllardan foydalanamiz, shunda biz ushbu amalni eslab qolishimiz mumkin. Bu sizning har safar yangi sahifaga kirganingizda tizimga kirishingiz shart emasligini oldini oladi. Ushbu cookie-fayllar odatda tizimdan chiqqaningizda olib tashlanadi yoki tozalanadi, shunda siz tizimga kirganingizda faqat cheklangan resurslar va hududlarga kirishingiz mumkin.<\/li>\n\n\n\n<li>Elektron pochta orqali axborot byulletenlariga oid cookie-fayllar: Ushbu veb-sayt axborot byulleteni yoki elektron pochta orqali obuna bo&#039;lish xizmatlarini taklif qiladi va cookie-fayllardan siz allaqachon ro&#039;yxatdan o&#039;tganligingizni va faqat obuna bo&#039;lgan\/obunani bekor qilgan foydalanuvchilar uchun amal qiladigan ba&#039;zi bildirishnomalarni ko&#039;rsatish kerakligini eslab qolish uchun foydalanish mumkin.<\/li>\n\n\n\n<li>Buyurtmani qayta ishlash bilan bog&#039;liq cookie-fayllar: Ushbu sayt elektron tijorat yoki to&#039;lov imkoniyatlarini taklif etadi va ba&#039;zi cookie-fayllar buyurtmangiz sahifalar orasida eslab qolinishini ta&#039;minlash uchun juda muhimdir, shunda biz uni to&#039;g&#039;ri qayta ishlashimiz mumkin.<\/li>\n\n\n\n<li>So&#039;rovnomalarga oid cookie-fayllar: Vaqti-vaqti bilan biz qiziqarli ma&#039;lumotlar, foydali vositalarni taqdim etish yoki foydalanuvchi bazamizni aniqroq tushunish uchun so&#039;rovnomalar va anketalarni taklif qilamiz. Ushbu so&#039;rovnomalarda so&#039;rovnomada kim allaqachon ishtirok etganini eslab qolish yoki sahifa o&#039;zgartirilgandan so&#039;ng aniq natijalarni taqdim etish uchun cookie-fayllardan foydalanish mumkin.<\/li>\n\n\n\n<li>Formaga tegishli cookie-fayllar: Ma&#039;lumotlarni, masalan, aloqa sahifalarida yoki sharh shakllarida joylashgan shakl orqali yuborganingizda, cookie-fayllar kelajakdagi yozishmalar uchun foydalanuvchi ma&#039;lumotlaringizni eslab qolish uchun sozlanishi mumkin.<\/li>\n\n\n\n<li>Veb-sayt afzalligi cookie-fayllari Ushbu veb-saytda sizga ajoyib tajriba taqdim etish uchun biz ushbu veb-saytdan foydalanganda uning qanday ishlashi bo&#039;yicha sozlamalaringizni o&#039;rnatish funksiyasini taqdim etamiz. Sizning afzalliklaringizni eslab qolish uchun biz cookie-fayllarni o&#039;rnatishimiz kerak, shunda siz sozlamalaringiz ta&#039;sir qiladigan sahifa bilan o&#039;zaro aloqada bo&#039;lganingizda ushbu ma&#039;lumotni qaytarib olishingiz mumkin.<\/li>\n<\/ul>\n\n\n\n<h3 class=\"wp-block-heading\">Uchinchi tomon cookie-fayllari<\/h3>\n\n\n\n<p>Ba&#039;zi maxsus holatlarda biz ishonchli uchinchi tomonlar tomonidan taqdim etilgan cookie-fayllardan ham foydalanamiz. Quyidagi bo&#039;limda ushbu veb-sayt orqali qaysi uchinchi tomon cookie-fayllariga duch kelishingiz mumkinligi batafsil bayon etilgan.<\/p>\n\n\n\n<ul class=\"wp-block-list\">\n<li>Ushbu veb-sayt sizning saytdan qanday foydalanishingiz va biz sizning tajribangizni qanday yaxshilashimiz mumkinligini tushunishimizga yordam berish uchun internetdagi eng keng tarqalgan va ishonchli tahlil yechimlaridan biri bo&#039;lgan Google Analytics\u2019dan foydalanadi. Ushbu cookie-fayllar sizning saytda qancha vaqt o&#039;tkazganingiz va tashrif buyurgan sahifalaringiz kabi narsalarni kuzatishi mumkin, shunda biz qiziqarli kontent yaratishda davom etishimiz mumkin.<\/li>\n<\/ul>\n\n\n\n<p>Google Analytics cookie-fayllari haqida qo&#039;shimcha ma&#039;lumot olish uchun rasmiy Google Analytics sahifasiga tashrif buyuring.<\/p>\n\n\n\n<ul class=\"wp-block-list\">\n<li>Uchinchi tomon tahlillari ushbu saytdan foydalanishni kuzatish va o&#039;lchash uchun ishlatiladi, shunda biz qiziqarli kontent ishlab chiqarishda davom etishimiz mumkin. Ushbu cookie-fayllar sizning saytda qancha vaqt o&#039;tkazganingiz yoki tashrif buyurgan sahifalaringiz kabi narsalarni kuzatishi mumkin, bu bizga saytni siz uchun qanday yaxshilashimiz mumkinligini tushunishga yordam beradi.<\/li>\n\n\n\n<li>Vaqti-vaqti bilan biz yangi funksiyalarni sinab ko&#039;ramiz va saytning o&#039;zini taqdim etish uslubiga nozik o&#039;zgarishlar kiritamiz. Biz hali ham yangi funksiyalarni sinab ko&#039;rayotganimizda, ushbu cookie-fayllardan foydalanuvchilarimiz qaysi optimallashtirishlarni eng ko&#039;p qadrlashini tushunib yetgan holda, saytda doimiy tajribaga ega bo&#039;lishingizni ta&#039;minlash uchun foydalanish mumkin.<\/li>\n\n\n\n<li>Mahsulotlarni sotayotganimizda, veb-saytimizga tashrif buyuruvchilarning qanchasi aslida xarid qilgani haqidagi statistikani tushunishimiz muhim va bu cookie-fayllar aynan shunday ma&#039;lumotlarni kuzatib boradi. Bu siz uchun muhim, chunki bu bizga eng yaxshi narxni ta&#039;minlash uchun reklama va mahsulot xarajatlarimizni tahlil qilish imkonini beruvchi aniq biznes bashoratlarini qilishimiz mumkinligini anglatadi.<\/li>\n\n\n\n<li>Reklama berish uchun foydalanadigan Google AdSense xizmati veb-sayt bo&#039;ylab yanada mos reklamalarni taqdim etish va berilgan reklamaning sizga ko&#039;rsatilish sonini cheklash uchun DoubleClick cookie-faylidan foydalanadi.<br>Google AdSense haqida qo&#039;shimcha ma&#039;lumot olish uchun, iltimos, rasmiy Google AdSense maxfiylik bo&#039;yicha tez-tez so&#039;raladigan savollar bo&#039;limiga qarang.<\/li>\n\n\n\n<li>Biz ushbu saytni boshqarish xarajatlarini qoplash va kelajakdagi rivojlanish uchun mablag&#039; ajratish maqsadida reklamadan foydalanamiz. Ushbu sayt tomonidan ishlatiladigan xulq-atvor reklamasi cookie-fayllari sizning qiziqishlaringizni anonim ravishda kuzatib borish va sizni qiziqtirishi mumkin bo&#039;lgan shunga o&#039;xshash narsalarni taqdim etish orqali iloji boricha sizga eng mos reklamalarni taqdim etishni ta&#039;minlash uchun mo&#039;ljallangan.<\/li>\n\n\n\n<li>Bir nechta hamkorlar bizning nomimizdan reklama qilishadi va sheriklik kuzatuv cookie-fayllari shunchaki mijozlarimiz saytga sheriklik saytlarimizdan biri orqali kirganmi yoki yo&#039;qligini ko&#039;rishimizga imkon beradi, shuning uchun biz ularni tegishli ravishda qayd etishimiz va agar kerak bo&#039;lsa, sheriklik hamkorlarimizga sizni xarid qilishga undash uchun taqdim etishlari mumkin bo&#039;lgan har qanday aktsiyalarni taklif qilishlariga ruxsat berishimiz mumkin.<\/li>\n<\/ul>\n\n\n\n<h3 class=\"wp-block-heading\">Foydalanuvchi majburiyati<\/h3>\n\n\n\n<p>Foydalanuvchi https:\/\/tirinha.com\/ veb-saytida taqdim etilgan kontent va ma&#039;lumotlardan, jumladan, lekin ular bilan cheklanmagan holda, tegishli ravishda foydalanishga rozilik beradi:<\/p>\n\n\n\n<ul class=\"wp-block-list\">\n<li>A) Noqonuniy yoki vijdonan va jamoat tartibiga zid bo&#039;lgan faoliyat bilan shug&#039;ullanmaslik;<\/li>\n\n\n\n<li>B) Irqchi, ksenofobik yoki omadsizlikka oid targ&#039;ibot yoki kontentni, har qanday turdagi noqonuniy pornografiyani yoki terrorizmni targ&#039;ib qiluvchi yoki inson huquqlarini buzuvchi kontentni tarqatmaslik;<\/li>\n\n\n\n<li>C) Yuqorida aytib o&#039;tilgan zararni keltirib chiqarishi mumkin bo&#039;lgan kompyuter viruslarini yoki boshqa apparat yoki dasturiy ta&#039;minot tizimlarini joriy etish yoki tarqatish orqali https:\/\/tirinha.com\/ saytining, uning yetkazib beruvchilarining yoki uchinchi tomonlarning jismoniy (apparat) va mantiqiy (dasturiy ta&#039;minot) tizimlariga zarar yetkazmaslik.<\/li>\n<\/ul>\n\n\n\n<h3 class=\"wp-block-heading\">Qo&#039;shimcha ma&#039;lumot<\/h3>\n\n\n\n<p>Umid qilamizki, bu aniq va yuqorida aytib o&#039;tilganidek, agar sizga kerak yoki kerak emasligi haqida biror narsa aniq bo&#039;lmasa, veb-saytimizda foydalanadigan funksiyalardan biri bilan o&#039;zaro aloqada bo&#039;lganingizda cookie-fayllarni yoqib qo&#039;yish xavfsizroq bo&#039;ladi.<\/p>\n\n\n\n<p>Ushbu siyosat shu paytdan boshlab kuchga kiradi <strong>Iyun<\/strong>\/<strong>2022<\/strong>.<\/p>","protected":false},"excerpt":{"rendered":"<p>A sua privacidade \u00e9 importante para n\u00f3s. \u00c9 pol\u00edtica do https:\/\/tirinha.com\/ respeitar a sua privacidade em rela\u00e7\u00e3o a qualquer informa\u00e7\u00e3o &hellip; <\/p>","protected":false},"author":1,"featured_media":0,"parent":0,"menu_order":0,"comment_status":"closed","ping_status":"closed","template":"","meta":{"footnotes":""},"class_list":["post-1693","page","type-page","status-publish","hentry","latest_post"],"yoast_head":"<!-- This site is optimized with the Yoast SEO plugin v27.3 - https:\/\/yoast.com\/product\/yoast-seo-wordpress\/ -->\n<title>Pol\u00edtica Privacidade - Tirinha.com<\/title>\n<meta name=\"robots\" content=\"index, follow, max-snippet:-1, max-image-preview:large, max-video-preview:-1\" \/>\n<link rel=\"canonical\" href=\"https:\/\/tirinha.com\/uz\/maxfiylik-siyosati\/\" \/>\n<meta property=\"og:locale\" content=\"uz_UZ\" \/>\n<meta property=\"og:type\" content=\"article\" \/>\n<meta property=\"og:title\" content=\"Pol\u00edtica Privacidade - Tirinha.com\" \/>\n<meta property=\"og:description\" content=\"A sua privacidade \u00e9 importante para n\u00f3s. \u00c9 pol\u00edtica do https:\/\/tirinha.com\/ respeitar a sua privacidade em rela\u00e7\u00e3o a qualquer informa\u00e7\u00e3o &hellip;\" \/>\n<meta property=\"og:url\" content=\"https:\/\/tirinha.com\/uz\/maxfiylik-siyosati\/\" \/>\n<meta property=\"og:site_name\" content=\"Tirinha.com\" \/>\n<meta property=\"article:modified_time\" content=\"2025-04-23T14:42:34+00:00\" \/>\n<meta name=\"twitter:card\" content=\"summary_large_image\" \/>\n<meta name=\"twitter:label1\" content=\"Est. reading time\" \/>\n\t<meta name=\"twitter:data1\" content=\"8 daqiqa\" \/>\n<script type=\"application\/ld+json\" class=\"yoast-schema-graph\">{\"@context\":\"https:\\\/\\\/schema.org\",\"@graph\":[{\"@type\":\"WebPage\",\"@id\":\"https:\\\/\\\/tirinha.com\\\/politica-privacidade\\\/\",\"url\":\"https:\\\/\\\/tirinha.com\\\/politica-privacidade\\\/\",\"name\":\"Pol\u00edtica Privacidade - Tirinha.com\",\"isPartOf\":{\"@id\":\"https:\\\/\\\/tirinha.com\\\/#website\"},\"datePublished\":\"2024-12-11T18:59:26+00:00\",\"dateModified\":\"2025-04-23T14:42:34+00:00\",\"breadcrumb\":{\"@id\":\"https:\\\/\\\/tirinha.com\\\/politica-privacidade\\\/#breadcrumb\"},\"inLanguage\":\"uz-UZ\",\"potentialAction\":[{\"@type\":\"ReadAction\",\"target\":[\"https:\\\/\\\/tirinha.com\\\/politica-privacidade\\\/\"]}]},{\"@type\":\"BreadcrumbList\",\"@id\":\"https:\\\/\\\/tirinha.com\\\/politica-privacidade\\\/#breadcrumb\",\"itemListElement\":[{\"@type\":\"ListItem\",\"position\":1,\"name\":\"Home\",\"item\":\"https:\\\/\\\/tirinha.com\\\/\"},{\"@type\":\"ListItem\",\"position\":2,\"name\":\"Pol\u00edtica Privacidade\"}]},{\"@type\":\"WebSite\",\"@id\":\"https:\\\/\\\/tirinha.com\\\/#website\",\"url\":\"https:\\\/\\\/tirinha.com\\\/\",\"name\":\"Tirinha.com\",\"description\":\"Arte e livros resenhas\",\"publisher\":{\"@id\":\"https:\\\/\\\/tirinha.com\\\/#organization\"},\"potentialAction\":[{\"@type\":\"SearchAction\",\"target\":{\"@type\":\"EntryPoint\",\"urlTemplate\":\"https:\\\/\\\/tirinha.com\\\/?s={search_term_string}\"},\"query-input\":{\"@type\":\"PropertyValueSpecification\",\"valueRequired\":true,\"valueName\":\"search_term_string\"}}],\"inLanguage\":\"uz-UZ\"},{\"@type\":\"Organization\",\"@id\":\"https:\\\/\\\/tirinha.com\\\/#organization\",\"name\":\"Tirinha.com\",\"url\":\"https:\\\/\\\/tirinha.com\\\/\",\"logo\":{\"@type\":\"ImageObject\",\"inLanguage\":\"uz-UZ\",\"@id\":\"https:\\\/\\\/tirinha.com\\\/#\\\/schema\\\/logo\\\/image\\\/\",\"url\":\"https:\\\/\\\/tirinha.com\\\/wp-content\\\/uploads\\\/2023\\\/08\\\/cropped-Logo-Tirinha.webp\",\"contentUrl\":\"https:\\\/\\\/tirinha.com\\\/wp-content\\\/uploads\\\/2023\\\/08\\\/cropped-Logo-Tirinha.webp\",\"width\":512,\"height\":512,\"caption\":\"Tirinha.com\"},\"image\":{\"@id\":\"https:\\\/\\\/tirinha.com\\\/#\\\/schema\\\/logo\\\/image\\\/\"}}]}<\/script>\n<!-- \/ Yoast SEO plugin. -->","yoast_head_json":{"title":"Maxfiylik siyosati - Tirinha.com","robots":{"index":"index","follow":"follow","max-snippet":"max-snippet:-1","max-image-preview":"max-image-preview:large","max-video-preview":"max-video-preview:-1"},"canonical":"https:\/\/tirinha.com\/uz\/maxfiylik-siyosati\/","og_locale":"uz_UZ","og_type":"article","og_title":"Pol\u00edtica Privacidade - Tirinha.com","og_description":"A sua privacidade \u00e9 importante para n\u00f3s. \u00c9 pol\u00edtica do https:\/\/tirinha.com\/ respeitar a sua privacidade em rela\u00e7\u00e3o a qualquer informa\u00e7\u00e3o &hellip;","og_url":"https:\/\/tirinha.com\/uz\/maxfiylik-siyosati\/","og_site_name":"Tirinha.com","article_modified_time":"2025-04-23T14:42:34+00:00","twitter_card":"summary_large_image","twitter_misc":{"Est. reading time":"8 daqiqa"},"schema":{"@context":"https:\/\/schema.org","@graph":[{"@type":"WebPage","@id":"https:\/\/tirinha.com\/politica-privacidade\/","url":"https:\/\/tirinha.com\/politica-privacidade\/","name":"Maxfiylik siyosati - Tirinha.com","isPartOf":{"@id":"https:\/\/tirinha.com\/#website"},"datePublished":"2024-12-11T18:59:26+00:00","dateModified":"2025-04-23T14:42:34+00:00","breadcrumb":{"@id":"https:\/\/tirinha.com\/politica-privacidade\/#breadcrumb"},"inLanguage":"uz-UZ","potentialAction":[{"@type":"ReadAction","target":["https:\/\/tirinha.com\/politica-privacidade\/"]}]},{"@type":"BreadcrumbList","@id":"https:\/\/tirinha.com\/politica-privacidade\/#breadcrumb","itemListElement":[{"@type":"ListItem","position":1,"name":"Home","item":"https:\/\/tirinha.com\/"},{"@type":"ListItem","position":2,"name":"Pol\u00edtica Privacidade"}]},{"@type":"WebSite","@id":"https:\/\/tirinha.com\/#website","url":"https:\/\/tirinha.com\/","name":"Tirinha.com","description":"San&#039;at va kitob sharhlari","publisher":{"@id":"https:\/\/tirinha.com\/#organization"},"potentialAction":[{"@type":"SearchAction","target":{"@type":"EntryPoint","urlTemplate":"https:\/\/tirinha.com\/?s={search_term_string}"},"query-input":{"@type":"PropertyValueSpecification","valueRequired":true,"valueName":"search_term_string"}}],"inLanguage":"uz-UZ"},{"@type":"Organization","@id":"https:\/\/tirinha.com\/#organization","name":"Tirinha.com","url":"https:\/\/tirinha.com\/","logo":{"@type":"ImageObject","inLanguage":"uz-UZ","@id":"https:\/\/tirinha.com\/#\/schema\/logo\/image\/","url":"https:\/\/tirinha.com\/wp-content\/uploads\/2023\/08\/cropped-Logo-Tirinha.webp","contentUrl":"https:\/\/tirinha.com\/wp-content\/uploads\/2023\/08\/cropped-Logo-Tirinha.webp","width":512,"height":512,"caption":"Tirinha.com"},"image":{"@id":"https:\/\/tirinha.com\/#\/schema\/logo\/image\/"}}]}},"_links":{"self":[{"href":"https:\/\/tirinha.com\/uz\/wp-json\/wp\/v2\/pages\/1693","targetHints":{"allow":["GET"]}}],"collection":[{"href":"https:\/\/tirinha.com\/uz\/wp-json\/wp\/v2\/pages"}],"about":[{"href":"https:\/\/tirinha.com\/uz\/wp-json\/wp\/v2\/types\/page"}],"author":[{"embeddable":true,"href":"https:\/\/tirinha.com\/uz\/wp-json\/wp\/v2\/users\/1"}],"replies":[{"embeddable":true,"href":"https:\/\/tirinha.com\/uz\/wp-json\/wp\/v2\/comments?post=1693"}],"version-history":[{"count":0,"href":"https:\/\/tirinha.com\/uz\/wp-json\/wp\/v2\/pages\/1693\/revisions"}],"wp:attachment":[{"href":"https:\/\/tirinha.com\/uz\/wp-json\/wp\/v2\/media?parent=1693"}],"curies":[{"name":"wp","href":"https:\/\/api.w.org\/{rel}","templated":true}]}}