{"id":1655,"date":"2024-11-25T19:16:08","date_gmt":"2024-11-25T19:16:08","guid":{"rendered":"https:\/\/tirinha.com\/?page_id=1655"},"modified":"2024-11-28T19:47:39","modified_gmt":"2024-11-28T19:47:39","slug":"hakkimizda","status":"publish","type":"page","link":"https:\/\/tirinha.com\/tr\/sobre-nos\/","title":{"rendered":"Hakk\u0131m\u0131zda"},"content":{"rendered":"<p> Ho\u015f geldiniz <strong>\u00e7izgi roman<\/strong>!<\/p>\n\n\n\n<p>Burada misyonumuz basit: <strong>sizi kitaplar\u0131n ve meraklar\u0131n b\u00fcy\u00fcleyici evrenine ba\u011flayacak<\/strong>. \u0130lham veren hikayeleri ke\u015ffetmek, edebi d\u00fcnyalar\u0131 ke\u015ffetmek ya da sadece s\u0131ra d\u0131\u015f\u0131 bilgiye olan susuzlu\u011funuzu gidermek istiyorsan\u0131z, Tirinha sizin alan\u0131n\u0131zd\u0131r.<\/p>\n\n\n\n<p>Zihni harekete ge\u00e7iren ve hayal g\u00fcc\u00fcn\u00fc uyand\u0131ran i\u00e7erikleri payla\u015fmay\u0131 seviyoruz. G\u00f6nderilerimiz her t\u00fcrden okuyucu i\u00e7in haz\u0131rlanm\u0131\u015ft\u0131r: sayfalar\u0131 yutanlardan, \u00f6\u011frenecek yeni bir \u015feyler arayan g\u00f6rev ba\u015f\u0131ndaki merakl\u0131lara kadar.<\/p>\n\n\n\n<p>Comic Strip&#039;te her g\u00f6nderi ilgi \u00e7ekici anlat\u0131lar ve \u015fa\u015f\u0131rt\u0131c\u0131 meraklar aras\u0131nda yolculu\u011fa davettir. Sonu\u00e7ta okuman\u0131n ve bilginin bizi d\u00fcnyaya ve birbirimize ba\u011flayan k\u00f6pr\u00fcler oldu\u011funa inan\u0131yoruz.<\/p>\n\n\n\n<p>\u0130lham ve ke\u015fif dolu bu yolculukta bize kat\u0131l\u0131n. \u00c7\u00fcnk\u00fc sonu\u00e7ta en iyi hikayeleri hayat\u0131n \u201c\u015feritlerinden\u201d in\u015fa ediyoruz!<\/p>","protected":false},"excerpt":{"rendered":"<p>Strip&#039;e ho\u015f geldiniz! Burada misyonumuz basit: Sizi kitaplar\u0131n ve merak edilenlerin b\u00fcy\u00fcleyici evrenine ba\u011flamak. Ke\u015ffetmek olsun\u2026 <\/p>","protected":false},"author":1,"featured_media":0,"parent":0,"menu_order":0,"comment_status":"closed","ping_status":"closed","template":"","meta":{"footnotes":""},"class_list":["post-1655","page","type-page","status-publish","hentry","latest_post"],"yoast_head":"<!-- This site is optimized with the Yoast SEO plugin v27.3 - https:\/\/yoast.com\/product\/yoast-seo-wordpress\/ -->\n<title>Sobre N\u00f3s - Tirinha.com<\/title>\n<meta name=\"robots\" content=\"index, follow, max-snippet:-1, max-image-preview:large, max-video-preview:-1\" \/>\n<link rel=\"canonical\" href=\"https:\/\/tirinha.com\/tr\/hakkimizda\/\" \/>\n<meta property=\"og:locale\" content=\"tr_TR\" \/>\n<meta property=\"og:type\" content=\"article\" \/>\n<meta property=\"og:title\" content=\"Sobre N\u00f3s - Tirinha.com\" \/>\n<meta property=\"og:description\" content=\"Bem-vindo ao Tirinha! Aqui, nossa miss\u00e3o \u00e9 simples: conectar voc\u00ea ao fascinante universo dos livros e curiosidades. Seja para descobrir &hellip;\" \/>\n<meta property=\"og:url\" content=\"https:\/\/tirinha.com\/tr\/hakkimizda\/\" \/>\n<meta property=\"og:site_name\" content=\"Tirinha.com\" \/>\n<meta property=\"article:modified_time\" content=\"2024-11-28T19:47:39+00:00\" \/>\n<meta name=\"twitter:card\" content=\"summary_large_image\" \/>\n<meta name=\"twitter:label1\" content=\"Tahmini okuma s\u00fcresi\" \/>\n\t<meta name=\"twitter:data1\" content=\"1 dakika\" \/>\n<script type=\"application\/ld+json\" class=\"yoast-schema-graph\">{\"@context\":\"https:\\\/\\\/schema.org\",\"@graph\":[{\"@type\":\"WebPage\",\"@id\":\"https:\\\/\\\/tirinha.com\\\/sobre-nos\\\/\",\"url\":\"https:\\\/\\\/tirinha.com\\\/sobre-nos\\\/\",\"name\":\"Sobre N\u00f3s - Tirinha.com\",\"isPartOf\":{\"@id\":\"https:\\\/\\\/tirinha.com\\\/#website\"},\"datePublished\":\"2024-11-25T19:16:08+00:00\",\"dateModified\":\"2024-11-28T19:47:39+00:00\",\"breadcrumb\":{\"@id\":\"https:\\\/\\\/tirinha.com\\\/sobre-nos\\\/#breadcrumb\"},\"inLanguage\":\"tr\",\"potentialAction\":[{\"@type\":\"ReadAction\",\"target\":[\"https:\\\/\\\/tirinha.com\\\/sobre-nos\\\/\"]}]},{\"@type\":\"BreadcrumbList\",\"@id\":\"https:\\\/\\\/tirinha.com\\\/sobre-nos\\\/#breadcrumb\",\"itemListElement\":[{\"@type\":\"ListItem\",\"position\":1,\"name\":\"Home\",\"item\":\"https:\\\/\\\/tirinha.com\\\/\"},{\"@type\":\"ListItem\",\"position\":2,\"name\":\"Sobre N\u00f3s\"}]},{\"@type\":\"WebSite\",\"@id\":\"https:\\\/\\\/tirinha.com\\\/#website\",\"url\":\"https:\\\/\\\/tirinha.com\\\/\",\"name\":\"Tirinha.com\",\"description\":\"Arte e livros resenhas\",\"publisher\":{\"@id\":\"https:\\\/\\\/tirinha.com\\\/#organization\"},\"potentialAction\":[{\"@type\":\"SearchAction\",\"target\":{\"@type\":\"EntryPoint\",\"urlTemplate\":\"https:\\\/\\\/tirinha.com\\\/?s={search_term_string}\"},\"query-input\":{\"@type\":\"PropertyValueSpecification\",\"valueRequired\":true,\"valueName\":\"search_term_string\"}}],\"inLanguage\":\"tr\"},{\"@type\":\"Organization\",\"@id\":\"https:\\\/\\\/tirinha.com\\\/#organization\",\"name\":\"Tirinha.com\",\"url\":\"https:\\\/\\\/tirinha.com\\\/\",\"logo\":{\"@type\":\"ImageObject\",\"inLanguage\":\"tr\",\"@id\":\"https:\\\/\\\/tirinha.com\\\/#\\\/schema\\\/logo\\\/image\\\/\",\"url\":\"https:\\\/\\\/tirinha.com\\\/wp-content\\\/uploads\\\/2023\\\/08\\\/cropped-Logo-Tirinha.webp\",\"contentUrl\":\"https:\\\/\\\/tirinha.com\\\/wp-content\\\/uploads\\\/2023\\\/08\\\/cropped-Logo-Tirinha.webp\",\"width\":512,\"height\":512,\"caption\":\"Tirinha.com\"},\"image\":{\"@id\":\"https:\\\/\\\/tirinha.com\\\/#\\\/schema\\\/logo\\\/image\\\/\"}}]}<\/script>\n<!-- \/ Yoast SEO plugin. -->","yoast_head_json":{"title":"Hakk\u0131m\u0131zda - Tirinha.com","robots":{"index":"index","follow":"follow","max-snippet":"max-snippet:-1","max-image-preview":"max-image-preview:large","max-video-preview":"max-video-preview:-1"},"canonical":"https:\/\/tirinha.com\/tr\/hakkimizda\/","og_locale":"tr_TR","og_type":"article","og_title":"Sobre N\u00f3s - Tirinha.com","og_description":"Bem-vindo ao Tirinha! Aqui, nossa miss\u00e3o \u00e9 simples: conectar voc\u00ea ao fascinante universo dos livros e curiosidades. Seja para descobrir &hellip;","og_url":"https:\/\/tirinha.com\/tr\/hakkimizda\/","og_site_name":"Tirinha.com","article_modified_time":"2024-11-28T19:47:39+00:00","twitter_card":"summary_large_image","twitter_misc":{"Tahmini okuma s\u00fcresi":"1 dakika"},"schema":{"@context":"https:\/\/schema.org","@graph":[{"@type":"WebPage","@id":"https:\/\/tirinha.com\/sobre-nos\/","url":"https:\/\/tirinha.com\/sobre-nos\/","name":"Hakk\u0131m\u0131zda - Tirinha.com","isPartOf":{"@id":"https:\/\/tirinha.com\/#website"},"datePublished":"2024-11-25T19:16:08+00:00","dateModified":"2024-11-28T19:47:39+00:00","breadcrumb":{"@id":"https:\/\/tirinha.com\/sobre-nos\/#breadcrumb"},"inLanguage":"tr","potentialAction":[{"@type":"ReadAction","target":["https:\/\/tirinha.com\/sobre-nos\/"]}]},{"@type":"BreadcrumbList","@id":"https:\/\/tirinha.com\/sobre-nos\/#breadcrumb","itemListElement":[{"@type":"ListItem","position":1,"name":"Home","item":"https:\/\/tirinha.com\/"},{"@type":"ListItem","position":2,"name":"Sobre N\u00f3s"}]},{"@type":"WebSite","@id":"https:\/\/tirinha.com\/#website","url":"https:\/\/tirinha.com\/","name":"\u00e7izgi roman.com","description":"Sanat ve kitap ele\u015ftirileri","publisher":{"@id":"https:\/\/tirinha.com\/#organization"},"potentialAction":[{"@type":"SearchAction","target":{"@type":"EntryPoint","urlTemplate":"https:\/\/tirinha.com\/?s={search_term_string}"},"query-input":{"@type":"PropertyValueSpecification","valueRequired":true,"valueName":"search_term_string"}}],"inLanguage":"tr"},{"@type":"Organization","@id":"https:\/\/tirinha.com\/#organization","name":"\u00e7izgi roman.com","url":"https:\/\/tirinha.com\/","logo":{"@type":"ImageObject","inLanguage":"tr","@id":"https:\/\/tirinha.com\/#\/schema\/logo\/image\/","url":"https:\/\/tirinha.com\/wp-content\/uploads\/2023\/08\/cropped-Logo-Tirinha.webp","contentUrl":"https:\/\/tirinha.com\/wp-content\/uploads\/2023\/08\/cropped-Logo-Tirinha.webp","width":512,"height":512,"caption":"Tirinha.com"},"image":{"@id":"https:\/\/tirinha.com\/#\/schema\/logo\/image\/"}}]}},"_links":{"self":[{"href":"https:\/\/tirinha.com\/tr\/wp-json\/wp\/v2\/pages\/1655","targetHints":{"allow":["GET"]}}],"collection":[{"href":"https:\/\/tirinha.com\/tr\/wp-json\/wp\/v2\/pages"}],"about":[{"href":"https:\/\/tirinha.com\/tr\/wp-json\/wp\/v2\/types\/page"}],"author":[{"embeddable":true,"href":"https:\/\/tirinha.com\/tr\/wp-json\/wp\/v2\/users\/1"}],"replies":[{"embeddable":true,"href":"https:\/\/tirinha.com\/tr\/wp-json\/wp\/v2\/comments?post=1655"}],"version-history":[{"count":0,"href":"https:\/\/tirinha.com\/tr\/wp-json\/wp\/v2\/pages\/1655\/revisions"}],"wp:attachment":[{"href":"https:\/\/tirinha.com\/tr\/wp-json\/wp\/v2\/media?parent=1655"}],"curies":[{"name":"wp","href":"https:\/\/api.w.org\/{rel}","templated":true}]}}