{"id":216,"date":"2021-05-03T06:08:52","date_gmt":"2021-05-03T06:08:52","guid":{"rendered":"https:\/\/tirinha.com\/?page_id=216"},"modified":"2022-06-23T20:30:34","modified_gmt":"2022-06-23T20:30:34","slug":"gebruiksvoorwaarden","status":"publish","type":"page","link":"https:\/\/tirinha.com\/nl\/termos-de-uso\/","title":{"rendered":"Gebruiksvoorwaarden"},"content":{"rendered":"<h2>1. Voorwaarden<\/h2>\n<p>Bij het bezoeken van de website <a href=\"https:\/\/tirinha.com\/nl\/\">https:\/\/tirinha.com\/<\/a>, Door deze site te gebruiken, gaat u akkoord met deze gebruiksvoorwaarden, alle toepasselijke wet- en regelgeving en erkent u dat u verantwoordelijk bent voor de naleving van alle toepasselijke lokale wetten. Indien u niet akkoord gaat met deze voorwaarden, is het u verboden deze site te gebruiken of te bezoeken. Het materiaal op deze website is beschermd door toepasselijke auteursrecht- en merkenwetgeving.<\/p>\n<h2>2. Licentiegebruik<\/h2>\n<p>U krijgt toestemming om tijdelijk \u00e9\u00e9n exemplaar van het materiaal (informatie of software) op de website https:\/\/tirinha.com\/ te downloaden, uitsluitend voor persoonlijk, niet-commercieel gebruik. Dit is een licentie, geen eigendomsoverdracht, en onder deze licentie is het u niet toegestaan:<\/p>\n<ol>\n<li>het materiaal wijzigen of kopi\u00ebren;<\/li>\n<li>Gebruik het materiaal voor commerci\u00eble doeleinden of voor openbare tentoonstelling (commercieel of niet-commercieel);<\/li>\n<li>Het is verboden om software op de website https:\/\/tirinha.com\/ te decompileren of reverse-engineeren;<\/li>\n<li>verwijder alle auteursrechtelijke of andere eigendomsvermeldingen van het materiaal; of<\/li>\n<li>Geef het materiaal door aan een andere persoon of maak een kopie van het materiaal op een andere server.<\/li>\n<\/ol>\n<p>Deze licentie wordt automatisch be\u00ebindigd als u een van deze beperkingen schendt en kan te allen tijde door https:\/\/tirinha.com\/ worden be\u00ebindigd. Bij be\u00ebindiging van uw toegang tot dit materiaal of bij be\u00ebindiging van deze licentie, dient u al het gedownloade materiaal in uw bezit te vernietigen, zowel in elektronische als in afgedrukte vorm.<\/p>\n<h2>3. Disclaimer<\/h2>\n<ol>\n<li>Het materiaal op de website https:\/\/tirinha.com\/ wordt aangeboden &#039;zoals het is&#039;. https:\/\/tirinha.com\/ geeft geen garanties, expliciet noch impliciet, en wijst hierbij alle andere garanties af en ontkent deze, inclusief, maar niet beperkt tot, impliciete garanties of voorwaarden van verkoopbaarheid, geschiktheid voor een bepaald doel of niet-inbreuk op intellectueel eigendom of andere schending van rechten.<\/li>\n<li>Bovendien garandeert https:\/\/tirinha.com\/ niet de nauwkeurigheid, de waarschijnlijke resultaten of de betrouwbaarheid van het gebruik van het materiaal op haar website, noch doet zij enige uitspraken hierover, met betrekking tot dergelijk materiaal of op sites die aan deze site zijn gekoppeld.<\/li>\n<\/ol>\n<h2>4. Beperkingen<\/h2>\n<p>In geen geval zullen https:\/\/tirinha.com\/ of haar leveranciers aansprakelijk zijn voor enige schade (inclusief, maar niet beperkt tot, schade door verlies van gegevens of winst, of door bedrijfsonderbreking) die voortvloeit uit het gebruik of de onmogelijkheid tot gebruik van de materialen op https:\/\/tirinha.com\/, zelfs indien https:\/\/tirinha.com\/ of een bevoegd vertegenwoordiger van https:\/\/tirinha.com\/ mondeling of schriftelijk op de hoogte is gesteld van de mogelijkheid van dergelijke schade. Omdat sommige rechtsgebieden geen beperkingen toestaan \u200b\u200bop impliciete garanties, of beperkingen van aansprakelijkheid voor gevolgschade of incidentele schade, zijn deze beperkingen mogelijk niet op u van toepassing.<\/p>\n<h2>5. Precisie van materialen<\/h2>\n<p>De materialen op de website https:\/\/tirinha.com\/ kunnen technische, typografische of fotografische fouten bevatten. https:\/\/tirinha.com\/ garandeert niet dat de materialen op de website accuraat, volledig of actueel zijn. https:\/\/tirinha.com\/ kan de materialen op de website te allen tijde zonder voorafgaande kennisgeving wijzigen. https:\/\/tirinha.com\/ verplicht zich echter niet tot het bijwerken van de materialen.<\/p>\n<h2>6. Links<\/h2>\n<p>De website https:\/\/tirinha.com\/ heeft niet alle sites die aan haar website zijn gekoppeld, beoordeeld en is niet verantwoordelijk voor de inhoud van gelinkte sites. Het plaatsen van een link impliceert geen goedkeuring van de site door https:\/\/tirinha.com\/. Het gebruik van gelinkte websites is voor eigen risico van de gebruiker.<\/p>\n<h3>Wijzigingen<\/h3>\n<p>De website https:\/\/tirinha.com\/ kan deze gebruiksvoorwaarden te allen tijde zonder voorafgaande kennisgeving wijzigen. Door deze site te gebruiken, stemt u ermee in gebonden te zijn aan de actuele versie van deze gebruiksvoorwaarden.<\/p>\n<h3>Toepasselijk recht<\/h3>\n<p>Deze algemene voorwaarden worden beheerst door en uitgelegd in overeenstemming met de wetten van https:\/\/tirinha.com\/, en u onderwerpt zich onherroepelijk aan de exclusieve jurisdictie van de rechtbanken in die staat of plaats.<\/p>","protected":false},"excerpt":{"rendered":"<p>1. Termos Ao acessar ao site https:\/\/tirinha.com\/, concorda em cumprir estes termos de servi\u00e7o, todas as leis e regulamentos aplic\u00e1veis &hellip; <\/p>","protected":false},"author":1,"featured_media":0,"parent":0,"menu_order":0,"comment_status":"closed","ping_status":"closed","template":"","meta":{"footnotes":""},"class_list":["post-216","page","type-page","status-publish","hentry","latest_post"],"yoast_head":"<!-- This site is optimized with the Yoast SEO plugin v27.3 - https:\/\/yoast.com\/product\/yoast-seo-wordpress\/ -->\n<title>Termos de uso - Tirinha.com<\/title>\n<meta name=\"robots\" content=\"index, follow, max-snippet:-1, max-image-preview:large, max-video-preview:-1\" \/>\n<link rel=\"canonical\" href=\"https:\/\/tirinha.com\/nl\/gebruiksvoorwaarden\/\" \/>\n<meta property=\"og:locale\" content=\"nl_NL\" \/>\n<meta property=\"og:type\" content=\"article\" \/>\n<meta property=\"og:title\" content=\"Termos de uso - Tirinha.com\" \/>\n<meta property=\"og:description\" content=\"1. Termos Ao acessar ao site https:\/\/tirinha.com\/, concorda em cumprir estes termos de servi\u00e7o, todas as leis e regulamentos aplic\u00e1veis &hellip;\" \/>\n<meta property=\"og:url\" content=\"https:\/\/tirinha.com\/nl\/gebruiksvoorwaarden\/\" \/>\n<meta property=\"og:site_name\" content=\"Tirinha.com\" \/>\n<meta property=\"article:modified_time\" content=\"2022-06-23T20:30:34+00:00\" \/>\n<meta name=\"twitter:card\" content=\"summary_large_image\" \/>\n<meta name=\"twitter:label1\" content=\"Geschatte leestijd\" \/>\n\t<meta name=\"twitter:data1\" content=\"4 minuten\" \/>\n<script type=\"application\/ld+json\" class=\"yoast-schema-graph\">{\"@context\":\"https:\\\/\\\/schema.org\",\"@graph\":[{\"@type\":\"WebPage\",\"@id\":\"https:\\\/\\\/tirinha.com\\\/termos-de-uso\\\/\",\"url\":\"https:\\\/\\\/tirinha.com\\\/termos-de-uso\\\/\",\"name\":\"Termos de uso - Tirinha.com\",\"isPartOf\":{\"@id\":\"https:\\\/\\\/tirinha.com\\\/#website\"},\"datePublished\":\"2021-05-03T06:08:52+00:00\",\"dateModified\":\"2022-06-23T20:30:34+00:00\",\"breadcrumb\":{\"@id\":\"https:\\\/\\\/tirinha.com\\\/termos-de-uso\\\/#breadcrumb\"},\"inLanguage\":\"nl-NL\",\"potentialAction\":[{\"@type\":\"ReadAction\",\"target\":[\"https:\\\/\\\/tirinha.com\\\/termos-de-uso\\\/\"]}]},{\"@type\":\"BreadcrumbList\",\"@id\":\"https:\\\/\\\/tirinha.com\\\/termos-de-uso\\\/#breadcrumb\",\"itemListElement\":[{\"@type\":\"ListItem\",\"position\":1,\"name\":\"Home\",\"item\":\"https:\\\/\\\/tirinha.com\\\/\"},{\"@type\":\"ListItem\",\"position\":2,\"name\":\"Termos de uso\"}]},{\"@type\":\"WebSite\",\"@id\":\"https:\\\/\\\/tirinha.com\\\/#website\",\"url\":\"https:\\\/\\\/tirinha.com\\\/\",\"name\":\"Tirinha.com\",\"description\":\"Arte e livros resenhas\",\"publisher\":{\"@id\":\"https:\\\/\\\/tirinha.com\\\/#organization\"},\"potentialAction\":[{\"@type\":\"SearchAction\",\"target\":{\"@type\":\"EntryPoint\",\"urlTemplate\":\"https:\\\/\\\/tirinha.com\\\/?s={search_term_string}\"},\"query-input\":{\"@type\":\"PropertyValueSpecification\",\"valueRequired\":true,\"valueName\":\"search_term_string\"}}],\"inLanguage\":\"nl-NL\"},{\"@type\":\"Organization\",\"@id\":\"https:\\\/\\\/tirinha.com\\\/#organization\",\"name\":\"Tirinha.com\",\"url\":\"https:\\\/\\\/tirinha.com\\\/\",\"logo\":{\"@type\":\"ImageObject\",\"inLanguage\":\"nl-NL\",\"@id\":\"https:\\\/\\\/tirinha.com\\\/#\\\/schema\\\/logo\\\/image\\\/\",\"url\":\"https:\\\/\\\/tirinha.com\\\/wp-content\\\/uploads\\\/2023\\\/08\\\/cropped-Logo-Tirinha.webp\",\"contentUrl\":\"https:\\\/\\\/tirinha.com\\\/wp-content\\\/uploads\\\/2023\\\/08\\\/cropped-Logo-Tirinha.webp\",\"width\":512,\"height\":512,\"caption\":\"Tirinha.com\"},\"image\":{\"@id\":\"https:\\\/\\\/tirinha.com\\\/#\\\/schema\\\/logo\\\/image\\\/\"}}]}<\/script>\n<!-- \/ Yoast SEO plugin. -->","yoast_head_json":{"title":"Gebruiksvoorwaarden - Tirinha.com","robots":{"index":"index","follow":"follow","max-snippet":"max-snippet:-1","max-image-preview":"max-image-preview:large","max-video-preview":"max-video-preview:-1"},"canonical":"https:\/\/tirinha.com\/nl\/gebruiksvoorwaarden\/","og_locale":"nl_NL","og_type":"article","og_title":"Termos de uso - Tirinha.com","og_description":"1. Termos Ao acessar ao site https:\/\/tirinha.com\/, concorda em cumprir estes termos de servi\u00e7o, todas as leis e regulamentos aplic\u00e1veis &hellip;","og_url":"https:\/\/tirinha.com\/nl\/gebruiksvoorwaarden\/","og_site_name":"Tirinha.com","article_modified_time":"2022-06-23T20:30:34+00:00","twitter_card":"summary_large_image","twitter_misc":{"Geschatte leestijd":"4 minuten"},"schema":{"@context":"https:\/\/schema.org","@graph":[{"@type":"WebPage","@id":"https:\/\/tirinha.com\/termos-de-uso\/","url":"https:\/\/tirinha.com\/termos-de-uso\/","name":"Gebruiksvoorwaarden - Tirinha.com","isPartOf":{"@id":"https:\/\/tirinha.com\/#website"},"datePublished":"2021-05-03T06:08:52+00:00","dateModified":"2022-06-23T20:30:34+00:00","breadcrumb":{"@id":"https:\/\/tirinha.com\/termos-de-uso\/#breadcrumb"},"inLanguage":"nl-NL","potentialAction":[{"@type":"ReadAction","target":["https:\/\/tirinha.com\/termos-de-uso\/"]}]},{"@type":"BreadcrumbList","@id":"https:\/\/tirinha.com\/termos-de-uso\/#breadcrumb","itemListElement":[{"@type":"ListItem","position":1,"name":"Home","item":"https:\/\/tirinha.com\/"},{"@type":"ListItem","position":2,"name":"Termos de uso"}]},{"@type":"WebSite","@id":"https:\/\/tirinha.com\/#website","url":"https:\/\/tirinha.com\/","name":"Tirinha.com","description":"Kunst- en boekrecensies","publisher":{"@id":"https:\/\/tirinha.com\/#organization"},"potentialAction":[{"@type":"SearchAction","target":{"@type":"EntryPoint","urlTemplate":"https:\/\/tirinha.com\/?s={search_term_string}"},"query-input":{"@type":"PropertyValueSpecification","valueRequired":true,"valueName":"search_term_string"}}],"inLanguage":"nl-NL"},{"@type":"Organization","@id":"https:\/\/tirinha.com\/#organization","name":"Tirinha.com","url":"https:\/\/tirinha.com\/","logo":{"@type":"ImageObject","inLanguage":"nl-NL","@id":"https:\/\/tirinha.com\/#\/schema\/logo\/image\/","url":"https:\/\/tirinha.com\/wp-content\/uploads\/2023\/08\/cropped-Logo-Tirinha.webp","contentUrl":"https:\/\/tirinha.com\/wp-content\/uploads\/2023\/08\/cropped-Logo-Tirinha.webp","width":512,"height":512,"caption":"Tirinha.com"},"image":{"@id":"https:\/\/tirinha.com\/#\/schema\/logo\/image\/"}}]}},"_links":{"self":[{"href":"https:\/\/tirinha.com\/nl\/wp-json\/wp\/v2\/pages\/216","targetHints":{"allow":["GET"]}}],"collection":[{"href":"https:\/\/tirinha.com\/nl\/wp-json\/wp\/v2\/pages"}],"about":[{"href":"https:\/\/tirinha.com\/nl\/wp-json\/wp\/v2\/types\/page"}],"author":[{"embeddable":true,"href":"https:\/\/tirinha.com\/nl\/wp-json\/wp\/v2\/users\/1"}],"replies":[{"embeddable":true,"href":"https:\/\/tirinha.com\/nl\/wp-json\/wp\/v2\/comments?post=216"}],"version-history":[{"count":0,"href":"https:\/\/tirinha.com\/nl\/wp-json\/wp\/v2\/pages\/216\/revisions"}],"wp:attachment":[{"href":"https:\/\/tirinha.com\/nl\/wp-json\/wp\/v2\/media?parent=216"}],"curies":[{"name":"wp","href":"https:\/\/api.w.org\/{rel}","templated":true}]}}