{"id":1655,"date":"2024-11-25T19:16:08","date_gmt":"2024-11-25T19:16:08","guid":{"rendered":"https:\/\/tirinha.com\/?page_id=1655"},"modified":"2024-11-28T19:47:39","modified_gmt":"2024-11-28T19:47:39","slug":"%e7%a7%81%e3%81%9f%e3%81%a1%e3%81%ab%e3%81%a4%e3%81%84%e3%81%a6","status":"publish","type":"page","link":"https:\/\/tirinha.com\/ja\/sobre-nos\/","title":{"rendered":"\u79c1\u305f\u3061\u306b\u3064\u3044\u3066"},"content":{"rendered":"<p> \u3088\u3046\u3053\u305d <strong>\u6f2b\u753b<\/strong>!<\/p>\n\n\n\n<p>\u3053\u3053\u3067\u306e\u79c1\u305f\u3061\u306e\u4f7f\u547d\u306f\u30b7\u30f3\u30d7\u30eb\u3067\u3059\u3002 <strong>\u672c\u3068\u73cd\u54c1\u306e\u9b45\u529b\u7684\u306a\u4e16\u754c\u3078\u3042\u306a\u305f\u3092\u7e4b\u304e\u307e\u3059<\/strong>. \u611f\u52d5\u7684\u306a\u7269\u8a9e\u3092\u767a\u898b\u3057\u305f\u3044\u3001\u6587\u5b66\u306e\u4e16\u754c\u3092\u63a2\u6c42\u3057\u305f\u3044\u3001\u3042\u308b\u3044\u306f\u5358\u306b\u73cd\u3057\u3044\u77e5\u8b58\u3078\u306e\u6e07\u671b\u3092\u6e80\u305f\u3057\u305f\u3044\u306a\u3089\u3001Tirinha \u306f\u3042\u306a\u305f\u306b\u3074\u3063\u305f\u308a\u306e\u5834\u6240\u3067\u3059\u3002.<\/p>\n\n\n\n<p>\u79c1\u305f\u3061\u306f\u3001\u5fc3\u3092\u523a\u6fc0\u3057\u3001\u60f3\u50cf\u529b\u3092\u63bb\u304d\u7acb\u3066\u308b\u30b3\u30f3\u30c6\u30f3\u30c4\u3092\u5171\u6709\u3059\u308b\u3053\u3068\u3092\u5927\u5207\u306b\u3057\u3066\u3044\u307e\u3059\u3002\u79c1\u305f\u3061\u306e\u6295\u7a3f\u306f\u3001\u71b1\u5fc3\u306a\u8aad\u66f8\u5bb6\u304b\u3089\u3001\u5358\u306b\u597d\u5947\u5fc3\u65fa\u76db\u3067\u4f55\u304b\u65b0\u3057\u3044\u3053\u3068\u3092\u5b66\u3073\u305f\u3044\u3068\u601d\u3063\u3066\u3044\u308b\u4eba\u307e\u3067\u3001\u3042\u3089\u3086\u308b\u30bf\u30a4\u30d7\u306e\u8aad\u8005\u306b\u5411\u3051\u3066\u4f5c\u3089\u308c\u3066\u3044\u307e\u3059\u3002.<\/p>\n\n\n\n<p>\u3053\u306e\u6f2b\u753b\u3067\u306f\u3001\u305d\u308c\u305e\u308c\u306e\u6295\u7a3f\u304c\u3001\u9b45\u529b\u7684\u306a\u7269\u8a9e\u3068\u9a5a\u304d\u306e\u597d\u5947\u5fc3\u3092\u5de1\u308b\u65c5\u3078\u306e\u62db\u5f85\u72b6\u3068\u306a\u3063\u3066\u3044\u307e\u3059\u3002\u8aad\u66f8\u3068\u77e5\u8b58\u306f\u3001\u79c1\u305f\u3061\u3092\u4e16\u754c\u3068\u3001\u305d\u3057\u3066\u4e92\u3044\u306b\u7e4b\u3050\u67b6\u3051\u6a4b\u3060\u3068\u79c1\u305f\u3061\u306f\u4fe1\u3058\u3066\u3044\u307e\u3059\u3002.<\/p>\n\n\n\n<p>\u30a4\u30f3\u30b9\u30d4\u30ec\u30fc\u30b7\u30e7\u30f3\u3068\u767a\u898b\u306b\u6e80\u3061\u305f\u3053\u306e\u65c5\u306b\u3001\u305c\u3072\u3054\u53c2\u52a0\u304f\u3060\u3055\u3044\u3002\u4eba\u751f\u306e\u300c\u5c0f\u3055\u306a\u65ad\u7247\u300d\u304b\u3089\u3053\u305d\u3001\u6700\u9ad8\u306e\u7269\u8a9e\u304c\u751f\u307e\u308c\u308b\u306e\u3067\u3059\u304b\u3089\uff01<\/p>","protected":false},"excerpt":{"rendered":"<p>Bem-vindo ao Tirinha! Aqui, nossa miss\u00e3o \u00e9 simples: conectar voc\u00ea ao fascinante universo dos livros e curiosidades. Seja para descobrir &hellip; <\/p>","protected":false},"author":1,"featured_media":0,"parent":0,"menu_order":0,"comment_status":"closed","ping_status":"closed","template":"","meta":{"footnotes":""},"class_list":["post-1655","page","type-page","status-publish","hentry","latest_post"],"yoast_head":"<!-- This site is optimized with the Yoast SEO plugin v27.3 - https:\/\/yoast.com\/product\/yoast-seo-wordpress\/ -->\n<title>Sobre N\u00f3s - Tirinha.com<\/title>\n<meta name=\"robots\" content=\"index, follow, max-snippet:-1, max-image-preview:large, max-video-preview:-1\" \/>\n<link rel=\"canonical\" href=\"https:\/\/tirinha.com\/ja\/\u79c1\u305f\u3061\u306b\u3064\u3044\u3066\/\" \/>\n<meta property=\"og:locale\" content=\"ja_JP\" \/>\n<meta property=\"og:type\" content=\"article\" \/>\n<meta property=\"og:title\" content=\"Sobre N\u00f3s - Tirinha.com\" \/>\n<meta property=\"og:description\" content=\"Bem-vindo ao Tirinha! Aqui, nossa miss\u00e3o \u00e9 simples: conectar voc\u00ea ao fascinante universo dos livros e curiosidades. Seja para descobrir &hellip;\" \/>\n<meta property=\"og:url\" content=\"https:\/\/tirinha.com\/ja\/\u79c1\u305f\u3061\u306b\u3064\u3044\u3066\/\" \/>\n<meta property=\"og:site_name\" content=\"Tirinha.com\" \/>\n<meta property=\"article:modified_time\" content=\"2024-11-28T19:47:39+00:00\" \/>\n<meta name=\"twitter:card\" content=\"summary_large_image\" \/>\n<meta name=\"twitter:label1\" content=\"\u63a8\u5b9a\u8aad\u307f\u53d6\u308a\u6642\u9593\" \/>\n\t<meta name=\"twitter:data1\" content=\"1\u5206\" \/>\n<script type=\"application\/ld+json\" class=\"yoast-schema-graph\">{\"@context\":\"https:\\\/\\\/schema.org\",\"@graph\":[{\"@type\":\"WebPage\",\"@id\":\"https:\\\/\\\/tirinha.com\\\/sobre-nos\\\/\",\"url\":\"https:\\\/\\\/tirinha.com\\\/sobre-nos\\\/\",\"name\":\"Sobre N\u00f3s - Tirinha.com\",\"isPartOf\":{\"@id\":\"https:\\\/\\\/tirinha.com\\\/#website\"},\"datePublished\":\"2024-11-25T19:16:08+00:00\",\"dateModified\":\"2024-11-28T19:47:39+00:00\",\"breadcrumb\":{\"@id\":\"https:\\\/\\\/tirinha.com\\\/sobre-nos\\\/#breadcrumb\"},\"inLanguage\":\"ja\",\"potentialAction\":[{\"@type\":\"ReadAction\",\"target\":[\"https:\\\/\\\/tirinha.com\\\/sobre-nos\\\/\"]}]},{\"@type\":\"BreadcrumbList\",\"@id\":\"https:\\\/\\\/tirinha.com\\\/sobre-nos\\\/#breadcrumb\",\"itemListElement\":[{\"@type\":\"ListItem\",\"position\":1,\"name\":\"Home\",\"item\":\"https:\\\/\\\/tirinha.com\\\/\"},{\"@type\":\"ListItem\",\"position\":2,\"name\":\"Sobre N\u00f3s\"}]},{\"@type\":\"WebSite\",\"@id\":\"https:\\\/\\\/tirinha.com\\\/#website\",\"url\":\"https:\\\/\\\/tirinha.com\\\/\",\"name\":\"Tirinha.com\",\"description\":\"Arte e livros resenhas\",\"publisher\":{\"@id\":\"https:\\\/\\\/tirinha.com\\\/#organization\"},\"potentialAction\":[{\"@type\":\"SearchAction\",\"target\":{\"@type\":\"EntryPoint\",\"urlTemplate\":\"https:\\\/\\\/tirinha.com\\\/?s={search_term_string}\"},\"query-input\":{\"@type\":\"PropertyValueSpecification\",\"valueRequired\":true,\"valueName\":\"search_term_string\"}}],\"inLanguage\":\"ja\"},{\"@type\":\"Organization\",\"@id\":\"https:\\\/\\\/tirinha.com\\\/#organization\",\"name\":\"Tirinha.com\",\"url\":\"https:\\\/\\\/tirinha.com\\\/\",\"logo\":{\"@type\":\"ImageObject\",\"inLanguage\":\"ja\",\"@id\":\"https:\\\/\\\/tirinha.com\\\/#\\\/schema\\\/logo\\\/image\\\/\",\"url\":\"https:\\\/\\\/tirinha.com\\\/wp-content\\\/uploads\\\/2023\\\/08\\\/cropped-Logo-Tirinha.webp\",\"contentUrl\":\"https:\\\/\\\/tirinha.com\\\/wp-content\\\/uploads\\\/2023\\\/08\\\/cropped-Logo-Tirinha.webp\",\"width\":512,\"height\":512,\"caption\":\"Tirinha.com\"},\"image\":{\"@id\":\"https:\\\/\\\/tirinha.com\\\/#\\\/schema\\\/logo\\\/image\\\/\"}}]}<\/script>\n<!-- \/ Yoast SEO plugin. -->","yoast_head_json":{"title":"\u4f1a\u793e\u6982\u8981 - Tirinha.com","robots":{"index":"index","follow":"follow","max-snippet":"max-snippet:-1","max-image-preview":"max-image-preview:large","max-video-preview":"max-video-preview:-1"},"canonical":"https:\/\/tirinha.com\/ja\/\u79c1\u305f\u3061\u306b\u3064\u3044\u3066\/","og_locale":"ja_JP","og_type":"article","og_title":"Sobre N\u00f3s - Tirinha.com","og_description":"Bem-vindo ao Tirinha! Aqui, nossa miss\u00e3o \u00e9 simples: conectar voc\u00ea ao fascinante universo dos livros e curiosidades. Seja para descobrir &hellip;","og_url":"https:\/\/tirinha.com\/ja\/\u79c1\u305f\u3061\u306b\u3064\u3044\u3066\/","og_site_name":"Tirinha.com","article_modified_time":"2024-11-28T19:47:39+00:00","twitter_card":"summary_large_image","twitter_misc":{"\u63a8\u5b9a\u8aad\u307f\u53d6\u308a\u6642\u9593":"1\u5206"},"schema":{"@context":"https:\/\/schema.org","@graph":[{"@type":"WebPage","@id":"https:\/\/tirinha.com\/sobre-nos\/","url":"https:\/\/tirinha.com\/sobre-nos\/","name":"\u4f1a\u793e\u6982\u8981 - Tirinha.com","isPartOf":{"@id":"https:\/\/tirinha.com\/#website"},"datePublished":"2024-11-25T19:16:08+00:00","dateModified":"2024-11-28T19:47:39+00:00","breadcrumb":{"@id":"https:\/\/tirinha.com\/sobre-nos\/#breadcrumb"},"inLanguage":"ja","potentialAction":[{"@type":"ReadAction","target":["https:\/\/tirinha.com\/sobre-nos\/"]}]},{"@type":"BreadcrumbList","@id":"https:\/\/tirinha.com\/sobre-nos\/#breadcrumb","itemListElement":[{"@type":"ListItem","position":1,"name":"Home","item":"https:\/\/tirinha.com\/"},{"@type":"ListItem","position":2,"name":"Sobre N\u00f3s"}]},{"@type":"WebSite","@id":"https:\/\/tirinha.com\/#website","url":"https:\/\/tirinha.com\/","name":"\u30c6\u30a3\u30ea\u30fc\u30cb\u30e3","description":"\u82b8\u8853\u3068\u672c\u306e\u30ec\u30d3\u30e5\u30fc","publisher":{"@id":"https:\/\/tirinha.com\/#organization"},"potentialAction":[{"@type":"SearchAction","target":{"@type":"EntryPoint","urlTemplate":"https:\/\/tirinha.com\/?s={search_term_string}"},"query-input":{"@type":"PropertyValueSpecification","valueRequired":true,"valueName":"search_term_string"}}],"inLanguage":"ja"},{"@type":"Organization","@id":"https:\/\/tirinha.com\/#organization","name":"\u30c6\u30a3\u30ea\u30fc\u30cb\u30e3","url":"https:\/\/tirinha.com\/","logo":{"@type":"ImageObject","inLanguage":"ja","@id":"https:\/\/tirinha.com\/#\/schema\/logo\/image\/","url":"https:\/\/tirinha.com\/wp-content\/uploads\/2023\/08\/cropped-Logo-Tirinha.webp","contentUrl":"https:\/\/tirinha.com\/wp-content\/uploads\/2023\/08\/cropped-Logo-Tirinha.webp","width":512,"height":512,"caption":"Tirinha.com"},"image":{"@id":"https:\/\/tirinha.com\/#\/schema\/logo\/image\/"}}]}},"_links":{"self":[{"href":"https:\/\/tirinha.com\/ja\/wp-json\/wp\/v2\/pages\/1655","targetHints":{"allow":["GET"]}}],"collection":[{"href":"https:\/\/tirinha.com\/ja\/wp-json\/wp\/v2\/pages"}],"about":[{"href":"https:\/\/tirinha.com\/ja\/wp-json\/wp\/v2\/types\/page"}],"author":[{"embeddable":true,"href":"https:\/\/tirinha.com\/ja\/wp-json\/wp\/v2\/users\/1"}],"replies":[{"embeddable":true,"href":"https:\/\/tirinha.com\/ja\/wp-json\/wp\/v2\/comments?post=1655"}],"version-history":[{"count":0,"href":"https:\/\/tirinha.com\/ja\/wp-json\/wp\/v2\/pages\/1655\/revisions"}],"wp:attachment":[{"href":"https:\/\/tirinha.com\/ja\/wp-json\/wp\/v2\/media?parent=1655"}],"curies":[{"name":"wp","href":"https:\/\/api.w.org\/{rel}","templated":true}]}}