{"id":1655,"date":"2024-11-25T19:16:08","date_gmt":"2024-11-25T19:16:08","guid":{"rendered":"https:\/\/tirinha.com\/?page_id=1655"},"modified":"2024-11-28T19:47:39","modified_gmt":"2024-11-28T19:47:39","slug":"chi-siamo","status":"publish","type":"page","link":"https:\/\/tirinha.com\/it\/sobre-nos\/","title":{"rendered":"Chi siamo"},"content":{"rendered":"<p> Benvenuti a <strong>Fumetto<\/strong>!<\/p>\n\n\n\n<p>Qui la nostra missione \u00e8 semplice: <strong>ti connettono all&#039;affascinante mondo dei libri e delle curiosit\u00e0<\/strong>. Che tu voglia scoprire storie stimolanti, esplorare mondi letterari o semplicemente soddisfare la tua sete di conoscenze insolite, Tirinha \u00e8 il posto che fa per te.<\/p>\n\n\n\n<p>Amiamo condividere contenuti che stimolino la mente e accendano l&#039;immaginazione. I nostri post sono pensati per lettori di ogni tipo: dai divoratori di pagine ai curiosi sempre in movimento alla ricerca di qualcosa di nuovo da imparare.<\/p>\n\n\n\n<p>Su Tirinha ogni post \u00e8 un invito a viaggiare attraverso narrazioni coinvolgenti e curiosit\u00e0 sorprendenti. Dopotutto, crediamo che la lettura e la conoscenza siano ponti che ci collegano al mondo e tra di noi.<\/p>\n\n\n\n<p>Unisciti a noi in questo viaggio pieno di ispirazione e scoperte. Perch\u00e9, in fin dei conti, \u00e8 dalle \u201cstrisce\u201d della vita che costruiamo le storie migliori!<\/p>","protected":false},"excerpt":{"rendered":"<p>Benvenuti a Comic Strip! La nostra missione \u00e8 semplice: farti entrare in contatto con l&#039;affascinante mondo dei libri e delle curiosit\u00e0. Se scoprire\u2026 <\/p>","protected":false},"author":1,"featured_media":0,"parent":0,"menu_order":0,"comment_status":"closed","ping_status":"closed","template":"","meta":{"footnotes":""},"class_list":["post-1655","page","type-page","status-publish","hentry","latest_post"],"yoast_head":"<!-- This site is optimized with the Yoast SEO plugin v27.3 - https:\/\/yoast.com\/product\/yoast-seo-wordpress\/ -->\n<title>Sobre N\u00f3s - Tirinha.com<\/title>\n<meta name=\"robots\" content=\"index, follow, max-snippet:-1, max-image-preview:large, max-video-preview:-1\" \/>\n<link rel=\"canonical\" href=\"https:\/\/tirinha.com\/it\/chi-siamo\/\" \/>\n<meta property=\"og:locale\" content=\"it_IT\" \/>\n<meta property=\"og:type\" content=\"article\" \/>\n<meta property=\"og:title\" content=\"Sobre N\u00f3s - Tirinha.com\" \/>\n<meta property=\"og:description\" content=\"Bem-vindo ao Tirinha! Aqui, nossa miss\u00e3o \u00e9 simples: conectar voc\u00ea ao fascinante universo dos livros e curiosidades. Seja para descobrir &hellip;\" \/>\n<meta property=\"og:url\" content=\"https:\/\/tirinha.com\/it\/chi-siamo\/\" \/>\n<meta property=\"og:site_name\" content=\"Tirinha.com\" \/>\n<meta property=\"article:modified_time\" content=\"2024-11-28T19:47:39+00:00\" \/>\n<meta name=\"twitter:card\" content=\"summary_large_image\" \/>\n<meta name=\"twitter:label1\" content=\"Tempo di lettura stimato\" \/>\n\t<meta name=\"twitter:data1\" content=\"1 minuto\" \/>\n<script type=\"application\/ld+json\" class=\"yoast-schema-graph\">{\"@context\":\"https:\\\/\\\/schema.org\",\"@graph\":[{\"@type\":\"WebPage\",\"@id\":\"https:\\\/\\\/tirinha.com\\\/sobre-nos\\\/\",\"url\":\"https:\\\/\\\/tirinha.com\\\/sobre-nos\\\/\",\"name\":\"Sobre N\u00f3s - Tirinha.com\",\"isPartOf\":{\"@id\":\"https:\\\/\\\/tirinha.com\\\/#website\"},\"datePublished\":\"2024-11-25T19:16:08+00:00\",\"dateModified\":\"2024-11-28T19:47:39+00:00\",\"breadcrumb\":{\"@id\":\"https:\\\/\\\/tirinha.com\\\/sobre-nos\\\/#breadcrumb\"},\"inLanguage\":\"it-IT\",\"potentialAction\":[{\"@type\":\"ReadAction\",\"target\":[\"https:\\\/\\\/tirinha.com\\\/sobre-nos\\\/\"]}]},{\"@type\":\"BreadcrumbList\",\"@id\":\"https:\\\/\\\/tirinha.com\\\/sobre-nos\\\/#breadcrumb\",\"itemListElement\":[{\"@type\":\"ListItem\",\"position\":1,\"name\":\"Home\",\"item\":\"https:\\\/\\\/tirinha.com\\\/\"},{\"@type\":\"ListItem\",\"position\":2,\"name\":\"Sobre N\u00f3s\"}]},{\"@type\":\"WebSite\",\"@id\":\"https:\\\/\\\/tirinha.com\\\/#website\",\"url\":\"https:\\\/\\\/tirinha.com\\\/\",\"name\":\"Tirinha.com\",\"description\":\"Arte e livros resenhas\",\"publisher\":{\"@id\":\"https:\\\/\\\/tirinha.com\\\/#organization\"},\"potentialAction\":[{\"@type\":\"SearchAction\",\"target\":{\"@type\":\"EntryPoint\",\"urlTemplate\":\"https:\\\/\\\/tirinha.com\\\/?s={search_term_string}\"},\"query-input\":{\"@type\":\"PropertyValueSpecification\",\"valueRequired\":true,\"valueName\":\"search_term_string\"}}],\"inLanguage\":\"it-IT\"},{\"@type\":\"Organization\",\"@id\":\"https:\\\/\\\/tirinha.com\\\/#organization\",\"name\":\"Tirinha.com\",\"url\":\"https:\\\/\\\/tirinha.com\\\/\",\"logo\":{\"@type\":\"ImageObject\",\"inLanguage\":\"it-IT\",\"@id\":\"https:\\\/\\\/tirinha.com\\\/#\\\/schema\\\/logo\\\/image\\\/\",\"url\":\"https:\\\/\\\/tirinha.com\\\/wp-content\\\/uploads\\\/2023\\\/08\\\/cropped-Logo-Tirinha.webp\",\"contentUrl\":\"https:\\\/\\\/tirinha.com\\\/wp-content\\\/uploads\\\/2023\\\/08\\\/cropped-Logo-Tirinha.webp\",\"width\":512,\"height\":512,\"caption\":\"Tirinha.com\"},\"image\":{\"@id\":\"https:\\\/\\\/tirinha.com\\\/#\\\/schema\\\/logo\\\/image\\\/\"}}]}<\/script>\n<!-- \/ Yoast SEO plugin. -->","yoast_head_json":{"title":"Chi siamo - Tirinha.com","robots":{"index":"index","follow":"follow","max-snippet":"max-snippet:-1","max-image-preview":"max-image-preview:large","max-video-preview":"max-video-preview:-1"},"canonical":"https:\/\/tirinha.com\/it\/chi-siamo\/","og_locale":"it_IT","og_type":"article","og_title":"Sobre N\u00f3s - Tirinha.com","og_description":"Bem-vindo ao Tirinha! Aqui, nossa miss\u00e3o \u00e9 simples: conectar voc\u00ea ao fascinante universo dos livros e curiosidades. Seja para descobrir &hellip;","og_url":"https:\/\/tirinha.com\/it\/chi-siamo\/","og_site_name":"Tirinha.com","article_modified_time":"2024-11-28T19:47:39+00:00","twitter_card":"summary_large_image","twitter_misc":{"Tempo di lettura stimato":"1 minuto"},"schema":{"@context":"https:\/\/schema.org","@graph":[{"@type":"WebPage","@id":"https:\/\/tirinha.com\/sobre-nos\/","url":"https:\/\/tirinha.com\/sobre-nos\/","name":"Chi siamo - Tirinha.com","isPartOf":{"@id":"https:\/\/tirinha.com\/#website"},"datePublished":"2024-11-25T19:16:08+00:00","dateModified":"2024-11-28T19:47:39+00:00","breadcrumb":{"@id":"https:\/\/tirinha.com\/sobre-nos\/#breadcrumb"},"inLanguage":"it-IT","potentialAction":[{"@type":"ReadAction","target":["https:\/\/tirinha.com\/sobre-nos\/"]}]},{"@type":"BreadcrumbList","@id":"https:\/\/tirinha.com\/sobre-nos\/#breadcrumb","itemListElement":[{"@type":"ListItem","position":1,"name":"Home","item":"https:\/\/tirinha.com\/"},{"@type":"ListItem","position":2,"name":"Sobre N\u00f3s"}]},{"@type":"WebSite","@id":"https:\/\/tirinha.com\/#website","url":"https:\/\/tirinha.com\/","name":"Fumetto.com","description":"Recensioni di arte e libri","publisher":{"@id":"https:\/\/tirinha.com\/#organization"},"potentialAction":[{"@type":"SearchAction","target":{"@type":"EntryPoint","urlTemplate":"https:\/\/tirinha.com\/?s={search_term_string}"},"query-input":{"@type":"PropertyValueSpecification","valueRequired":true,"valueName":"search_term_string"}}],"inLanguage":"it-IT"},{"@type":"Organization","@id":"https:\/\/tirinha.com\/#organization","name":"Fumetto.com","url":"https:\/\/tirinha.com\/","logo":{"@type":"ImageObject","inLanguage":"it-IT","@id":"https:\/\/tirinha.com\/#\/schema\/logo\/image\/","url":"https:\/\/tirinha.com\/wp-content\/uploads\/2023\/08\/cropped-Logo-Tirinha.webp","contentUrl":"https:\/\/tirinha.com\/wp-content\/uploads\/2023\/08\/cropped-Logo-Tirinha.webp","width":512,"height":512,"caption":"Tirinha.com"},"image":{"@id":"https:\/\/tirinha.com\/#\/schema\/logo\/image\/"}}]}},"_links":{"self":[{"href":"https:\/\/tirinha.com\/it\/wp-json\/wp\/v2\/pages\/1655","targetHints":{"allow":["GET"]}}],"collection":[{"href":"https:\/\/tirinha.com\/it\/wp-json\/wp\/v2\/pages"}],"about":[{"href":"https:\/\/tirinha.com\/it\/wp-json\/wp\/v2\/types\/page"}],"author":[{"embeddable":true,"href":"https:\/\/tirinha.com\/it\/wp-json\/wp\/v2\/users\/1"}],"replies":[{"embeddable":true,"href":"https:\/\/tirinha.com\/it\/wp-json\/wp\/v2\/comments?post=1655"}],"version-history":[{"count":0,"href":"https:\/\/tirinha.com\/it\/wp-json\/wp\/v2\/pages\/1655\/revisions"}],"wp:attachment":[{"href":"https:\/\/tirinha.com\/it\/wp-json\/wp\/v2\/media?parent=1655"}],"curies":[{"name":"parola chiave","href":"https:\/\/api.w.org\/{rel}","templated":true}]}}