{"id":216,"date":"2021-05-03T06:08:52","date_gmt":"2021-05-03T06:08:52","guid":{"rendered":"https:\/\/tirinha.com\/?page_id=216"},"modified":"2022-06-23T20:30:34","modified_gmt":"2022-06-23T20:30:34","slug":"uvjeti-koristenja","status":"publish","type":"page","link":"https:\/\/tirinha.com\/hr\/termos-de-uso\/","title":{"rendered":"Uvjeti kori\u0161tenja"},"content":{"rendered":"<h2>1. Uvjeti<\/h2>\n<p>Prilikom pristupa web stranici <a href=\"https:\/\/tirinha.com\/hr\/\">https:\/\/tirinha.com\/<\/a>, sla\u017eete se da \u0107ete se pridr\u017eavati ovih uvjeta pru\u017eanja usluge, svih primjenjivih zakona i propisa i sla\u017eete se da ste odgovorni za po\u0161tivanje svih primjenjivih lokalnih zakona. Ako se ne sla\u017eete s bilo kojim od ovih uvjeta, zabranjeno vam je kori\u0161tenje ili pristup ovoj web stranici. Materijali sadr\u017eani na ovoj stranici za\u0161ti\u0107eni su va\u017ee\u0107im zakonima o autorskim pravima i za\u0161titnim znakovima.<\/p>\n<h2>2. Kori\u0161tenje licence<\/h2>\n<p>Dopu\u0161teno je privremeno preuzimanje jedne kopije materijala (informacija ili softvera) na https:\/\/teirinha.com\/ samo za osobno, nekomercijalno prolazno gledanje. Ovo je dodjela licence, a ne prijenos vlasni\u0161tva, i prema ovoj licenci ne smijete:<\/p>\n<ol>\n<li>mijenjati ili kopirati materijale;<\/li>\n<li>koristiti materijale u bilo koju komercijalnu svrhu ili za javno prikazivanje (komercijalno ili nekomercijalno);<\/li>\n<li>poku\u0161ati dekompilirati ili obrnuti in\u017eenjering bilo kojeg softvera koji se nalazi na web stranici https:\/\/teirinha.com\/;<\/li>\n<li>ukloniti sva autorska prava ili druge vlasni\u010dke oznake iz materijala; ili<\/li>\n<li>prenijeti materijale drugoj osobi ili &#039;zrcaliti&#039; materijale na bilo kojem drugom poslu\u017eitelju.<\/li>\n<\/ol>\n<p>Ova \u0107e licenca automatski prestati ako prekr\u0161ite bilo koje od ovih ograni\u010denja i mo\u017ee ju u bilo kojem trenutku prekinuti https:\/\/teirinha.com\/. Nakon prestanka pregledavanja ovih materijala ili nakon raskida ove licence, morate izbrisati sve preuzete materijale u svom posjedu, bilo u elektroni\u010dkom ili tiskanom obliku.<\/p>\n<h2>3. Odricanje od odgovornosti<\/h2>\n<ol>\n<li>Materijali na web stranici https:\/\/teirinha.com\/ dostupni su &quot;kakvi jesu&quot;. https:\/\/tirinha.com\/ ne daje nikakva jamstva, izri\u010dita ili pre\u0161utna, te se ovime odri\u010de i odri\u010de svih drugih jamstava, uklju\u010duju\u0107i, bez ograni\u010denja, implicitna jamstva ili uvjete utr\u017eivosti, prikladnosti za odre\u0111enu svrhu ili intelektualno vlasni\u0161tvo bez kr\u0161enja ili druge povrede prava.<\/li>\n<li>Nadalje, https:\/\/tirinha.com\/ ne jam\u010di niti daje bilo kakve izjave o to\u010dnosti, vjerojatnim rezultatima ili pouzdanosti upotrebe materijala na svojoj web stranici ili na drugi na\u010din povezanih s tim materijalima ili na web stranicama povezanim s ovom stranicom.<\/li>\n<\/ol>\n<h2>4. Ograni\u010denja<\/h2>\n<p>Ni u kojem slu\u010daju https:\/\/tirinha.com\/ ili njegovi dobavlja\u010di ne\u0107e biti odgovorni za bilo kakvu \u0161tetu (uklju\u010duju\u0107i, bez ograni\u010denja, \u0161tetu zbog gubitka podataka ili dobiti ili zbog prekida poslovanja) proiza\u0161lu iz kori\u0161tenja ili nemogu\u0107nosti kori\u0161tenja materijala na https:\/\/tirinha.com\/, \u010dak i ako je https:\/\/tirinha.com\/ ili ovla\u0161teni predstavnik https:\/\/tirinha.com\/ usmeno ili pismeno obavije\u0161ten o mogu\u0107nosti takve \u0161tete. Budu\u0107i da neke jurisdikcije ne dopu\u0161taju ograni\u010denja implicitnih jamstava ili ograni\u010denja odgovornosti za posljedi\u010dne ili slu\u010dajne \u0161tete, ta se ograni\u010denja mo\u017eda ne odnose na vas.<\/p>\n<h2>5. To\u010dnost materijala<\/h2>\n<p>Materijali koji se pojavljuju na web stranici https:\/\/teirinha.com\/ mogu uklju\u010divati tehni\u010dke, tipografske ili fotografske pogre\u0161ke. https:\/\/teirinha.com\/ ne jam\u010di da je bilo koji materijal na njegovoj web stranici to\u010dan, potpun ili aktualan. https:\/\/teirinha.com\/ mo\u017ee mijenjati materijale sadr\u017eane na svojoj web stranici u bilo koje vrijeme bez prethodne najave. Me\u0111utim, https:\/\/teirinha.com\/ se ne obvezuje a\u017eurirati materijale.<\/p>\n<h2>6. Poveznice<\/h2>\n<p>https:\/\/tirinha.com\/ nije pregledao sva mjesta povezana s njegovim mjestom i nije odgovoran za sadr\u017eaj bilo kojeg povezanog mjesta. Uklju\u010divanje bilo koje poveznice ne podrazumijeva odobravanje stranice od strane https:\/\/teirinha.com\/. Kori\u0161tenje bilo koje povezane stranice je na vlastitu odgovornost korisnika.<\/p>\n<h3>Izmjene<\/h3>\n<p>https:\/\/teirinha.com\/ mo\u017ee revidirati ove uvjete pru\u017eanja usluge za svoje web mjesto u bilo kojem trenutku bez prethodne obavijesti. Kori\u0161tenjem ove web stranice suglasni ste s trenutnom verzijom ovih uvjeta pru\u017eanja usluge.<\/p>\n<h3>Mjerodavno pravo<\/h3>\n<p>Ovi uvjeti i odredbe ure\u0111eni su i tuma\u010de se u skladu sa zakonima https:\/\/tirinha.com\/ i vi se neopozivo podvrgavate isklju\u010divoj nadle\u017enosti sudova u toj dr\u017eavi ili mjestu.<\/p>","protected":false},"excerpt":{"rendered":"<p>1. Uvjeti Pristupanjem web stranici https:\/\/tirinha.com\/ prihva\u0107ate ove uvjete pru\u017eanja usluge, sve va\u017ee\u0107e zakone i propise\u2026 <\/p>","protected":false},"author":1,"featured_media":0,"parent":0,"menu_order":0,"comment_status":"closed","ping_status":"closed","template":"","meta":{"footnotes":""},"class_list":["post-216","page","type-page","status-publish","hentry","latest_post"],"yoast_head":"<!-- This site is optimized with the Yoast SEO plugin v27.3 - https:\/\/yoast.com\/product\/yoast-seo-wordpress\/ -->\n<title>Termos de uso - Tirinha.com<\/title>\n<meta name=\"robots\" content=\"index, follow, max-snippet:-1, max-image-preview:large, max-video-preview:-1\" \/>\n<link rel=\"canonical\" href=\"https:\/\/tirinha.com\/hr\/uvjeti-koristenja\/\" \/>\n<meta property=\"og:locale\" content=\"hr_HR\" \/>\n<meta property=\"og:type\" content=\"article\" \/>\n<meta property=\"og:title\" content=\"Termos de uso - Tirinha.com\" \/>\n<meta property=\"og:description\" content=\"1. Termos Ao acessar ao site https:\/\/tirinha.com\/, concorda em cumprir estes termos de servi\u00e7o, todas as leis e regulamentos aplic\u00e1veis &hellip;\" \/>\n<meta property=\"og:url\" content=\"https:\/\/tirinha.com\/hr\/uvjeti-koristenja\/\" \/>\n<meta property=\"og:site_name\" content=\"Tirinha.com\" \/>\n<meta property=\"article:modified_time\" content=\"2022-06-23T20:30:34+00:00\" \/>\n<meta name=\"twitter:card\" content=\"summary_large_image\" \/>\n<meta name=\"twitter:label1\" content=\"Procijenjeno vrijeme \u010ditanja\" \/>\n\t<meta name=\"twitter:data1\" content=\"4 minute\" \/>\n<script type=\"application\/ld+json\" class=\"yoast-schema-graph\">{\"@context\":\"https:\\\/\\\/schema.org\",\"@graph\":[{\"@type\":\"WebPage\",\"@id\":\"https:\\\/\\\/tirinha.com\\\/termos-de-uso\\\/\",\"url\":\"https:\\\/\\\/tirinha.com\\\/termos-de-uso\\\/\",\"name\":\"Termos de uso - Tirinha.com\",\"isPartOf\":{\"@id\":\"https:\\\/\\\/tirinha.com\\\/#website\"},\"datePublished\":\"2021-05-03T06:08:52+00:00\",\"dateModified\":\"2022-06-23T20:30:34+00:00\",\"breadcrumb\":{\"@id\":\"https:\\\/\\\/tirinha.com\\\/termos-de-uso\\\/#breadcrumb\"},\"inLanguage\":\"hr\",\"potentialAction\":[{\"@type\":\"ReadAction\",\"target\":[\"https:\\\/\\\/tirinha.com\\\/termos-de-uso\\\/\"]}]},{\"@type\":\"BreadcrumbList\",\"@id\":\"https:\\\/\\\/tirinha.com\\\/termos-de-uso\\\/#breadcrumb\",\"itemListElement\":[{\"@type\":\"ListItem\",\"position\":1,\"name\":\"Home\",\"item\":\"https:\\\/\\\/tirinha.com\\\/\"},{\"@type\":\"ListItem\",\"position\":2,\"name\":\"Termos de uso\"}]},{\"@type\":\"WebSite\",\"@id\":\"https:\\\/\\\/tirinha.com\\\/#website\",\"url\":\"https:\\\/\\\/tirinha.com\\\/\",\"name\":\"Tirinha.com\",\"description\":\"Arte e livros resenhas\",\"publisher\":{\"@id\":\"https:\\\/\\\/tirinha.com\\\/#organization\"},\"potentialAction\":[{\"@type\":\"SearchAction\",\"target\":{\"@type\":\"EntryPoint\",\"urlTemplate\":\"https:\\\/\\\/tirinha.com\\\/?s={search_term_string}\"},\"query-input\":{\"@type\":\"PropertyValueSpecification\",\"valueRequired\":true,\"valueName\":\"search_term_string\"}}],\"inLanguage\":\"hr\"},{\"@type\":\"Organization\",\"@id\":\"https:\\\/\\\/tirinha.com\\\/#organization\",\"name\":\"Tirinha.com\",\"url\":\"https:\\\/\\\/tirinha.com\\\/\",\"logo\":{\"@type\":\"ImageObject\",\"inLanguage\":\"hr\",\"@id\":\"https:\\\/\\\/tirinha.com\\\/#\\\/schema\\\/logo\\\/image\\\/\",\"url\":\"https:\\\/\\\/tirinha.com\\\/wp-content\\\/uploads\\\/2023\\\/08\\\/cropped-Logo-Tirinha.webp\",\"contentUrl\":\"https:\\\/\\\/tirinha.com\\\/wp-content\\\/uploads\\\/2023\\\/08\\\/cropped-Logo-Tirinha.webp\",\"width\":512,\"height\":512,\"caption\":\"Tirinha.com\"},\"image\":{\"@id\":\"https:\\\/\\\/tirinha.com\\\/#\\\/schema\\\/logo\\\/image\\\/\"}}]}<\/script>\n<!-- \/ Yoast SEO plugin. -->","yoast_head_json":{"title":"Uvjeti kori\u0161tenja - Tirinha.com","robots":{"index":"index","follow":"follow","max-snippet":"max-snippet:-1","max-image-preview":"max-image-preview:large","max-video-preview":"max-video-preview:-1"},"canonical":"https:\/\/tirinha.com\/hr\/uvjeti-koristenja\/","og_locale":"hr_HR","og_type":"article","og_title":"Termos de uso - Tirinha.com","og_description":"1. Termos Ao acessar ao site https:\/\/tirinha.com\/, concorda em cumprir estes termos de servi\u00e7o, todas as leis e regulamentos aplic\u00e1veis &hellip;","og_url":"https:\/\/tirinha.com\/hr\/uvjeti-koristenja\/","og_site_name":"Tirinha.com","article_modified_time":"2022-06-23T20:30:34+00:00","twitter_card":"summary_large_image","twitter_misc":{"Procijenjeno vrijeme \u010ditanja":"4 minute"},"schema":{"@context":"https:\/\/schema.org","@graph":[{"@type":"WebPage","@id":"https:\/\/tirinha.com\/termos-de-uso\/","url":"https:\/\/tirinha.com\/termos-de-uso\/","name":"Uvjeti kori\u0161tenja - Tirinha.com","isPartOf":{"@id":"https:\/\/tirinha.com\/#website"},"datePublished":"2021-05-03T06:08:52+00:00","dateModified":"2022-06-23T20:30:34+00:00","breadcrumb":{"@id":"https:\/\/tirinha.com\/termos-de-uso\/#breadcrumb"},"inLanguage":"hr","potentialAction":[{"@type":"ReadAction","target":["https:\/\/tirinha.com\/termos-de-uso\/"]}]},{"@type":"BreadcrumbList","@id":"https:\/\/tirinha.com\/termos-de-uso\/#breadcrumb","itemListElement":[{"@type":"ListItem","position":1,"name":"Home","item":"https:\/\/tirinha.com\/"},{"@type":"ListItem","position":2,"name":"Termos de uso"}]},{"@type":"WebSite","@id":"https:\/\/tirinha.com\/#website","url":"https:\/\/tirinha.com\/","name":"Stripovi.com","description":"Prikazi umjetnosti i knjiga","publisher":{"@id":"https:\/\/tirinha.com\/#organization"},"potentialAction":[{"@type":"SearchAction","target":{"@type":"EntryPoint","urlTemplate":"https:\/\/tirinha.com\/?s={search_term_string}"},"query-input":{"@type":"PropertyValueSpecification","valueRequired":true,"valueName":"search_term_string"}}],"inLanguage":"hr"},{"@type":"Organization","@id":"https:\/\/tirinha.com\/#organization","name":"Stripovi.com","url":"https:\/\/tirinha.com\/","logo":{"@type":"ImageObject","inLanguage":"hr","@id":"https:\/\/tirinha.com\/#\/schema\/logo\/image\/","url":"https:\/\/tirinha.com\/wp-content\/uploads\/2023\/08\/cropped-Logo-Tirinha.webp","contentUrl":"https:\/\/tirinha.com\/wp-content\/uploads\/2023\/08\/cropped-Logo-Tirinha.webp","width":512,"height":512,"caption":"Tirinha.com"},"image":{"@id":"https:\/\/tirinha.com\/#\/schema\/logo\/image\/"}}]}},"_links":{"self":[{"href":"https:\/\/tirinha.com\/hr\/wp-json\/wp\/v2\/pages\/216","targetHints":{"allow":["GET"]}}],"collection":[{"href":"https:\/\/tirinha.com\/hr\/wp-json\/wp\/v2\/pages"}],"about":[{"href":"https:\/\/tirinha.com\/hr\/wp-json\/wp\/v2\/types\/page"}],"author":[{"embeddable":true,"href":"https:\/\/tirinha.com\/hr\/wp-json\/wp\/v2\/users\/1"}],"replies":[{"embeddable":true,"href":"https:\/\/tirinha.com\/hr\/wp-json\/wp\/v2\/comments?post=216"}],"version-history":[{"count":0,"href":"https:\/\/tirinha.com\/hr\/wp-json\/wp\/v2\/pages\/216\/revisions"}],"wp:attachment":[{"href":"https:\/\/tirinha.com\/hr\/wp-json\/wp\/v2\/media?parent=216"}],"curies":[{"name":"radni list","href":"https:\/\/api.w.org\/{rel}","templated":true}]}}