{"id":1655,"date":"2024-11-25T19:16:08","date_gmt":"2024-11-25T19:16:08","guid":{"rendered":"https:\/\/tirinha.com\/?page_id=1655"},"modified":"2024-11-28T19:47:39","modified_gmt":"2024-11-28T19:47:39","slug":"%e0%a4%b9%e0%a4%ae%e0%a4%be%e0%a4%b0%e0%a5%87-%e0%a4%ac%e0%a4%be%e0%a4%b0%e0%a5%87-%e0%a4%ae%e0%a5%87%e0%a4%82","status":"publish","type":"page","link":"https:\/\/tirinha.com\/hi\/sobre-nos\/","title":{"rendered":"\u0939\u092e\u093e\u0930\u0947 \u092c\u093e\u0930\u0947 \u092e\u0947\u0902"},"content":{"rendered":"<p> \u0906\u092a\u0915\u093e \u0938\u094d\u0935\u093e\u0917\u0924 \u0939\u0948 <strong>\u0915\u0949\u092e\u093f\u0915 \u0938\u094d\u091f\u094d\u0930\u093f\u092a<\/strong>!<\/p>\n\n\n\n<p>\u092f\u0939\u093e\u0901, \u0939\u092e\u093e\u0930\u093e \u092e\u093f\u0936\u0928 \u0938\u0930\u0932 \u0939\u0948: <strong>\u0906\u092a\u0915\u094b \u0915\u093f\u0924\u093e\u092c\u094b\u0902 \u0914\u0930 \u091c\u093f\u091c\u094d\u091e\u093e\u0938\u093e\u0913\u0902 \u0915\u0947 \u0906\u0915\u0930\u094d\u0937\u0915 \u092c\u094d\u0930\u0939\u094d\u092e\u093e\u0902\u0921 \u0938\u0947 \u091c\u094b\u0921\u093c\u0924\u093e \u0939\u0948<\/strong>. \u091a\u093e\u0939\u0947 \u0906\u092a \u092a\u094d\u0930\u0947\u0930\u0923\u093e\u0926\u093e\u092f\u0915 \u0915\u0939\u093e\u0928\u093f\u092f\u094b\u0902 \u0915\u0940 \u0916\u094b\u091c \u0915\u0930\u0928\u093e \u091a\u093e\u0939\u0924\u0947 \u0939\u094b\u0902, \u0938\u093e\u0939\u093f\u0924\u094d\u092f\u093f\u0915 \u0926\u0941\u0928\u093f\u092f\u093e \u0915\u0940 \u0916\u094b\u091c \u0915\u0930\u0928\u093e \u091a\u093e\u0939\u0924\u0947 \u0939\u094b\u0902 \u092f\u093e \u092c\u0938 \u0905\u0938\u093e\u092e\u093e\u0928\u094d\u092f \u091c\u094d\u091e\u093e\u0928 \u0915\u0940 \u0905\u092a\u0928\u0940 \u092a\u094d\u092f\u093e\u0938 \u092c\u0941\u091d\u093e\u0928\u093e \u091a\u093e\u0939\u0924\u0947 \u0939\u094b\u0902, \u0924\u093f\u0930\u093f\u0928\u094d\u0939\u093e \u0906\u092a\u0915\u0940 \u091c\u0917\u0939 \u0939\u0948\u0964<\/p>\n\n\n\n<p>\u0939\u092e \u0910\u0938\u0940 \u0938\u093e\u092e\u0917\u094d\u0930\u0940 \u0938\u093e\u091d\u093e \u0915\u0930\u0928\u093e \u092a\u0938\u0902\u0926 \u0915\u0930\u0924\u0947 \u0939\u0948\u0902 \u091c\u094b \u0926\u093f\u092e\u093e\u0917 \u0915\u094b \u0909\u0924\u094d\u0924\u0947\u091c\u093f\u0924 \u0915\u0930\u0924\u0940 \u0939\u0948 \u0914\u0930 \u0915\u0932\u094d\u092a\u0928\u093e\u0936\u0915\u094d\u0924\u093f \u0915\u094b \u091c\u093e\u0917\u0943\u0924 \u0915\u0930\u0924\u0940 \u0939\u0948\u0964 \u0939\u092e\u093e\u0930\u0940 \u092a\u094b\u0938\u094d\u091f \u0938\u092d\u0940 \u092a\u094d\u0930\u0915\u093e\u0930 \u0915\u0947 \u092a\u093e\u0920\u0915\u094b\u0902 \u0915\u0947 \u0932\u093f\u090f \u092c\u0928\u093e\u0908 \u0917\u0908 \u0939\u0948\u0902: \u092a\u0947\u091c \u092d\u0915\u094d\u0937\u0915\u094b\u0902 \u0938\u0947 \u0932\u0947\u0915\u0930 \u0921\u094d\u092f\u0942\u091f\u0940 \u092a\u0930 \u0915\u0941\u091b \u0928\u092f\u093e \u0938\u0940\u0916\u0928\u0947 \u0915\u0940 \u0924\u0932\u093e\u0936 \u092e\u0947\u0902 \u091c\u093f\u091c\u094d\u091e\u093e\u0938\u0941 \u0932\u094b\u0917\u094b\u0902 \u0924\u0915\u0964<\/p>\n\n\n\n<p>\u0915\u0949\u092e\u093f\u0915 \u092c\u0941\u0915 \u092e\u0947\u0902, \u092a\u094d\u0930\u0924\u094d\u092f\u0947\u0915 \u092a\u094b\u0938\u094d\u091f \u0906\u0915\u0930\u094d\u0937\u0915 \u0915\u0925\u093e\u0913\u0902 \u0914\u0930 \u0906\u0936\u094d\u091a\u0930\u094d\u092f\u091c\u0928\u0915 \u091c\u093f\u091c\u094d\u091e\u093e\u0938\u093e\u0913\u0902 \u0915\u0947 \u092e\u093e\u0927\u094d\u092f\u092e \u0938\u0947 \u092f\u093e\u0924\u094d\u0930\u093e \u0915\u0930\u0928\u0947 \u0915\u093e \u0928\u093f\u092e\u0902\u0924\u094d\u0930\u0923 \u0939\u0948\u0964 \u0906\u0916\u093c\u093f\u0930\u0915\u093e\u0930, \u0939\u092e \u092e\u093e\u0928\u0924\u0947 \u0939\u0948\u0902 \u0915\u093f \u092a\u0922\u093c\u0928\u093e \u0914\u0930 \u091c\u094d\u091e\u093e\u0928 \u0910\u0938\u0947 \u092a\u0941\u0932 \u0939\u0948\u0902 \u091c\u094b \u0939\u092e\u0947\u0902 \u0926\u0941\u0928\u093f\u092f\u093e \u0914\u0930 \u090f\u0915-\u0926\u0942\u0938\u0930\u0947 \u0938\u0947 \u091c\u094b\u0921\u093c\u0924\u0947 \u0939\u0948\u0902\u0964<\/p>\n\n\n\n<p>\u092a\u094d\u0930\u0947\u0930\u0923\u093e \u0914\u0930 \u0916\u094b\u091c \u0938\u0947 \u092d\u0930\u0940 \u0907\u0938 \u092f\u093e\u0924\u094d\u0930\u093e \u092e\u0947\u0902 \u0939\u092e\u0938\u0947 \u091c\u0941\u0921\u093c\u0947\u0902\u0964 \u0915\u094d\u092f\u094b\u0902\u0915\u093f, \u0905\u0902\u0924\u0924\u0903, \u092f\u0939 \u091c\u0940\u0935\u0928 \u0915\u0940 &quot;\u092a\u091f\u094d\u091f\u093f\u092f\u094b\u0902&quot; \u0938\u0947 \u0939\u0940 \u0939\u0948 \u0915\u093f \u0939\u092e \u0938\u0930\u094d\u0935\u094b\u0924\u094d\u0924\u092e \u0915\u0939\u093e\u0928\u093f\u092f\u093e\u0901 \u092c\u0928\u093e\u0924\u0947 \u0939\u0948\u0902!<\/p>","protected":false},"excerpt":{"rendered":"<p>\u0938\u094d\u091f\u094d\u0930\u093f\u092a \u092e\u0947\u0902 \u0906\u092a\u0915\u093e \u0938\u094d\u0935\u093e\u0917\u0924 \u0939\u0948! \u092f\u0939\u093e\u0902, \u0939\u092e\u093e\u0930\u093e \u092e\u093f\u0936\u0928 \u0938\u0930\u0932 \u0939\u0948: \u0906\u092a\u0915\u094b \u092a\u0941\u0938\u094d\u0924\u0915\u094b\u0902 \u0914\u0930 \u091c\u093f\u091c\u094d\u091e\u093e\u0938\u093e\u0913\u0902 \u0915\u0947 \u0906\u0915\u0930\u094d\u0937\u0915 \u092c\u094d\u0930\u0939\u094d\u092e\u093e\u0902\u0921 \u0938\u0947 \u091c\u094b\u0921\u093c\u0928\u093e\u0964 \u0915\u094d\u092f\u093e \u0916\u094b\u091c\u0928\u093e \u0939\u0948... <\/p>","protected":false},"author":1,"featured_media":0,"parent":0,"menu_order":0,"comment_status":"closed","ping_status":"closed","template":"","meta":{"footnotes":""},"class_list":["post-1655","page","type-page","status-publish","hentry","latest_post"],"yoast_head":"<!-- This site is optimized with the Yoast SEO plugin v27.3 - https:\/\/yoast.com\/product\/yoast-seo-wordpress\/ -->\n<title>Sobre N\u00f3s - Tirinha.com<\/title>\n<meta name=\"robots\" content=\"index, follow, max-snippet:-1, max-image-preview:large, max-video-preview:-1\" \/>\n<link rel=\"canonical\" href=\"https:\/\/tirinha.com\/hi\/\u0939\u092e\u093e\u0930\u0947-\u092c\u093e\u0930\u0947-\u092e\u0947\u0902\/\" \/>\n<meta property=\"og:locale\" content=\"hi_IN\" \/>\n<meta property=\"og:type\" content=\"article\" \/>\n<meta property=\"og:title\" content=\"Sobre N\u00f3s - Tirinha.com\" \/>\n<meta property=\"og:description\" content=\"Bem-vindo ao Tirinha! Aqui, nossa miss\u00e3o \u00e9 simples: conectar voc\u00ea ao fascinante universo dos livros e curiosidades. Seja para descobrir &hellip;\" \/>\n<meta property=\"og:url\" content=\"https:\/\/tirinha.com\/hi\/\u0939\u092e\u093e\u0930\u0947-\u092c\u093e\u0930\u0947-\u092e\u0947\u0902\/\" \/>\n<meta property=\"og:site_name\" content=\"Tirinha.com\" \/>\n<meta property=\"article:modified_time\" content=\"2024-11-28T19:47:39+00:00\" \/>\n<meta name=\"twitter:card\" content=\"summary_large_image\" \/>\n<meta name=\"twitter:label1\" content=\"\u0905\u0928\u0941\u092e\u093e\u0928\u093f\u0924 \u092a\u0922\u093c\u0928\u0947 \u0915\u093e \u0938\u092e\u092f\" \/>\n\t<meta name=\"twitter:data1\" content=\"1 \u092e\u093f\u0928\u091f\" \/>\n<script type=\"application\/ld+json\" class=\"yoast-schema-graph\">{\"@context\":\"https:\\\/\\\/schema.org\",\"@graph\":[{\"@type\":\"WebPage\",\"@id\":\"https:\\\/\\\/tirinha.com\\\/sobre-nos\\\/\",\"url\":\"https:\\\/\\\/tirinha.com\\\/sobre-nos\\\/\",\"name\":\"Sobre N\u00f3s - Tirinha.com\",\"isPartOf\":{\"@id\":\"https:\\\/\\\/tirinha.com\\\/#website\"},\"datePublished\":\"2024-11-25T19:16:08+00:00\",\"dateModified\":\"2024-11-28T19:47:39+00:00\",\"breadcrumb\":{\"@id\":\"https:\\\/\\\/tirinha.com\\\/sobre-nos\\\/#breadcrumb\"},\"inLanguage\":\"hi-IN\",\"potentialAction\":[{\"@type\":\"ReadAction\",\"target\":[\"https:\\\/\\\/tirinha.com\\\/sobre-nos\\\/\"]}]},{\"@type\":\"BreadcrumbList\",\"@id\":\"https:\\\/\\\/tirinha.com\\\/sobre-nos\\\/#breadcrumb\",\"itemListElement\":[{\"@type\":\"ListItem\",\"position\":1,\"name\":\"Home\",\"item\":\"https:\\\/\\\/tirinha.com\\\/\"},{\"@type\":\"ListItem\",\"position\":2,\"name\":\"Sobre N\u00f3s\"}]},{\"@type\":\"WebSite\",\"@id\":\"https:\\\/\\\/tirinha.com\\\/#website\",\"url\":\"https:\\\/\\\/tirinha.com\\\/\",\"name\":\"Tirinha.com\",\"description\":\"Arte e livros resenhas\",\"publisher\":{\"@id\":\"https:\\\/\\\/tirinha.com\\\/#organization\"},\"potentialAction\":[{\"@type\":\"SearchAction\",\"target\":{\"@type\":\"EntryPoint\",\"urlTemplate\":\"https:\\\/\\\/tirinha.com\\\/?s={search_term_string}\"},\"query-input\":{\"@type\":\"PropertyValueSpecification\",\"valueRequired\":true,\"valueName\":\"search_term_string\"}}],\"inLanguage\":\"hi-IN\"},{\"@type\":\"Organization\",\"@id\":\"https:\\\/\\\/tirinha.com\\\/#organization\",\"name\":\"Tirinha.com\",\"url\":\"https:\\\/\\\/tirinha.com\\\/\",\"logo\":{\"@type\":\"ImageObject\",\"inLanguage\":\"hi-IN\",\"@id\":\"https:\\\/\\\/tirinha.com\\\/#\\\/schema\\\/logo\\\/image\\\/\",\"url\":\"https:\\\/\\\/tirinha.com\\\/wp-content\\\/uploads\\\/2023\\\/08\\\/cropped-Logo-Tirinha.webp\",\"contentUrl\":\"https:\\\/\\\/tirinha.com\\\/wp-content\\\/uploads\\\/2023\\\/08\\\/cropped-Logo-Tirinha.webp\",\"width\":512,\"height\":512,\"caption\":\"Tirinha.com\"},\"image\":{\"@id\":\"https:\\\/\\\/tirinha.com\\\/#\\\/schema\\\/logo\\\/image\\\/\"}}]}<\/script>\n<!-- \/ Yoast SEO plugin. -->","yoast_head_json":{"title":"\u0939\u092e\u093e\u0930\u0947 \u092c\u093e\u0930\u0947 \u092e\u0947\u0902 - Tirinha.com","robots":{"index":"index","follow":"follow","max-snippet":"max-snippet:-1","max-image-preview":"max-image-preview:large","max-video-preview":"max-video-preview:-1"},"canonical":"https:\/\/tirinha.com\/hi\/\u0939\u092e\u093e\u0930\u0947-\u092c\u093e\u0930\u0947-\u092e\u0947\u0902\/","og_locale":"hi_IN","og_type":"article","og_title":"Sobre N\u00f3s - Tirinha.com","og_description":"Bem-vindo ao Tirinha! Aqui, nossa miss\u00e3o \u00e9 simples: conectar voc\u00ea ao fascinante universo dos livros e curiosidades. Seja para descobrir &hellip;","og_url":"https:\/\/tirinha.com\/hi\/\u0939\u092e\u093e\u0930\u0947-\u092c\u093e\u0930\u0947-\u092e\u0947\u0902\/","og_site_name":"Tirinha.com","article_modified_time":"2024-11-28T19:47:39+00:00","twitter_card":"summary_large_image","twitter_misc":{"\u0905\u0928\u0941\u092e\u093e\u0928\u093f\u0924 \u092a\u0922\u093c\u0928\u0947 \u0915\u093e \u0938\u092e\u092f":"1 \u092e\u093f\u0928\u091f"},"schema":{"@context":"https:\/\/schema.org","@graph":[{"@type":"WebPage","@id":"https:\/\/tirinha.com\/sobre-nos\/","url":"https:\/\/tirinha.com\/sobre-nos\/","name":"\u0939\u092e\u093e\u0930\u0947 \u092c\u093e\u0930\u0947 \u092e\u0947\u0902 - Tirinha.com","isPartOf":{"@id":"https:\/\/tirinha.com\/#website"},"datePublished":"2024-11-25T19:16:08+00:00","dateModified":"2024-11-28T19:47:39+00:00","breadcrumb":{"@id":"https:\/\/tirinha.com\/sobre-nos\/#breadcrumb"},"inLanguage":"hi-IN","potentialAction":[{"@type":"ReadAction","target":["https:\/\/tirinha.com\/sobre-nos\/"]}]},{"@type":"BreadcrumbList","@id":"https:\/\/tirinha.com\/sobre-nos\/#breadcrumb","itemListElement":[{"@type":"ListItem","position":1,"name":"Home","item":"https:\/\/tirinha.com\/"},{"@type":"ListItem","position":2,"name":"Sobre N\u00f3s"}]},{"@type":"WebSite","@id":"https:\/\/tirinha.com\/#website","url":"https:\/\/tirinha.com\/","name":"\u0924\u093f\u0930\u093f\u0928\u094d\u0939\u093e.\u0915\u0949\u092e","description":"\u0915\u0932\u093e \u0914\u0930 \u092a\u0941\u0938\u094d\u0924\u0915 \u0938\u092e\u0940\u0915\u094d\u0937\u093e\u090f\u0901","publisher":{"@id":"https:\/\/tirinha.com\/#organization"},"potentialAction":[{"@type":"SearchAction","target":{"@type":"EntryPoint","urlTemplate":"https:\/\/tirinha.com\/?s={search_term_string}"},"query-input":{"@type":"PropertyValueSpecification","valueRequired":true,"valueName":"search_term_string"}}],"inLanguage":"hi-IN"},{"@type":"Organization","@id":"https:\/\/tirinha.com\/#organization","name":"\u0924\u093f\u0930\u093f\u0928\u094d\u0939\u093e.\u0915\u0949\u092e","url":"https:\/\/tirinha.com\/","logo":{"@type":"ImageObject","inLanguage":"hi-IN","@id":"https:\/\/tirinha.com\/#\/schema\/logo\/image\/","url":"https:\/\/tirinha.com\/wp-content\/uploads\/2023\/08\/cropped-Logo-Tirinha.webp","contentUrl":"https:\/\/tirinha.com\/wp-content\/uploads\/2023\/08\/cropped-Logo-Tirinha.webp","width":512,"height":512,"caption":"Tirinha.com"},"image":{"@id":"https:\/\/tirinha.com\/#\/schema\/logo\/image\/"}}]}},"_links":{"self":[{"href":"https:\/\/tirinha.com\/hi\/wp-json\/wp\/v2\/pages\/1655","targetHints":{"allow":["GET"]}}],"collection":[{"href":"https:\/\/tirinha.com\/hi\/wp-json\/wp\/v2\/pages"}],"about":[{"href":"https:\/\/tirinha.com\/hi\/wp-json\/wp\/v2\/types\/page"}],"author":[{"embeddable":true,"href":"https:\/\/tirinha.com\/hi\/wp-json\/wp\/v2\/users\/1"}],"replies":[{"embeddable":true,"href":"https:\/\/tirinha.com\/hi\/wp-json\/wp\/v2\/comments?post=1655"}],"version-history":[{"count":0,"href":"https:\/\/tirinha.com\/hi\/wp-json\/wp\/v2\/pages\/1655\/revisions"}],"wp:attachment":[{"href":"https:\/\/tirinha.com\/hi\/wp-json\/wp\/v2\/media?parent=1655"}],"curies":[{"name":"\u0921\u092c\u094d\u0932\u094d\u092f\u0942\u092a\u0940","href":"https:\/\/api.w.org\/{rel}","templated":true}]}}