{"id":216,"date":"2021-05-03T06:08:52","date_gmt":"2021-05-03T06:08:52","guid":{"rendered":"https:\/\/tirinha.com\/?page_id=216"},"modified":"2022-06-23T20:30:34","modified_gmt":"2022-06-23T20:30:34","slug":"conditions-dutilisation","status":"publish","type":"page","link":"https:\/\/tirinha.com\/fr\/termos-de-uso\/","title":{"rendered":"Conditions d&#039;utilisation"},"content":{"rendered":"<h2>1. Conditions<\/h2>\n<p>Lors de l&#039;acc\u00e8s au site Web <a href=\"https:\/\/tirinha.com\/fr\/\">https:\/\/tirinha.com\/<\/a>, vous acceptez de respecter ces conditions d&#039;utilisation, toutes les lois et r\u00e9glementations applicables, et acceptez que vous \u00eates responsable du respect de toutes les lois locales applicables. Si vous n&#039;\u00eates pas d&#039;accord avec l&#039;une de ces conditions, il vous est interdit d&#039;utiliser ou d&#039;acc\u00e9der \u00e0 ce site. Le mat\u00e9riel contenu dans ce site est prot\u00e9g\u00e9 par les lois applicables sur les droits d&#039;auteur et les marques.<\/p>\n<h2>2. Utilisation de la licence<\/h2>\n<p>L&#039;autorisation est accord\u00e9e de t\u00e9l\u00e9charger temporairement une copie du mat\u00e9riel (informations ou logiciels) sur https:\/\/tirinha.com\/ pour une visualisation transitoire personnelle et non commerciale uniquement. Il s&#039;agit de l&#039;octroi d&#039;une licence, et non d&#039;un transfert de titre, et en vertu de cette licence, vous ne pouvez pas\u00a0:<\/p>\n<ol>\n<li>modifier ou copier les documents\u00a0;<\/li>\n<li>utiliser le mat\u00e9riel \u00e0 des fins commerciales ou pour une exposition publique (commerciale ou non commerciale)\u00a0;<\/li>\n<li>tenter de d\u00e9compiler ou d&#039;effectuer de l&#039;ing\u00e9nierie inverse sur tout logiciel contenu sur https:\/\/tirinha.com\/\u00a0;<\/li>\n<li>supprimer tout droit d&#039;auteur ou autre mention de propri\u00e9t\u00e9 des documents\u00a0; ou<\/li>\n<li>transf\u00e9rer les documents \u00e0 une autre personne ou \u00ab refl\u00e9ter \u00bb les documents sur tout autre serveur.<\/li>\n<\/ol>\n<p>Cette licence prendra fin automatiquement si vous violez l&#039;une de ces restrictions et peut \u00eatre r\u00e9sili\u00e9e par https:\/\/tirinha.com\/ \u00e0 tout moment. \u00c0 la fin de votre visionnage de ces documents ou \u00e0 la r\u00e9siliation de cette licence, vous devez supprimer tout mat\u00e9riel t\u00e9l\u00e9charg\u00e9 en votre possession, qu&#039;il soit au format \u00e9lectronique ou imprim\u00e9.<\/p>\n<h2>3. Avis de non-responsabilit\u00e9<\/h2>\n<ol>\n<li>Les documents pr\u00e9sents sur le site Web https:\/\/tirinha.com\/ sont fournis \u00ab tels quels \u00bb. https:\/\/tirinha.com\/ ne donne aucune garantie, expresse ou implicite, et d\u00e9cline et annule par la pr\u00e9sente toutes les autres garanties, y compris, sans limitation, les garanties ou conditions implicites de qualit\u00e9 marchande, d&#039;ad\u00e9quation \u00e0 un usage particulier ou de non-violation de la propri\u00e9t\u00e9 intellectuelle ou autre violation des droits.<\/li>\n<li>De plus, https:\/\/tirinha.com\/ ne garantit ni ne fait aucune d\u00e9claration concernant l&#039;exactitude, les r\u00e9sultats probables ou la fiabilit\u00e9 de l&#039;utilisation des \u00e9l\u00e9ments de son site Web ou autrement li\u00e9s \u00e0 ces \u00e9l\u00e9ments ou sur tout site li\u00e9 \u00e0 ce site.<\/li>\n<\/ol>\n<h2>4. Limites<\/h2>\n<p>En aucun cas https:\/\/tirinha.com\/ ou ses fournisseurs ne pourront \u00eatre tenus responsables de tout dommage (y compris, sans limitation, les dommages dus \u00e0 la perte de donn\u00e9es ou de profit, ou \u00e0 l&#039;interruption des activit\u00e9s) d\u00e9coulant de l&#039;utilisation ou de l&#039;impossibilit\u00e9 d&#039;utiliser les documents sur https:\/\/tirinha.com\/, m\u00eame si https:\/\/tirinha.com\/ ou un repr\u00e9sentant autoris\u00e9 de https:\/\/tirinha.com\/ a \u00e9t\u00e9 inform\u00e9 oralement ou par \u00e9crit de la possibilit\u00e9 de tels dommages. \u00c9tant donn\u00e9 que certaines juridictions n&#039;autorisent pas les limitations des garanties implicites ou les limitations de responsabilit\u00e9 pour les dommages cons\u00e9cutifs ou accessoires, ces limitations peuvent ne pas s&#039;appliquer \u00e0 vous.<\/p>\n<h2>5. Pr\u00e9cision des mat\u00e9riaux<\/h2>\n<p>Les \u00e9l\u00e9ments apparaissant sur le site Web de https:\/\/tirinha.com\/ peuvent contenir des erreurs techniques, typographiques ou photographiques. https:\/\/tirinha.com\/ ne garantit pas que les \u00e9l\u00e9ments de son site Web sont exacts, complets ou \u00e0 jour. https:\/\/tirinha.com\/ peut apporter des modifications aux \u00e9l\u00e9ments contenus sur son site Web \u00e0 tout moment et sans pr\u00e9avis. Cependant, https:\/\/tirinha.com\/ ne s&#039;engage pas \u00e0 mettre \u00e0 jour le mat\u00e9riel.<\/p>\n<h2>6. Liens<\/h2>\n<p>https:\/\/tirinha.com\/ n&#039;a pas examin\u00e9 tous les sites li\u00e9s \u00e0 son site Web et n&#039;est pas responsable du contenu des sites li\u00e9s. L&#039;inclusion de tout lien n&#039;implique pas l&#039;approbation par https:\/\/tirinha.com\/ du site. L&#039;utilisation de tout site li\u00e9 est aux propres risques de l&#039;utilisateur.<\/p>\n<h3>Modifications<\/h3>\n<p>https:\/\/tirinha.com\/ peut r\u00e9viser les pr\u00e9sentes conditions d&#039;utilisation de son site Web \u00e0 tout moment et sans pr\u00e9avis. En utilisant ce site Web, vous acceptez d&#039;\u00eatre li\u00e9 par la version actuelle de ces conditions d&#039;utilisation.<\/p>\n<h3>Loi applicable<\/h3>\n<p>Ces termes et conditions sont r\u00e9gis et interpr\u00e9t\u00e9s conform\u00e9ment aux lois de https:\/\/tirinha.com\/ et vous vous soumettez irr\u00e9vocablement \u00e0 la comp\u00e9tence exclusive des tribunaux de cet \u00c9tat ou lieu.<\/p>","protected":false},"excerpt":{"rendered":"<p>1. Conditions En acc\u00e9dant au site https:\/\/tirinha.com\/, vous acceptez de respecter les pr\u00e9sentes conditions d&#039;utilisation, toutes les lois et r\u00e9glementations applicables\u2026 <\/p>","protected":false},"author":1,"featured_media":0,"parent":0,"menu_order":0,"comment_status":"closed","ping_status":"closed","template":"","meta":{"footnotes":""},"class_list":["post-216","page","type-page","status-publish","hentry","latest_post"],"yoast_head":"<!-- This site is optimized with the Yoast SEO plugin v27.3 - https:\/\/yoast.com\/product\/yoast-seo-wordpress\/ -->\n<title>Termos de uso - Tirinha.com<\/title>\n<meta name=\"robots\" content=\"index, follow, max-snippet:-1, max-image-preview:large, max-video-preview:-1\" \/>\n<link rel=\"canonical\" href=\"https:\/\/tirinha.com\/fr\/conditions-dutilisation\/\" \/>\n<meta property=\"og:locale\" content=\"fr_FR\" \/>\n<meta property=\"og:type\" content=\"article\" \/>\n<meta property=\"og:title\" content=\"Termos de uso - Tirinha.com\" \/>\n<meta property=\"og:description\" content=\"1. Termos Ao acessar ao site https:\/\/tirinha.com\/, concorda em cumprir estes termos de servi\u00e7o, todas as leis e regulamentos aplic\u00e1veis &hellip;\" \/>\n<meta property=\"og:url\" content=\"https:\/\/tirinha.com\/fr\/conditions-dutilisation\/\" \/>\n<meta property=\"og:site_name\" content=\"Tirinha.com\" \/>\n<meta property=\"article:modified_time\" content=\"2022-06-23T20:30:34+00:00\" \/>\n<meta name=\"twitter:card\" content=\"summary_large_image\" \/>\n<meta name=\"twitter:label1\" content=\"Dur\u00e9e de lecture estim\u00e9e\" \/>\n\t<meta name=\"twitter:data1\" content=\"4 minutes\" \/>\n<script type=\"application\/ld+json\" class=\"yoast-schema-graph\">{\"@context\":\"https:\\\/\\\/schema.org\",\"@graph\":[{\"@type\":\"WebPage\",\"@id\":\"https:\\\/\\\/tirinha.com\\\/termos-de-uso\\\/\",\"url\":\"https:\\\/\\\/tirinha.com\\\/termos-de-uso\\\/\",\"name\":\"Termos de uso - Tirinha.com\",\"isPartOf\":{\"@id\":\"https:\\\/\\\/tirinha.com\\\/#website\"},\"datePublished\":\"2021-05-03T06:08:52+00:00\",\"dateModified\":\"2022-06-23T20:30:34+00:00\",\"breadcrumb\":{\"@id\":\"https:\\\/\\\/tirinha.com\\\/termos-de-uso\\\/#breadcrumb\"},\"inLanguage\":\"fr-FR\",\"potentialAction\":[{\"@type\":\"ReadAction\",\"target\":[\"https:\\\/\\\/tirinha.com\\\/termos-de-uso\\\/\"]}]},{\"@type\":\"BreadcrumbList\",\"@id\":\"https:\\\/\\\/tirinha.com\\\/termos-de-uso\\\/#breadcrumb\",\"itemListElement\":[{\"@type\":\"ListItem\",\"position\":1,\"name\":\"Home\",\"item\":\"https:\\\/\\\/tirinha.com\\\/\"},{\"@type\":\"ListItem\",\"position\":2,\"name\":\"Termos de uso\"}]},{\"@type\":\"WebSite\",\"@id\":\"https:\\\/\\\/tirinha.com\\\/#website\",\"url\":\"https:\\\/\\\/tirinha.com\\\/\",\"name\":\"Tirinha.com\",\"description\":\"Arte e livros resenhas\",\"publisher\":{\"@id\":\"https:\\\/\\\/tirinha.com\\\/#organization\"},\"potentialAction\":[{\"@type\":\"SearchAction\",\"target\":{\"@type\":\"EntryPoint\",\"urlTemplate\":\"https:\\\/\\\/tirinha.com\\\/?s={search_term_string}\"},\"query-input\":{\"@type\":\"PropertyValueSpecification\",\"valueRequired\":true,\"valueName\":\"search_term_string\"}}],\"inLanguage\":\"fr-FR\"},{\"@type\":\"Organization\",\"@id\":\"https:\\\/\\\/tirinha.com\\\/#organization\",\"name\":\"Tirinha.com\",\"url\":\"https:\\\/\\\/tirinha.com\\\/\",\"logo\":{\"@type\":\"ImageObject\",\"inLanguage\":\"fr-FR\",\"@id\":\"https:\\\/\\\/tirinha.com\\\/#\\\/schema\\\/logo\\\/image\\\/\",\"url\":\"https:\\\/\\\/tirinha.com\\\/wp-content\\\/uploads\\\/2023\\\/08\\\/cropped-Logo-Tirinha.webp\",\"contentUrl\":\"https:\\\/\\\/tirinha.com\\\/wp-content\\\/uploads\\\/2023\\\/08\\\/cropped-Logo-Tirinha.webp\",\"width\":512,\"height\":512,\"caption\":\"Tirinha.com\"},\"image\":{\"@id\":\"https:\\\/\\\/tirinha.com\\\/#\\\/schema\\\/logo\\\/image\\\/\"}}]}<\/script>\n<!-- \/ Yoast SEO plugin. -->","yoast_head_json":{"title":"Conditions d&#039;utilisation - Tirinha.com","robots":{"index":"index","follow":"follow","max-snippet":"max-snippet:-1","max-image-preview":"max-image-preview:large","max-video-preview":"max-video-preview:-1"},"canonical":"https:\/\/tirinha.com\/fr\/conditions-dutilisation\/","og_locale":"fr_FR","og_type":"article","og_title":"Termos de uso - Tirinha.com","og_description":"1. Termos Ao acessar ao site https:\/\/tirinha.com\/, concorda em cumprir estes termos de servi\u00e7o, todas as leis e regulamentos aplic\u00e1veis &hellip;","og_url":"https:\/\/tirinha.com\/fr\/conditions-dutilisation\/","og_site_name":"Tirinha.com","article_modified_time":"2022-06-23T20:30:34+00:00","twitter_card":"summary_large_image","twitter_misc":{"Dur\u00e9e de lecture estim\u00e9e":"4 minutes"},"schema":{"@context":"https:\/\/schema.org","@graph":[{"@type":"WebPage","@id":"https:\/\/tirinha.com\/termos-de-uso\/","url":"https:\/\/tirinha.com\/termos-de-uso\/","name":"Conditions d&#039;utilisation - Tirinha.com","isPartOf":{"@id":"https:\/\/tirinha.com\/#website"},"datePublished":"2021-05-03T06:08:52+00:00","dateModified":"2022-06-23T20:30:34+00:00","breadcrumb":{"@id":"https:\/\/tirinha.com\/termos-de-uso\/#breadcrumb"},"inLanguage":"fr-FR","potentialAction":[{"@type":"ReadAction","target":["https:\/\/tirinha.com\/termos-de-uso\/"]}]},{"@type":"BreadcrumbList","@id":"https:\/\/tirinha.com\/termos-de-uso\/#breadcrumb","itemListElement":[{"@type":"ListItem","position":1,"name":"Home","item":"https:\/\/tirinha.com\/"},{"@type":"ListItem","position":2,"name":"Termos de uso"}]},{"@type":"WebSite","@id":"https:\/\/tirinha.com\/#website","url":"https:\/\/tirinha.com\/","name":"Tirinha.com","description":"Critiques d&#039;art et de livres","publisher":{"@id":"https:\/\/tirinha.com\/#organization"},"potentialAction":[{"@type":"SearchAction","target":{"@type":"EntryPoint","urlTemplate":"https:\/\/tirinha.com\/?s={search_term_string}"},"query-input":{"@type":"PropertyValueSpecification","valueRequired":true,"valueName":"search_term_string"}}],"inLanguage":"fr-FR"},{"@type":"Organization","@id":"https:\/\/tirinha.com\/#organization","name":"Tirinha.com","url":"https:\/\/tirinha.com\/","logo":{"@type":"ImageObject","inLanguage":"fr-FR","@id":"https:\/\/tirinha.com\/#\/schema\/logo\/image\/","url":"https:\/\/tirinha.com\/wp-content\/uploads\/2023\/08\/cropped-Logo-Tirinha.webp","contentUrl":"https:\/\/tirinha.com\/wp-content\/uploads\/2023\/08\/cropped-Logo-Tirinha.webp","width":512,"height":512,"caption":"Tirinha.com"},"image":{"@id":"https:\/\/tirinha.com\/#\/schema\/logo\/image\/"}}]}},"_links":{"self":[{"href":"https:\/\/tirinha.com\/fr\/wp-json\/wp\/v2\/pages\/216","targetHints":{"allow":["GET"]}}],"collection":[{"href":"https:\/\/tirinha.com\/fr\/wp-json\/wp\/v2\/pages"}],"about":[{"href":"https:\/\/tirinha.com\/fr\/wp-json\/wp\/v2\/types\/page"}],"author":[{"embeddable":true,"href":"https:\/\/tirinha.com\/fr\/wp-json\/wp\/v2\/users\/1"}],"replies":[{"embeddable":true,"href":"https:\/\/tirinha.com\/fr\/wp-json\/wp\/v2\/comments?post=216"}],"version-history":[{"count":0,"href":"https:\/\/tirinha.com\/fr\/wp-json\/wp\/v2\/pages\/216\/revisions"}],"wp:attachment":[{"href":"https:\/\/tirinha.com\/fr\/wp-json\/wp\/v2\/media?parent=216"}],"curies":[{"name":"wp","href":"https:\/\/api.w.org\/{rel}","templated":true}]}}