{"id":1655,"date":"2024-11-25T19:16:08","date_gmt":"2024-11-25T19:16:08","guid":{"rendered":"https:\/\/tirinha.com\/?page_id=1655"},"modified":"2024-11-28T19:47:39","modified_gmt":"2024-11-28T19:47:39","slug":"a-propos-de-nous","status":"publish","type":"page","link":"https:\/\/tirinha.com\/fr\/sobre-nos\/","title":{"rendered":"\u00c0 propos de nous"},"content":{"rendered":"<p> Bienvenue \u00e0 <strong>bande dessin\u00e9e<\/strong>!<\/p>\n\n\n\n<p>Ici, notre mission est simple : <strong>vous connecter \u00e0 l&#039;univers fascinant des livres et des curiosit\u00e9s<\/strong>. Que vous souhaitiez d\u00e9couvrir des histoires inspirantes, explorer des univers litt\u00e9raires ou simplement nourrir votre soif de connaissances insolites, Tirinha est votre espace.<\/p>\n\n\n\n<p>Nous aimons partager du contenu qui stimule l\u2019esprit et \u00e9veille l\u2019imagination. Nos articles sont destin\u00e9s \u00e0 tous les types de lecteurs\u00a0: des d\u00e9voreurs de pages aux curieux de service \u00e0 la recherche de quelque chose de nouveau \u00e0 apprendre.<\/p>\n\n\n\n<p>Chez Comic Book, chaque billet est une invitation au voyage \u00e0 travers des r\u00e9cits engageants et des curiosit\u00e9s surprenantes. Apr\u00e8s tout, nous pensons que la lecture et la connaissance sont des ponts qui nous relient au monde et les uns aux autres.<\/p>\n\n\n\n<p>Rejoignez-nous dans ce voyage plein d&#039;inspiration et de d\u00e9couverte. Car, au final, c\u2019est \u00e0 partir des \u00ab bandes \u00bb de la vie qu\u2019on construit les meilleures histoires !<\/p>","protected":false},"excerpt":{"rendered":"<p>Bienvenue sur Strip ! Ici, notre mission est simple : vous connecter \u00e0 l&#039;univers fascinant des livres et des curiosit\u00e9s. Que ce soit pour d\u00e9couvrir\u2026 <\/p>","protected":false},"author":1,"featured_media":0,"parent":0,"menu_order":0,"comment_status":"closed","ping_status":"closed","template":"","meta":{"footnotes":""},"class_list":["post-1655","page","type-page","status-publish","hentry","latest_post"],"yoast_head":"<!-- This site is optimized with the Yoast SEO plugin v27.3 - https:\/\/yoast.com\/product\/yoast-seo-wordpress\/ -->\n<title>Sobre N\u00f3s - Tirinha.com<\/title>\n<meta name=\"robots\" content=\"index, follow, max-snippet:-1, max-image-preview:large, max-video-preview:-1\" \/>\n<link rel=\"canonical\" href=\"https:\/\/tirinha.com\/fr\/a-propos-de-nous\/\" \/>\n<meta property=\"og:locale\" content=\"fr_FR\" \/>\n<meta property=\"og:type\" content=\"article\" \/>\n<meta property=\"og:title\" content=\"Sobre N\u00f3s - Tirinha.com\" \/>\n<meta property=\"og:description\" content=\"Bem-vindo ao Tirinha! Aqui, nossa miss\u00e3o \u00e9 simples: conectar voc\u00ea ao fascinante universo dos livros e curiosidades. Seja para descobrir &hellip;\" \/>\n<meta property=\"og:url\" content=\"https:\/\/tirinha.com\/fr\/a-propos-de-nous\/\" \/>\n<meta property=\"og:site_name\" content=\"Tirinha.com\" \/>\n<meta property=\"article:modified_time\" content=\"2024-11-28T19:47:39+00:00\" \/>\n<meta name=\"twitter:card\" content=\"summary_large_image\" \/>\n<meta name=\"twitter:label1\" content=\"Dur\u00e9e de lecture estim\u00e9e\" \/>\n\t<meta name=\"twitter:data1\" content=\"1 minute\" \/>\n<script type=\"application\/ld+json\" class=\"yoast-schema-graph\">{\"@context\":\"https:\\\/\\\/schema.org\",\"@graph\":[{\"@type\":\"WebPage\",\"@id\":\"https:\\\/\\\/tirinha.com\\\/sobre-nos\\\/\",\"url\":\"https:\\\/\\\/tirinha.com\\\/sobre-nos\\\/\",\"name\":\"Sobre N\u00f3s - Tirinha.com\",\"isPartOf\":{\"@id\":\"https:\\\/\\\/tirinha.com\\\/#website\"},\"datePublished\":\"2024-11-25T19:16:08+00:00\",\"dateModified\":\"2024-11-28T19:47:39+00:00\",\"breadcrumb\":{\"@id\":\"https:\\\/\\\/tirinha.com\\\/sobre-nos\\\/#breadcrumb\"},\"inLanguage\":\"fr-FR\",\"potentialAction\":[{\"@type\":\"ReadAction\",\"target\":[\"https:\\\/\\\/tirinha.com\\\/sobre-nos\\\/\"]}]},{\"@type\":\"BreadcrumbList\",\"@id\":\"https:\\\/\\\/tirinha.com\\\/sobre-nos\\\/#breadcrumb\",\"itemListElement\":[{\"@type\":\"ListItem\",\"position\":1,\"name\":\"Home\",\"item\":\"https:\\\/\\\/tirinha.com\\\/\"},{\"@type\":\"ListItem\",\"position\":2,\"name\":\"Sobre N\u00f3s\"}]},{\"@type\":\"WebSite\",\"@id\":\"https:\\\/\\\/tirinha.com\\\/#website\",\"url\":\"https:\\\/\\\/tirinha.com\\\/\",\"name\":\"Tirinha.com\",\"description\":\"Arte e livros resenhas\",\"publisher\":{\"@id\":\"https:\\\/\\\/tirinha.com\\\/#organization\"},\"potentialAction\":[{\"@type\":\"SearchAction\",\"target\":{\"@type\":\"EntryPoint\",\"urlTemplate\":\"https:\\\/\\\/tirinha.com\\\/?s={search_term_string}\"},\"query-input\":{\"@type\":\"PropertyValueSpecification\",\"valueRequired\":true,\"valueName\":\"search_term_string\"}}],\"inLanguage\":\"fr-FR\"},{\"@type\":\"Organization\",\"@id\":\"https:\\\/\\\/tirinha.com\\\/#organization\",\"name\":\"Tirinha.com\",\"url\":\"https:\\\/\\\/tirinha.com\\\/\",\"logo\":{\"@type\":\"ImageObject\",\"inLanguage\":\"fr-FR\",\"@id\":\"https:\\\/\\\/tirinha.com\\\/#\\\/schema\\\/logo\\\/image\\\/\",\"url\":\"https:\\\/\\\/tirinha.com\\\/wp-content\\\/uploads\\\/2023\\\/08\\\/cropped-Logo-Tirinha.webp\",\"contentUrl\":\"https:\\\/\\\/tirinha.com\\\/wp-content\\\/uploads\\\/2023\\\/08\\\/cropped-Logo-Tirinha.webp\",\"width\":512,\"height\":512,\"caption\":\"Tirinha.com\"},\"image\":{\"@id\":\"https:\\\/\\\/tirinha.com\\\/#\\\/schema\\\/logo\\\/image\\\/\"}}]}<\/script>\n<!-- \/ Yoast SEO plugin. -->","yoast_head_json":{"title":"\u00c0 propos de nous - Tirinha.com","robots":{"index":"index","follow":"follow","max-snippet":"max-snippet:-1","max-image-preview":"max-image-preview:large","max-video-preview":"max-video-preview:-1"},"canonical":"https:\/\/tirinha.com\/fr\/a-propos-de-nous\/","og_locale":"fr_FR","og_type":"article","og_title":"Sobre N\u00f3s - Tirinha.com","og_description":"Bem-vindo ao Tirinha! Aqui, nossa miss\u00e3o \u00e9 simples: conectar voc\u00ea ao fascinante universo dos livros e curiosidades. Seja para descobrir &hellip;","og_url":"https:\/\/tirinha.com\/fr\/a-propos-de-nous\/","og_site_name":"Tirinha.com","article_modified_time":"2024-11-28T19:47:39+00:00","twitter_card":"summary_large_image","twitter_misc":{"Dur\u00e9e de lecture estim\u00e9e":"1 minute"},"schema":{"@context":"https:\/\/schema.org","@graph":[{"@type":"WebPage","@id":"https:\/\/tirinha.com\/sobre-nos\/","url":"https:\/\/tirinha.com\/sobre-nos\/","name":"\u00c0 propos de nous - Tirinha.com","isPartOf":{"@id":"https:\/\/tirinha.com\/#website"},"datePublished":"2024-11-25T19:16:08+00:00","dateModified":"2024-11-28T19:47:39+00:00","breadcrumb":{"@id":"https:\/\/tirinha.com\/sobre-nos\/#breadcrumb"},"inLanguage":"fr-FR","potentialAction":[{"@type":"ReadAction","target":["https:\/\/tirinha.com\/sobre-nos\/"]}]},{"@type":"BreadcrumbList","@id":"https:\/\/tirinha.com\/sobre-nos\/#breadcrumb","itemListElement":[{"@type":"ListItem","position":1,"name":"Home","item":"https:\/\/tirinha.com\/"},{"@type":"ListItem","position":2,"name":"Sobre N\u00f3s"}]},{"@type":"WebSite","@id":"https:\/\/tirinha.com\/#website","url":"https:\/\/tirinha.com\/","name":"Tirinha.com","description":"Critiques d&#039;art et de livres","publisher":{"@id":"https:\/\/tirinha.com\/#organization"},"potentialAction":[{"@type":"SearchAction","target":{"@type":"EntryPoint","urlTemplate":"https:\/\/tirinha.com\/?s={search_term_string}"},"query-input":{"@type":"PropertyValueSpecification","valueRequired":true,"valueName":"search_term_string"}}],"inLanguage":"fr-FR"},{"@type":"Organization","@id":"https:\/\/tirinha.com\/#organization","name":"Tirinha.com","url":"https:\/\/tirinha.com\/","logo":{"@type":"ImageObject","inLanguage":"fr-FR","@id":"https:\/\/tirinha.com\/#\/schema\/logo\/image\/","url":"https:\/\/tirinha.com\/wp-content\/uploads\/2023\/08\/cropped-Logo-Tirinha.webp","contentUrl":"https:\/\/tirinha.com\/wp-content\/uploads\/2023\/08\/cropped-Logo-Tirinha.webp","width":512,"height":512,"caption":"Tirinha.com"},"image":{"@id":"https:\/\/tirinha.com\/#\/schema\/logo\/image\/"}}]}},"_links":{"self":[{"href":"https:\/\/tirinha.com\/fr\/wp-json\/wp\/v2\/pages\/1655","targetHints":{"allow":["GET"]}}],"collection":[{"href":"https:\/\/tirinha.com\/fr\/wp-json\/wp\/v2\/pages"}],"about":[{"href":"https:\/\/tirinha.com\/fr\/wp-json\/wp\/v2\/types\/page"}],"author":[{"embeddable":true,"href":"https:\/\/tirinha.com\/fr\/wp-json\/wp\/v2\/users\/1"}],"replies":[{"embeddable":true,"href":"https:\/\/tirinha.com\/fr\/wp-json\/wp\/v2\/comments?post=1655"}],"version-history":[{"count":0,"href":"https:\/\/tirinha.com\/fr\/wp-json\/wp\/v2\/pages\/1655\/revisions"}],"wp:attachment":[{"href":"https:\/\/tirinha.com\/fr\/wp-json\/wp\/v2\/media?parent=1655"}],"curies":[{"name":"wp","href":"https:\/\/api.w.org\/{rel}","templated":true}]}}