{"id":216,"date":"2021-05-03T06:08:52","date_gmt":"2021-05-03T06:08:52","guid":{"rendered":"https:\/\/tirinha.com\/?page_id=216"},"modified":"2022-06-23T20:30:34","modified_gmt":"2022-06-23T20:30:34","slug":"nutzungsbedingungen","status":"publish","type":"page","link":"https:\/\/tirinha.com\/de\/termos-de-uso\/","title":{"rendered":"Nutzungsbedingungen"},"content":{"rendered":"<h2>1. Bedingungen<\/h2>\n<p>Beim Zugriff auf die Website <a href=\"https:\/\/tirinha.com\/de\/\">https:\/\/tirinha.com\/<\/a>, erkl\u00e4ren Sie sich damit einverstanden, diese Nutzungsbedingungen sowie alle geltenden Gesetze und Vorschriften einzuhalten und stimmen zu, dass Sie f\u00fcr die Einhaltung aller geltenden lokalen Gesetze verantwortlich sind. Wenn Sie mit einer dieser Bedingungen nicht einverstanden sind, ist Ihnen die Nutzung oder der Zugriff auf diese Website untersagt. Die auf dieser Website enthaltenen Materialien sind durch geltende Urheberrechts- und Markengesetze gesch\u00fctzt.<\/p>\n<h2>2. Lizenznutzung<\/h2>\n<p>Es wird die Erlaubnis erteilt, vor\u00fcbergehend eine Kopie der Materialien (Informationen oder Software) auf https:\/\/tirinha.com\/ herunterzuladen, um sie ausschlie\u00dflich f\u00fcr den pers\u00f6nlichen, nichtkommerziellen vor\u00fcbergehenden Gebrauch anzusehen. Hierbei handelt es sich um die Gew\u00e4hrung einer Lizenz, nicht um eine Eigentums\u00fcbertragung, und im Rahmen dieser Lizenz ist es Ihnen nicht gestattet:<\/p>\n<ol>\n<li>die Materialien \u00e4ndern oder kopieren;<\/li>\n<li>die Materialien f\u00fcr kommerzielle Zwecke oder zur \u00f6ffentlichen Darstellung (kommerziell oder nichtkommerziell) verwenden;<\/li>\n<li>Versuchen Sie, die auf https:\/\/tirinha.com\/ enthaltene Software zu dekompilieren oder zur\u00fcckzuentwickeln.<\/li>\n<li>jegliche Urheberrechts- oder andere Eigentumsvermerke aus den Materialien entfernen; oder<\/li>\n<li>die Materialien an eine andere Person \u00fcbertragen oder die Materialien auf einem anderen Server \u201espiegeln\u201c.<\/li>\n<\/ol>\n<p>Diese Lizenz erlischt automatisch, wenn Sie gegen eine dieser Einschr\u00e4nkungen versto\u00dfen, und kann jederzeit von https:\/\/tirinha.com\/ gek\u00fcndigt werden. Wenn Sie die Anzeige dieser Materialien oder die Beendigung dieser Lizenz beenden, m\u00fcssen Sie alle in Ihrem Besitz befindlichen heruntergeladenen Materialien l\u00f6schen, sei es in elektronischer oder gedruckter Form.<\/p>\n<h2>3. Haftungsausschluss<\/h2>\n<ol>\n<li>Die Materialien auf der Website von https:\/\/tirinha.com\/ werden \u201ewie besehen\u201c bereitgestellt. https:\/\/tirinha.com\/ \u00fcbernimmt keine Garantien, weder ausdr\u00fccklich noch stillschweigend, und lehnt hiermit alle anderen Garantien ab und negiert sie, einschlie\u00dflich, aber nicht beschr\u00e4nkt auf stillschweigende Garantien oder Bedingungen der Marktg\u00e4ngigkeit, der Eignung f\u00fcr einen bestimmten Zweck oder der Nichtverletzung von geistigem Eigentum oder sonstige Rechtsverletzung.<\/li>\n<li>Dar\u00fcber hinaus \u00fcbernimmt https:\/\/tirinha.com\/ keine Gew\u00e4hrleistung oder Zusicherung hinsichtlich der Genauigkeit, der wahrscheinlichen Ergebnisse oder der Zuverl\u00e4ssigkeit der Verwendung der Materialien auf seiner Website oder anderweitig im Zusammenhang mit solchen Materialien oder auf mit dieser Website verlinkten Websites.<\/li>\n<\/ol>\n<h2>4. Einschr\u00e4nkungen<\/h2>\n<p>In keinem Fall haften https:\/\/tirinha.com\/ oder seine Lieferanten f\u00fcr Sch\u00e4den (einschlie\u00dflich, aber nicht beschr\u00e4nkt auf Sch\u00e4den aus Daten- oder Gewinnverlusten oder aufgrund von Gesch\u00e4ftsunterbrechungen), die sich aus der Nutzung oder Unm\u00f6glichkeit der Nutzung ergeben die Materialien auf https:\/\/tirinha.com\/, auch wenn https:\/\/tirinha.com\/ oder ein autorisierter Vertreter von https:\/\/tirinha.com\/ m\u00fcndlich oder schriftlich \u00fcber die M\u00f6glichkeit eines solchen Schadens informiert wurde. Da in einigen Gerichtsbarkeiten keine Beschr\u00e4nkungen stillschweigender Garantien oder Haftungsbeschr\u00e4nkungen f\u00fcr Folge- oder Nebensch\u00e4den zul\u00e4ssig sind, gelten diese Beschr\u00e4nkungen m\u00f6glicherweise nicht f\u00fcr Sie.<\/p>\n<h2>5. Pr\u00e4zision der Materialien<\/h2>\n<p>Die auf der Website von https:\/\/tirinha.com\/ erscheinenden Materialien k\u00f6nnen technische, typografische oder fotografische Fehler enthalten. https:\/\/tirinha.com\/ \u00fcbernimmt keine Garantie daf\u00fcr, dass die Materialien auf seiner Website korrekt, vollst\u00e4ndig oder aktuell sind. https:\/\/tirinha.com\/ kann jederzeit und ohne Vorank\u00fcndigung \u00c4nderungen an den auf seiner Website enthaltenen Materialien vornehmen. https:\/\/tirinha.com\/ \u00fcbernimmt jedoch keine Verpflichtung zur Aktualisierung der Materialien.<\/p>\n<h2>6. Links<\/h2>\n<p>https:\/\/tirinha.com\/ hat nicht alle mit seiner Website verlinkten Websites \u00fcberpr\u00fcft und ist nicht f\u00fcr den Inhalt der verlinkten Websites verantwortlich. Die Aufnahme eines Links bedeutet nicht, dass https:\/\/tirinha.com\/ die Website bef\u00fcrwortet. Die Nutzung der verlinkten Seiten erfolgt auf eigene Gefahr des Nutzers.<\/p>\n<h3>\u00c4nderungen<\/h3>\n<p>https:\/\/tirinha.com\/ kann diese Nutzungsbedingungen f\u00fcr seine Website jederzeit und ohne Vorank\u00fcndigung \u00e4ndern. Durch die Nutzung dieser Website erkl\u00e4ren Sie sich mit der aktuellen Version dieser Nutzungsbedingungen einverstanden.<\/p>\n<h3>Anwendbares Recht<\/h3>\n<p>Diese Allgemeinen Gesch\u00e4ftsbedingungen unterliegen den Gesetzen von https:\/\/tirinha.com\/ und werden in \u00dcbereinstimmung mit diesen ausgelegt. Sie unterwerfen sich unwiderruflich der ausschlie\u00dflichen Zust\u00e4ndigkeit der Gerichte in diesem Staat oder Standort.<\/p>","protected":false},"excerpt":{"rendered":"<p>1. Bedingungen Durch den Zugriff auf die Website https:\/\/tirinha.com\/ erkl\u00e4ren Sie sich damit einverstanden, diese Nutzungsbedingungen sowie alle geltenden Gesetze und Vorschriften einzuhalten. <\/p>","protected":false},"author":1,"featured_media":0,"parent":0,"menu_order":0,"comment_status":"closed","ping_status":"closed","template":"","meta":{"footnotes":""},"class_list":["post-216","page","type-page","status-publish","hentry","latest_post"],"yoast_head":"<!-- This site is optimized with the Yoast SEO plugin v27.3 - https:\/\/yoast.com\/product\/yoast-seo-wordpress\/ -->\n<title>Termos de uso - Tirinha.com<\/title>\n<meta name=\"robots\" content=\"index, follow, max-snippet:-1, max-image-preview:large, max-video-preview:-1\" \/>\n<link rel=\"canonical\" href=\"https:\/\/tirinha.com\/de\/nutzungsbedingungen\/\" \/>\n<meta property=\"og:locale\" content=\"de_DE\" \/>\n<meta property=\"og:type\" content=\"article\" \/>\n<meta property=\"og:title\" content=\"Termos de uso - Tirinha.com\" \/>\n<meta property=\"og:description\" content=\"1. Termos Ao acessar ao site https:\/\/tirinha.com\/, concorda em cumprir estes termos de servi\u00e7o, todas as leis e regulamentos aplic\u00e1veis &hellip;\" \/>\n<meta property=\"og:url\" content=\"https:\/\/tirinha.com\/de\/nutzungsbedingungen\/\" \/>\n<meta property=\"og:site_name\" content=\"Tirinha.com\" \/>\n<meta property=\"article:modified_time\" content=\"2022-06-23T20:30:34+00:00\" \/>\n<meta name=\"twitter:card\" content=\"summary_large_image\" \/>\n<meta name=\"twitter:label1\" content=\"Gesch\u00e4tzte Lesezeit\" \/>\n\t<meta name=\"twitter:data1\" content=\"4\u00a0Minuten\" \/>\n<script type=\"application\/ld+json\" class=\"yoast-schema-graph\">{\"@context\":\"https:\\\/\\\/schema.org\",\"@graph\":[{\"@type\":\"WebPage\",\"@id\":\"https:\\\/\\\/tirinha.com\\\/termos-de-uso\\\/\",\"url\":\"https:\\\/\\\/tirinha.com\\\/termos-de-uso\\\/\",\"name\":\"Termos de uso - Tirinha.com\",\"isPartOf\":{\"@id\":\"https:\\\/\\\/tirinha.com\\\/#website\"},\"datePublished\":\"2021-05-03T06:08:52+00:00\",\"dateModified\":\"2022-06-23T20:30:34+00:00\",\"breadcrumb\":{\"@id\":\"https:\\\/\\\/tirinha.com\\\/termos-de-uso\\\/#breadcrumb\"},\"inLanguage\":\"de\",\"potentialAction\":[{\"@type\":\"ReadAction\",\"target\":[\"https:\\\/\\\/tirinha.com\\\/termos-de-uso\\\/\"]}]},{\"@type\":\"BreadcrumbList\",\"@id\":\"https:\\\/\\\/tirinha.com\\\/termos-de-uso\\\/#breadcrumb\",\"itemListElement\":[{\"@type\":\"ListItem\",\"position\":1,\"name\":\"Home\",\"item\":\"https:\\\/\\\/tirinha.com\\\/\"},{\"@type\":\"ListItem\",\"position\":2,\"name\":\"Termos de uso\"}]},{\"@type\":\"WebSite\",\"@id\":\"https:\\\/\\\/tirinha.com\\\/#website\",\"url\":\"https:\\\/\\\/tirinha.com\\\/\",\"name\":\"Tirinha.com\",\"description\":\"Arte e livros resenhas\",\"publisher\":{\"@id\":\"https:\\\/\\\/tirinha.com\\\/#organization\"},\"potentialAction\":[{\"@type\":\"SearchAction\",\"target\":{\"@type\":\"EntryPoint\",\"urlTemplate\":\"https:\\\/\\\/tirinha.com\\\/?s={search_term_string}\"},\"query-input\":{\"@type\":\"PropertyValueSpecification\",\"valueRequired\":true,\"valueName\":\"search_term_string\"}}],\"inLanguage\":\"de\"},{\"@type\":\"Organization\",\"@id\":\"https:\\\/\\\/tirinha.com\\\/#organization\",\"name\":\"Tirinha.com\",\"url\":\"https:\\\/\\\/tirinha.com\\\/\",\"logo\":{\"@type\":\"ImageObject\",\"inLanguage\":\"de\",\"@id\":\"https:\\\/\\\/tirinha.com\\\/#\\\/schema\\\/logo\\\/image\\\/\",\"url\":\"https:\\\/\\\/tirinha.com\\\/wp-content\\\/uploads\\\/2023\\\/08\\\/cropped-Logo-Tirinha.webp\",\"contentUrl\":\"https:\\\/\\\/tirinha.com\\\/wp-content\\\/uploads\\\/2023\\\/08\\\/cropped-Logo-Tirinha.webp\",\"width\":512,\"height\":512,\"caption\":\"Tirinha.com\"},\"image\":{\"@id\":\"https:\\\/\\\/tirinha.com\\\/#\\\/schema\\\/logo\\\/image\\\/\"}}]}<\/script>\n<!-- \/ Yoast SEO plugin. -->","yoast_head_json":{"title":"Nutzungsbedingungen - Tirinha.com","robots":{"index":"index","follow":"follow","max-snippet":"max-snippet:-1","max-image-preview":"max-image-preview:large","max-video-preview":"max-video-preview:-1"},"canonical":"https:\/\/tirinha.com\/de\/nutzungsbedingungen\/","og_locale":"de_DE","og_type":"article","og_title":"Termos de uso - Tirinha.com","og_description":"1. Termos Ao acessar ao site https:\/\/tirinha.com\/, concorda em cumprir estes termos de servi\u00e7o, todas as leis e regulamentos aplic\u00e1veis &hellip;","og_url":"https:\/\/tirinha.com\/de\/nutzungsbedingungen\/","og_site_name":"Tirinha.com","article_modified_time":"2022-06-23T20:30:34+00:00","twitter_card":"summary_large_image","twitter_misc":{"Gesch\u00e4tzte Lesezeit":"4\u00a0Minuten"},"schema":{"@context":"https:\/\/schema.org","@graph":[{"@type":"WebPage","@id":"https:\/\/tirinha.com\/termos-de-uso\/","url":"https:\/\/tirinha.com\/termos-de-uso\/","name":"Nutzungsbedingungen - Tirinha.com","isPartOf":{"@id":"https:\/\/tirinha.com\/#website"},"datePublished":"2021-05-03T06:08:52+00:00","dateModified":"2022-06-23T20:30:34+00:00","breadcrumb":{"@id":"https:\/\/tirinha.com\/termos-de-uso\/#breadcrumb"},"inLanguage":"de","potentialAction":[{"@type":"ReadAction","target":["https:\/\/tirinha.com\/termos-de-uso\/"]}]},{"@type":"BreadcrumbList","@id":"https:\/\/tirinha.com\/termos-de-uso\/#breadcrumb","itemListElement":[{"@type":"ListItem","position":1,"name":"Home","item":"https:\/\/tirinha.com\/"},{"@type":"ListItem","position":2,"name":"Termos de uso"}]},{"@type":"WebSite","@id":"https:\/\/tirinha.com\/#website","url":"https:\/\/tirinha.com\/","name":"Tirinha.com","description":"Kunst- und Buchrezensionen","publisher":{"@id":"https:\/\/tirinha.com\/#organization"},"potentialAction":[{"@type":"SearchAction","target":{"@type":"EntryPoint","urlTemplate":"https:\/\/tirinha.com\/?s={search_term_string}"},"query-input":{"@type":"PropertyValueSpecification","valueRequired":true,"valueName":"search_term_string"}}],"inLanguage":"de"},{"@type":"Organization","@id":"https:\/\/tirinha.com\/#organization","name":"Tirinha.com","url":"https:\/\/tirinha.com\/","logo":{"@type":"ImageObject","inLanguage":"de","@id":"https:\/\/tirinha.com\/#\/schema\/logo\/image\/","url":"https:\/\/tirinha.com\/wp-content\/uploads\/2023\/08\/cropped-Logo-Tirinha.webp","contentUrl":"https:\/\/tirinha.com\/wp-content\/uploads\/2023\/08\/cropped-Logo-Tirinha.webp","width":512,"height":512,"caption":"Tirinha.com"},"image":{"@id":"https:\/\/tirinha.com\/#\/schema\/logo\/image\/"}}]}},"_links":{"self":[{"href":"https:\/\/tirinha.com\/de\/wp-json\/wp\/v2\/pages\/216","targetHints":{"allow":["GET"]}}],"collection":[{"href":"https:\/\/tirinha.com\/de\/wp-json\/wp\/v2\/pages"}],"about":[{"href":"https:\/\/tirinha.com\/de\/wp-json\/wp\/v2\/types\/page"}],"author":[{"embeddable":true,"href":"https:\/\/tirinha.com\/de\/wp-json\/wp\/v2\/users\/1"}],"replies":[{"embeddable":true,"href":"https:\/\/tirinha.com\/de\/wp-json\/wp\/v2\/comments?post=216"}],"version-history":[{"count":0,"href":"https:\/\/tirinha.com\/de\/wp-json\/wp\/v2\/pages\/216\/revisions"}],"wp:attachment":[{"href":"https:\/\/tirinha.com\/de\/wp-json\/wp\/v2\/media?parent=216"}],"curies":[{"name":"wp","href":"https:\/\/api.w.org\/{rel}","templated":true}]}}